{"id":1033,"date":"2020-04-14T16:21:37","date_gmt":"2020-04-14T16:21:37","guid":{"rendered":"http:\/\/floriogmbh.wpengine.com\/?page_id=1033"},"modified":"2023-07-26T14:17:27","modified_gmt":"2023-07-26T14:17:27","slug":"data-policy","status":"publish","type":"page","link":"https:\/\/florio-haemo.com\/sv\/data-policy\/","title":{"rendered":"Data Policy"},"content":{"rendered":"<div class=\"fusion-fullwidth fullwidth-box fusion-builder-row-1 nonhundred-percent-fullwidth non-hundred-percent-height-scrolling\"  style='background-color: rgba(255,255,255,0);background-position: center center;background-repeat: no-repeat;padding-top:0px;padding-right:0px;padding-bottom:0px;padding-left:0px;'><div class=\"fusion-builder-row fusion-row\"><div  class=\"fusion-layout-column fusion_builder_column fusion_builder_column_1_1 fusion-builder-column-0 fusion-one-full fusion-column-first fusion-column-last 1_1\"  style='margin-top:15px;margin-bottom:15px;'><div class=\"fusion-column-wrapper\" style=\"padding: 0px 0px 0px 0px;background-position:left top;background-repeat:no-repeat;-webkit-background-size:cover;-moz-background-size:cover;-o-background-size:cover;background-size:cover;\"   data-bg-url=\"\"><div class=\"fusion-text\"><h2><h2>Sekretesspolicy f\u00f6r Florios webbplats<\/h2><\/h2>\n<p><strong><strong>\u00a7 1 Information om insamling och behandling av personuppgifter samt identifiering av den som tillhandah\u00e5ller dem<\/strong><\/strong><\/p>\n<p>(1) Dataskydd \u00e4r en viktig fr\u00e5ga f\u00f6r Florio GmbH. Behandlingen av kunduppgifter genomf\u00f6rs d\u00e4rf\u00f6r endast i enlighet med till\u00e4mpliga uppgiftsskyddsf\u00f6rordningar (t.ex. DSGVO, BDSG-neu).<\/p>\n<p>(2) H\u00e4r informerar vi om insamling av personuppgifter n\u00e4r du anv\u00e4nder denna webbplats. Personuppgifter \u00e4r all information om en identifierbar eller identifierad person, t.ex. namn, adresser, telefonnummer, anv\u00e4ndarbeteende.<\/p>\n<p>(3) Vi behandlar inte n\u00e5gra personuppgifter n\u00e4r du anv\u00e4nder webbplatsen f\u00f6rutom de som samlas in automatiskt av webbplatsen (se \u00a7 4).<\/p>\n<p>(4) Uppgiftsansvarig enligt Artikel 4, Avsnitt 7 i DSGVO \u00e4r Florio GmbH, Wilhelm-Wagenfeld-Str. 22, 80807 M\u00fcnchen, Tyskland.<\/p>\n<p><strong><strong>\u00a7 2 Dina r\u00e4ttigheter och hur du ut\u00f6var dem<\/strong><\/strong><\/p>\n<p>(1) P\u00e5 beg\u00e4ran informerar vi dig skriftligen i enlighet med till\u00e4mplig lag om vi lagrar n\u00e5gra personuppgifter, och i s\u00e5 fall vilka. Du har r\u00e4tt att f\u00e5 felaktiga uppgifter r\u00e4ttade och komplettera uppgifter som inte \u00e4r fullst\u00e4ndiga beroende p\u00e5 syftet med behandlingen.<\/p>\n<p>(2) Du har \u00e4ven r\u00e4tt att beg\u00e4ra att behandlingen av dina uppgifter begr\u00e4nsas, f\u00f6rutsatt att de lagligt f\u00f6reskrivna villkoren g\u00e4ller. D\u00e4rut\u00f6ver har du r\u00e4tt att f\u00e5 tillg\u00e5ng till de uppgifter du tillhandah\u00e5ller i ett strukturerat, vanligt f\u00f6rekommande och maskinl\u00e4sbart format. Du kan \u00e4ven mots\u00e4tta dig att vi behandlar dina personuppgifter.<\/p>\n<p>(3) Om behandlingen av dina uppgifter g\u00f6rs med ditt samtycke har du r\u00e4tt att \u00e5terkalla ditt samtycke n\u00e4r som helst. Lagligheten i behandlingen av dina uppgifter innan du \u00e5terkallade ditt samtycke p\u00e5verkas inte.<\/p>\n<p>(4) Dessutom, med f\u00f6rbeh\u00e5ll f\u00f6r de lagstadgade best\u00e4mmelserna, har du r\u00e4tt att, om det f\u00f6religger r\u00e4ttm\u00e4tiga sk\u00e4l, beg\u00e4ra att dina uppgifter raderas. Vi lagrar endast dina uppgifter s\u00e5 l\u00e4nge som kr\u00e4vs f\u00f6r att uppfylla de syften som anges i den h\u00e4r Sekretesspolicyn eller enligt den tidsperiod som du har samtyckt till separat. N\u00e4r motsvarande lagringsperiod har passerat, i synnerhet n\u00e4r anv\u00e4ndningsf\u00f6rh\u00e5llandet med dig har upph\u00f6rt, raderar vi dina uppgifter i enlighet med v\u00e5ra allm\u00e4nna raderingsf\u00f6rfaranden, s\u00e5vida inte lagstadgade kvarh\u00e5llningsskyldigheter (s\u00e4rskilt de avseende handels- och skatter\u00e4ttsliga best\u00e4mmelser) f\u00f6rhindrar detta eller om en f\u00f6rl\u00e4ngd lagring \u00e4r n\u00f6dv\u00e4ndig i det enskilda fallet f\u00f6r \u00e4ndam\u00e5l som r\u00f6r v\u00e5rt ber\u00e4ttigade intresse (intresse av att fullf\u00f6lja v\u00e5ra juridiska skyldigheter och behandla uppgifter f\u00f6r att skapa, ut\u00f6va eller f\u00f6rsvara juridiska anspr\u00e5k). D\u00e4rtill raderar vi uppgifterna om behandlingen var olaglig av anledningar ok\u00e4nda f\u00f6r oss eller om du har motsatt dig behandlingen och det inte finns n\u00e5gra \u00f6verv\u00e4gande legitima intressen f\u00f6r behandlingen. Dina uppgifter raderas ocks\u00e5 om vi \u00e4r juridiskt skyldiga att g\u00f6ra det. Dessutom har v\u00e5rt f\u00f6retag implementerat tekniska \u00e5tg\u00e4rder f\u00f6r att informera alla dina uppgiftsmottagare om din beg\u00e4ran att radera eller r\u00e4tta dem. Detta g\u00e4ller endast om vi har utl\u00e4mnat uppgifterna eller gjort dem offentliga. Alla l\u00e4nkar, kopior och replikeringar av dina personuppgifter raderas.<\/p>\n<p>(5) You can contact our data protection officer at any time using the contact details below:<\/p>\n\n<p>Uppgiftsskyddsombud<br \/>\nFlorio GmbH<br \/>\nWilhelm-Wagenfeld-Str. 22<br \/>\n80807 M\u00fcnchen <a href=\"mailto:katherine@mirkwoodevansvincent.com\">&nbsp;<\/a><br \/>\nTyskland<\/p>\n<p>(6) Utan hinder av andra best\u00e4mmelser har du \u00e4ven r\u00e4tt till att l\u00e4mna in ett klagom\u00e5l till en tillsynsmyndighet, till exempel i ditt hemland.<\/p>\n<p>Tillsynsmyndigheten som ansvarar f\u00f6r v\u00e5rt f\u00f6retag \u00e4r:<\/p>\n<p>Landesamt f\u00fcr Datenschutzaufsicht, Promenade 27 (Schloss), 91522 Ansbach, Tyskland Webb: http:\/\/www.lda.bayern.de<\/p>\n<p>(7) Alla beg\u00e4randen om information, utl\u00e4mnande, radering eller om du mots\u00e4tter dig behandling ska skickas via e-post till privacy@florio.app eller till adressen som anges i \u00a7 1 (3).<\/p>\n<p><strong><strong>\u00a7 3 Datas\u00e4kerhet<\/strong><\/strong><\/p>\n<p>Vi vidtar rimliga \u00e5tg\u00e4rder f\u00f6r att skydda dina uppgifter mot f\u00f6rlust, missbruk, otill\u00e5ten \u00e5tkomst, utl\u00e4mning, \u00e4ndring eller obeh\u00f6rig radering genom att vidta s\u00e4kerhets\u00e5tg\u00e4rder som tillhandah\u00e5ller standardskydd f\u00f6r branschen.<\/p>\n<p><strong><strong>\u00a7 4 Protokolluppgifter<\/strong><\/strong><\/p>\n<p>(1) Vi samlar inte in n\u00e5gra personuppgifter n\u00e4r du anv\u00e4nder webbplatsen, med undantag f\u00f6r uppgifter som din webbl\u00e4sare automatiskt \u00f6verf\u00f6r till v\u00e5rt f\u00f6retags webbserver av tekniska sk\u00e4l (h\u00e4danefter kallat \u201dprotokolluppgifter\u201d), och vilka v\u00e5rt f\u00f6retag registrerar i loggfiler f\u00f6r att du ska kunna bes\u00f6ka webbplatsen.<\/p>\n<p>Dessa \u00e4r:<\/p>\n<p>\u2022 IP-adress;<\/p>\n<p>\u2022 Webbadress f\u00f6r den h\u00e4nvisande webbplatsen;<\/p>\n<p>\u2022 Datum och tid f\u00f6r \u00e5tkomst;<\/p>\n<p>\u2022 Fil som koms \u00e5t;<\/p>\n<p>\u2022 Dom\u00e4nnamn f\u00f6r internetleverant\u00f6ren;<\/p>\n<p>\u2022 Inneh\u00e5llet i beg\u00e4ran (konkret sida);<\/p>\n<p>\u2022 \u00c5tkomststatus\/HTTP-statuskod;<\/p>\n<p>\u2022 M\u00e4ngden uppgifter som \u00f6verf\u00f6rs vid varje tillf\u00e4lle;<\/p>\n<p>\u2022 Webbplatsen som skickar beg\u00e4ran;<\/p>\n<p>\u2022 Webbl\u00e4sartyp och -version;<\/p>\n<p>\u2022 Operativsystem och gr\u00e4nssnitt;<\/p>\n<p>\u2022 Webbl\u00e4sarprogramvarans spr\u00e5k och version.<\/p>\n<p>(2) Det h\u00e4r \u00e4r uteslutande information som inte m\u00f6jligg\u00f6r n\u00e5gra slutsatser om den fysiska personen. Protokolluppgifter kr\u00e4vs rent tekniskt f\u00f6r att visa inneh\u00e5llet som du vill komma \u00e5t p\u00e5 webbplatsen och \u00e4r obligatoriska n\u00e4r du anv\u00e4nder interneterbjudanden. Logguppgifterna utv\u00e4rderas endast f\u00f6r statistiska \u00e4ndam\u00e5l f\u00f6r att optimera v\u00e5rt f\u00f6retags internetn\u00e4rvaro och tekniken bakom den. Uppgifterna raderas n\u00e4r de inte beh\u00f6vs l\u00e4ngre.<\/p>\n<p>(3) Protokollkuppgifterna lagras avskilt fr\u00e5n andra uppgifter som samlas in av v\u00e5rt f\u00f6retag under anv\u00e4ndning.<\/p>\n<p><strong><strong>\u00a7 5 Cookies<\/strong><\/strong><\/p>\n<p>(1) Som med m\u00e5nga andra webbplatser samlar \u00e4ven vi in s\u00e5 kallade \u201dcookies\u201d. Cookies \u00e4r sm\u00e5 textfiler som \u00f6verf\u00f6rs till din h\u00e5rddisk fr\u00e5n en webbplatsserver. Med cookies f\u00e5r v\u00e5rt f\u00f6retag vissa uppgifter automatiskt, till exempel IP-adress samt uppgifter om webbl\u00e4sare och operativsystem, via din dator och din internetanslutning. Se v\u00e5r Cookiepolicy f\u00f6r mer information om v\u00e5r anv\u00e4ndning av cookies.<\/p>\n<p>(2) Du kan bes\u00f6ka v\u00e5r webbplats utan cookies. Webbl\u00e4sare \u00e4r normalt inst\u00e4llda p\u00e5 att acceptera cookies. Du kan inaktivera anv\u00e4ndning av cookies n\u00e4r som helst i inst\u00e4llningarna f\u00f6r din webbl\u00e4sare. Om du inaktiverar cookies kan vissa funktioner p\u00e5 webbplatsen sluta fungera.<\/p>\n<p><strong><strong>\u00a7 6 Syftet med behandling av uppgifter<\/strong><\/strong><\/p>\n<p>(1) Ovan n\u00e4mnda personuppgifter (se \u00a7 1 (3)) behandlas av oss, om du tillhandah\u00e5ller dem, i f\u00f6ljande syften:<\/p>\n<p>\u2022 F\u00f6r att f\u00f6rb\u00e4ttra v\u00e5ra tj\u00e4nster<\/p>\n<p>\u2022 F\u00f6r att f\u00f6lja lokala lagar, till exempel skapa, ut\u00f6va eller f\u00f6rsvara juridiska anspr\u00e5k<\/p>\n<p>\u2022 I administrativt och kvalitetss\u00e4krande syfte<\/p>\n<p>\u2022 F\u00f6r andra syften som kan beskrivas p\u00e5 webbplatsen eller i mobilappen eller som p\u00e5 annat s\u00e4tt \u00f6verenskommits mellan oss<\/p>\n<p>(2) Behandlingen av personuppgifter kr\u00e4vs i syfte att uppn\u00e5 ovan n\u00e4mnda \u00e4ndam\u00e5l. Vi anv\u00e4nder inte dina personuppgifter i marknadsf\u00f6ringssyfte om du inte uttryckligen har samtyckt till detta. Den r\u00e4ttsliga grunden f\u00f6r behandling av uppgifter \u00e4r \u2013 om inte annat uttryckligen har angetts \u2013 Artikel 6 (1) (b) och (f) i den grundl\u00e4ggande uppgiftsskyddsf\u00f6rordningen (Datenschutzgrundverordnung, DSGVO) eller ditt uttryckligt givna samtycke enligt Artikel 6 (1) (a) i den grundl\u00e4ggande uppgiftsskyddsf\u00f6rordningen.<\/p>\n<p>(3) Om ovan n\u00e4mnda uppgifter ska behandlas f\u00f6r ett syfte annat \u00e4n ursprungssyftet f\u00f6r insamling, meddelas du om detta innan ytterligare behandling. P\u00e5 det s\u00e4ttet har du m\u00f6jlighet att mots\u00e4tta dig behandling av dina uppgifter i annat syfte.<\/p>\n<p><strong><strong>\u00a7 7 Dela uppgifter<\/strong><\/strong><\/p>\n<p>(1) Alla uppgifter som du skickar till oss behandlas konfidentiellt. Vi s\u00e4ljer inte dina personuppgifter till tredje part eller marknadsf\u00f6r dem p\u00e5 n\u00e5got annat s\u00e4tt.<\/p>\n<p>(2) Av principsk\u00e4l g\u00f6rs dina uppgifter inte tillg\u00e4ngliga f\u00f6r tredje part om du inte har gett ditt samtycke till det eller om vi av r\u00e4ttsliga sk\u00e4l har r\u00e4tt till och\/eller m\u00e5ste skicka vidare dina uppgifter.<\/p>\n<p>(3) Vi skickar personuppgifter till domstolar, skattemyndigheter och tillsynsmyndigheter i den utstr\u00e4ckning som det \u00e4r n\u00f6dv\u00e4ndigt enligt lag f\u00f6r att uppfylla till\u00e4mpliga lagar eller f\u00f6r att skapa, ut\u00f6va eller f\u00f6rsvara r\u00e4ttsliga anspr\u00e5k. Vi vidtar alla till\u00e4mpliga \u00e5tg\u00e4rder f\u00f6r att se till att l\u00e4mpliga och rimliga skydds\u00e5tg\u00e4rder anv\u00e4nds f\u00f6r att skydda dina personuppgifter.<\/p>\n<p><strong><strong>\u00a7 8 Lagringsperiod<\/strong><\/strong><\/p>\n<p>Om inte n\u00e5gon uttrycklig lagringsperiod anges vid tiden f\u00f6r insamling (t.ex. som en del av en f\u00f6rklaring om samtycke) raderas personuppgifterna n\u00e4r de inte l\u00e4ngre kr\u00e4vs f\u00f6r att uppfylla syftet f\u00f6r lagring, s\u00e5tillvida inte lagstadgade lagringsskyldigheter (t.ex. handels- och skatter\u00e4ttsliga best\u00e4mmelser) f\u00f6rhindrar radering.<\/p>\n<p><strong><strong>\u00a7 9 Anv\u00e4ndning av Google Analytics<\/strong><\/strong><\/p>\n<p>(1) V\u00e5r webbplats anv\u00e4nder Google Analytics. Du m\u00e5ste ge ditt godk\u00e4nnande genom att registrera dig och samtycka till anv\u00e4ndningen av Google Analytics. Du kan mots\u00e4tta dig insamling och lagring av uppgifter av Google Analytics n\u00e4r som helst, men inte med retroaktiv verkan. \u00c5terkallelsen m\u00e5ste skickas till privacy@florio.app.<\/p>\n<p>(2) V\u00e5rt f\u00f6retag anv\u00e4nder Google Analytics f\u00f6r att samla in anv\u00e4ndningsuppgifter och f\u00f6r att skapa anv\u00e4ndningsprofiler. Informationen om anv\u00e4ndning av v\u00e5rt f\u00f6retags webbplats skickas till servrar som tillh\u00f6r Google Inc. p\u00e5 adressen 1600 Amphitheatre Parkway, Mountain View, CA 94043, i USA. Informationen utv\u00e4rderas och skickas vidare till v\u00e5rt f\u00f6retag som kumulativa uppgifter avseende trender i generell anv\u00e4ndning av webbplatsen. Google anv\u00e4nder den h\u00e4r informationen f\u00f6r att utv\u00e4rdera din anv\u00e4ndning av webbplatsen, sammanst\u00e4lla rapporter om aktivitet p\u00e5 webbplatsen f\u00f6r webbplatsoperat\u00f6rer och tillhandah\u00e5lla andra tj\u00e4nster i anknytning till aktiviteten p\u00e5 webbplatsen och internetanv\u00e4ndningen.<\/p>\n<p>(3) Google kan ocks\u00e5 \u00f6verf\u00f6ra den h\u00e4r informationen till tredje part d\u00e4r det kr\u00e4vs enligt lag eller om s\u00e5dan tredje part behandlar informationen \u00e5t Google. Google kopplar inte din IP-adress till andra uppgifter som Google innehar. Du kan v\u00e4lja att inte anv\u00e4nda cookies i inst\u00e4llningarna i din webbl\u00e4sare, men t\u00e4nk p\u00e5 att om du g\u00f6r det kanske du inte kan anv\u00e4nda alla funktioner p\u00e5 webbplatsen.<\/p>\n<p>(4) Du hittar ytterligare information om Google Analytics dataskydd h\u00e4r: http:\/\/tools.google.com\/dlpage\/gaoptout?hl=de.<\/p>\n<\/div><div class=\"fusion-clearfix\"><\/div><\/div><\/div><\/div><\/div><style type=\"text\/css\">.fusion-fullwidth.fusion-builder-row-1 a:not(.fusion-button):not(.fusion-builder-module-control):not(.fusion-social-network-icon):not(.fb-icon-element):not(.fusion-countdown-link):not(.fusion-rollover-link):not(.fusion-rollover-gallery):not(.fusion-button-bar):not(.add_to_cart_button):not(.show_details_button):not(.product_type_external):not(.fusion-quick-view):not(.fusion-rollover-title-link):not(.fusion-breadcrumb-link) , .fusion-fullwidth.fusion-builder-row-1 a:not(.fusion-button):not(.fusion-builder-module-control):not(.fusion-social-network-icon):not(.fb-icon-element):not(.fusion-countdown-link):not(.fusion-rollover-link):not(.fusion-rollover-gallery):not(.fusion-button-bar):not(.add_to_cart_button):not(.show_details_button):not(.product_type_external):not(.fusion-quick-view):not(.fusion-rollover-title-link):not(.fusion-breadcrumb-link):before, .fusion-fullwidth.fusion-builder-row-1 a:not(.fusion-button):not(.fusion-builder-module-control):not(.fusion-social-network-icon):not(.fb-icon-element):not(.fusion-countdown-link):not(.fusion-rollover-link):not(.fusion-rollover-gallery):not(.fusion-button-bar):not(.add_to_cart_button):not(.show_details_button):not(.product_type_external):not(.fusion-quick-view):not(.fusion-rollover-title-link):not(.fusion-breadcrumb-link):after {color: #5453bf;}.fusion-fullwidth.fusion-builder-row-1 a:not(.fusion-button):not(.fusion-builder-module-control):not(.fusion-social-network-icon):not(.fb-icon-element):not(.fusion-countdown-link):not(.fusion-rollover-link):not(.fusion-rollover-gallery):not(.fusion-button-bar):not(.add_to_cart_button):not(.show_details_button):not(.product_type_external):not(.fusion-quick-view):not(.fusion-rollover-title-link):not(.fusion-breadcrumb-link):hover, .fusion-fullwidth.fusion-builder-row-1 a:not(.fusion-button):not(.fusion-builder-module-control):not(.fusion-social-network-icon):not(.fb-icon-element):not(.fusion-countdown-link):not(.fusion-rollover-link):not(.fusion-rollover-gallery):not(.fusion-button-bar):not(.add_to_cart_button):not(.show_details_button):not(.product_type_external):not(.fusion-quick-view):not(.fusion-rollover-title-link):not(.fusion-breadcrumb-link):hover:before, .fusion-fullwidth.fusion-builder-row-1 a:not(.fusion-button):not(.fusion-builder-module-control):not(.fusion-social-network-icon):not(.fb-icon-element):not(.fusion-countdown-link):not(.fusion-rollover-link):not(.fusion-rollover-gallery):not(.fusion-button-bar):not(.add_to_cart_button):not(.show_details_button):not(.product_type_external):not(.fusion-quick-view):not(.fusion-rollover-title-link):not(.fusion-breadcrumb-link):hover:after {color: #35baf2;}.fusion-fullwidth.fusion-builder-row-1 .pagination a.inactive:hover, .fusion-fullwidth.fusion-builder-row-1 .fusion-filters .fusion-filter.fusion-active a {border-color: #35baf2;}.fusion-fullwidth.fusion-builder-row-1 .pagination .current {border-color: #35baf2; background-color: #35baf2;}.fusion-fullwidth.fusion-builder-row-1 .fusion-filters .fusion-filter.fusion-active a, .fusion-fullwidth.fusion-builder-row-1 .fusion-date-and-formats .fusion-format-box, .fusion-fullwidth.fusion-builder-row-1 .fusion-popover, .fusion-fullwidth.fusion-builder-row-1 .tooltip-shortcode {color: #35baf2;}#main .fusion-fullwidth.fusion-builder-row-1 .post .blog-shortcode-post-title a:hover {color: #35baf2;}<\/style>","protected":false},"excerpt":{"rendered":"","protected":false},"author":14,"featured_media":0,"parent":0,"menu_order":0,"comment_status":"closed","ping_status":"closed","template":"","meta":[],"_links":{"self":[{"href":"https:\/\/florio-haemo.com\/sv\/wp-json\/wp\/v2\/pages\/1033"}],"collection":[{"href":"https:\/\/florio-haemo.com\/sv\/wp-json\/wp\/v2\/pages"}],"about":[{"href":"https:\/\/florio-haemo.com\/sv\/wp-json\/wp\/v2\/types\/page"}],"author":[{"embeddable":true,"href":"https:\/\/florio-haemo.com\/sv\/wp-json\/wp\/v2\/users\/14"}],"replies":[{"embeddable":true,"href":"https:\/\/florio-haemo.com\/sv\/wp-json\/wp\/v2\/comments?post=1033"}],"version-history":[{"count":11,"href":"https:\/\/florio-haemo.com\/sv\/wp-json\/wp\/v2\/pages\/1033\/revisions"}],"predecessor-version":[{"id":1381,"href":"https:\/\/florio-haemo.com\/sv\/wp-json\/wp\/v2\/pages\/1033\/revisions\/1381"}],"wp:attachment":[{"href":"https:\/\/florio-haemo.com\/sv\/wp-json\/wp\/v2\/media?parent=1033"}],"curies":[{"name":"wp","href":"https:\/\/api.w.org\/{rel}","templated":true}]}}