{"id":1236,"date":"2020-12-07T15:15:02","date_gmt":"2020-12-07T15:15:02","guid":{"rendered":"https:\/\/floriohaemo.wpengine.com\/?page_id=1236"},"modified":"2024-10-29T10:58:34","modified_gmt":"2024-10-29T10:58:34","slug":"disclaimer","status":"publish","type":"page","link":"https:\/\/florio-haemo.com\/sk\/disclaimer\/","title":{"rendered":"Zrieknutie zodpovednosti"},"content":{"rendered":"<div class=\"fusion-fullwidth fullwidth-box fusion-builder-row-1 nonhundred-percent-fullwidth non-hundred-percent-height-scrolling\"  style='background-color: rgba(255,255,255,0);background-position: center center;background-repeat: no-repeat;padding-top:0px;padding-right:0px;padding-bottom:0px;padding-left:0px;'><div class=\"fusion-builder-row fusion-row\"><div  class=\"fusion-layout-column fusion_builder_column fusion_builder_column_1_1 fusion-builder-column-0 fusion-one-full fusion-column-first fusion-column-last 1_1\"  style='margin-top:15px;margin-bottom:15px;'><div class=\"fusion-column-wrapper\" style=\"padding: 0px 0px 0px 0px;background-position:left top;background-repeat:no-repeat;-webkit-background-size:cover;-moz-background-size:cover;-o-background-size:cover;background-size:cover;\"   data-bg-url=\"\"><div class=\"fusion-text\"><h1>Zrieknutie zodpovednosti<\/h1>\n<p><span data-contrast=\"auto\">Posledn\u00e1 aktualiz\u00e1cia: Okt\u00f3ber 2024<\/span><span data-ccp-props=\"{\">\u00a0<\/span><\/p>\n<p><span data-ccp-props=\"{\">\u00a0<\/span><\/p>\n<p><b><span data-contrast=\"auto\">aplik\u00e1cia florio HAEMO\u00a0<\/span><\/b><span data-ccp-props=\"{\">\u00a0<\/span><\/p>\n<p>Aplik\u00e1cia nie je ur\u010den\u00e1 na pou\u017eitie namiesto odpor\u00fa\u010dan\u00ed tvojho lek\u00e1ra alebo in\u00fdch zdravotn\u00edckych pracovn\u00edkov. Ak m\u00e1\u0161 ak\u00e9ko\u013evek zdravotn\u00e9 probl\u00e9my, okam\u017eite kontaktuj svojho lek\u00e1ra alebo in\u00e9ho zdravotn\u00edckeho pracovn\u00edka. Ak m\u00e1\u0161 nejak\u00e9 ot\u00e1zky t\u00fdkaj\u00face sa aplik\u00e1cie florio HAEMO, kontaktuj n\u00e1s na adrese help@florio.com.\n\nflorio HAEMO je softv\u00e9r ur\u010den\u00fd na monitorovanie lie\u010dby hemof\u00edlie, vz\u00e1cnej hematologickej poruchy, a jej n\u00e1sledkov. Laici m\u00f4\u017eu zaznamen\u00e1va\u0165 udalosti s\u00favisiace s hemof\u00edliou a zobrazova\u0165 prisp\u00f4soben\u00e9 trendy \u00fadajov a anal\u00fdzy, ktor\u00e9 im pom\u00e1haj\u00fa zvl\u00e1da\u0165 svoj stav. Tieto prisp\u00f4soben\u00e9 trendy \u00fadajov a anal\u00fdzy sa m\u00f4\u017eu pou\u017e\u00edva\u0165 v rozhodovacom procese zdravotn\u00edckeho person\u00e1lu t\u00fdkaj\u00facom sa podpornej lie\u010dby.\n\nUr\u010den\u00ed pou\u017e\u00edvatelia s\u00fa laici (aplik\u00e1cia florio HAEMO) a zdravotn\u00edcki pracovn\u00edci (panel florio HAEMO). Softv\u00e9r florio HAEMO nie je ur\u010den\u00fd na pou\u017eitie pou\u017e\u00edvate\u013emi s in\u00fdm ochoren\u00edm ako hemof\u00edliou.<\/p>\n<p>florio HAEMO is a software intended to monitor treatment of haemophilia, a rare haematologic disorder, and its outcomes. Lay users can record haemophilia-related events and view personalised data trends and analyses that help them manage their condition. These personalised data trends and analyses can be used to support treatment decision-making by HCPs.<\/p>\n<p>The intended users are lay users (florio HAEMO App) and healthcare professionals (florio HAEMO Dashboard). florio HAEMO is not intended to be used by users with a disease other than haemophilia.<\/p>\n<p><span data-ccp-props=\"{\">\u00a0<\/span><\/p>\n<p><b><span data-contrast=\"auto\">pr\u00edstrojov\u00e1 doska florio HAEMO<\/span><\/b><span data-ccp-props=\"{\">\u00a0<\/span><\/p>\n<p>florio HAEMO neposkytuje zdravotn\u00e9 poradenstvo. Inform\u00e1cie zobrazen\u00e9 vo florio HAEMO nie s\u00fa ur\u010den\u00e9 na diagnostick\u00e9 \u00fa\u010dely a nenahr\u00e1dzaj\u00fa va\u0161e komplexn\u00e9 lek\u00e1rske vzdelanie. Pri diagnostike a lie\u010dbe pacienta by ste sa mali spolieha\u0165 v\u00fdlu\u010dne na vlastn\u00fd nez\u00e1visl\u00fd \u00fasudok. florio HAEMO je softv\u00e9r ur\u010den\u00fd na monitorovanie lie\u010dby hemof\u00edlie, zriedkav\u00e9 hematologick\u00e9 poruchy, a jej v\u00fdsledkov. Laici m\u00f4\u017eu zaznamen\u00e1va\u0165 udalosti s\u00favisiace s hemof\u00edliou a zobrazova\u0165 prisp\u00f4soben\u00e9 trendy \u00fadajov a anal\u00fdzy, ktor\u00e9 im pom\u00e1haj\u00fa zvl\u00e1da\u0165 svoj stav. Tieto prisp\u00f4soben\u00e9 trendy \u00fadajov a anal\u00fdzy sa m\u00f4\u017eu pou\u017e\u00edva\u0165 v rozhodovacom procese zdravotn\u00edckeho person\u00e1lu t\u00fdkaj\u00facom sa podpornej lie\u010dby. Ur\u010den\u00ed pou\u017e\u00edvatelia s\u00fa laici (aplik\u00e1cia florio HAEMO) a zdravotn\u00edcki pracovn\u00edci (panel florio HAEMO). Softv\u00e9r florio HAEMO nie je ur\u010den\u00fd na pou\u017e\u00edvanie pou\u017e\u00edvate\u013emi s in\u00fdm ochoren\u00edm ako hemof\u00edliou. Hladina faktora v % zobrazen\u00e1 vo florio HAEMO predstavuje len odhad a nejde o skuto\u010dn\u00e9 meranie. Odhadovan\u00e1 hladina faktora nemus\u00ed kore\u0161pondova\u0165 s re\u00e1lnou a aktu\u00e1lnou hladinou faktora v\u00e1\u0161ho pacienta. Je vypo\u010d\u00edtan\u00e1 a dod\u00e1van\u00e1 prostredn\u00edctvom slu\u017eby tretej strany (platforma McMaster PopPK, McMaster University, Kanada). florio HAEMO z\u00edskava \u00farove\u0148 faktora pacienta z platformy McMaster PopPK po ka\u017edej injekcii ulo\u017eenej pacientom. florio HAEMO nem\u00e1 kontrolu nad odhadom a nedok\u00e1\u017ee zaru\u010di\u0165 presnos\u0165 odhadu poskytnut\u00e9ho platformou McMaster PopPK. Podrobnosti pl\u00e1nu lie\u010dby dod\u00e1va platforma McMaster PopPK pod\u013ea va\u0161ich \u0161pecifik\u00e1ci\u00ed t\u00fdkaj\u00facich sa platformy McMaster PopPK. Je d\u00f4le\u017eit\u00e9, aby ste pri akejko\u013evek zmene pl\u00e1nu lie\u010dby pre konkr\u00e9tneho pacienta na profylaxii riadenej PK zodpovedaj\u00facim sp\u00f4sobom zmenili \u0161pecifik\u00e1cie na platforme McMaster PopPK, alebo zak\u00e1zali pou\u017e\u00edvanie aplik\u00e1cie na platforme McMaster PopPK alebo na paneli n\u00e1strojov florio HAEMO. Inform\u00e1cie o aktivit\u00e1ch poskytuje poskytovate\u013e tret\u00edch str\u00e1n (HealthConnect a Apple HealthKit) a florio HAEMO nem\u00e1 kontrolu nad \u00fadajmi z\u00edskan\u00fdmi z t\u00fdchto funkci\u00ed a nedok\u00e1\u017ee zaru\u010di\u0165 presnos\u0165 t\u00fdchto \u00fadajov. V\u0161etky poskytnut\u00e9 funkcie z\u00e1visia od spr\u00e1vne poskytnut\u00fdch inform\u00e1ci\u00ed od v\u00e1s a v\u00e1\u0161ho pacienta a pou\u017e\u00edvaj\u00fa sa alebo sprac\u00favaj\u00fa len na va\u0161u zodpovednos\u0165 a zodpovednos\u0165 v\u00e1\u0161ho pacienta. Chyby alebo nepresnosti v \u00fadajoch zobrazen\u00fdch na paneli n\u00e1strojov florio HAEMO nemo\u017eno vyl\u00fa\u010di\u0165.<\/p>\n<\/div><div class=\"fusion-clearfix\"><\/div><\/div><\/div><\/div><\/div><style type=\"text\/css\">.fusion-fullwidth.fusion-builder-row-1 a:not(.fusion-button):not(.fusion-builder-module-control):not(.fusion-social-network-icon):not(.fb-icon-element):not(.fusion-countdown-link):not(.fusion-rollover-link):not(.fusion-rollover-gallery):not(.fusion-button-bar):not(.add_to_cart_button):not(.show_details_button):not(.product_type_external):not(.fusion-quick-view):not(.fusion-rollover-title-link):not(.fusion-breadcrumb-link) , .fusion-fullwidth.fusion-builder-row-1 a:not(.fusion-button):not(.fusion-builder-module-control):not(.fusion-social-network-icon):not(.fb-icon-element):not(.fusion-countdown-link):not(.fusion-rollover-link):not(.fusion-rollover-gallery):not(.fusion-button-bar):not(.add_to_cart_button):not(.show_details_button):not(.product_type_external):not(.fusion-quick-view):not(.fusion-rollover-title-link):not(.fusion-breadcrumb-link):before, .fusion-fullwidth.fusion-builder-row-1 a:not(.fusion-button):not(.fusion-builder-module-control):not(.fusion-social-network-icon):not(.fb-icon-element):not(.fusion-countdown-link):not(.fusion-rollover-link):not(.fusion-rollover-gallery):not(.fusion-button-bar):not(.add_to_cart_button):not(.show_details_button):not(.product_type_external):not(.fusion-quick-view):not(.fusion-rollover-title-link):not(.fusion-breadcrumb-link):after {color: #5453bf;}.fusion-fullwidth.fusion-builder-row-1 a:not(.fusion-button):not(.fusion-builder-module-control):not(.fusion-social-network-icon):not(.fb-icon-element):not(.fusion-countdown-link):not(.fusion-rollover-link):not(.fusion-rollover-gallery):not(.fusion-button-bar):not(.add_to_cart_button):not(.show_details_button):not(.product_type_external):not(.fusion-quick-view):not(.fusion-rollover-title-link):not(.fusion-breadcrumb-link):hover, .fusion-fullwidth.fusion-builder-row-1 a:not(.fusion-button):not(.fusion-builder-module-control):not(.fusion-social-network-icon):not(.fb-icon-element):not(.fusion-countdown-link):not(.fusion-rollover-link):not(.fusion-rollover-gallery):not(.fusion-button-bar):not(.add_to_cart_button):not(.show_details_button):not(.product_type_external):not(.fusion-quick-view):not(.fusion-rollover-title-link):not(.fusion-breadcrumb-link):hover:before, .fusion-fullwidth.fusion-builder-row-1 a:not(.fusion-button):not(.fusion-builder-module-control):not(.fusion-social-network-icon):not(.fb-icon-element):not(.fusion-countdown-link):not(.fusion-rollover-link):not(.fusion-rollover-gallery):not(.fusion-button-bar):not(.add_to_cart_button):not(.show_details_button):not(.product_type_external):not(.fusion-quick-view):not(.fusion-rollover-title-link):not(.fusion-breadcrumb-link):hover:after {color: #35baf2;}.fusion-fullwidth.fusion-builder-row-1 .pagination a.inactive:hover, .fusion-fullwidth.fusion-builder-row-1 .fusion-filters .fusion-filter.fusion-active a {border-color: #35baf2;}.fusion-fullwidth.fusion-builder-row-1 .pagination .current {border-color: #35baf2; background-color: #35baf2;}.fusion-fullwidth.fusion-builder-row-1 .fusion-filters .fusion-filter.fusion-active a, .fusion-fullwidth.fusion-builder-row-1 .fusion-date-and-formats .fusion-format-box, .fusion-fullwidth.fusion-builder-row-1 .fusion-popover, .fusion-fullwidth.fusion-builder-row-1 .tooltip-shortcode {color: #35baf2;}#main .fusion-fullwidth.fusion-builder-row-1 .post .blog-shortcode-post-title a:hover {color: #35baf2;}<\/style>","protected":false},"excerpt":{"rendered":"","protected":false},"author":14,"featured_media":0,"parent":0,"menu_order":0,"comment_status":"closed","ping_status":"closed","template":"","meta":[],"_links":{"self":[{"href":"https:\/\/florio-haemo.com\/sk\/wp-json\/wp\/v2\/pages\/1236"}],"collection":[{"href":"https:\/\/florio-haemo.com\/sk\/wp-json\/wp\/v2\/pages"}],"about":[{"href":"https:\/\/florio-haemo.com\/sk\/wp-json\/wp\/v2\/types\/page"}],"author":[{"embeddable":true,"href":"https:\/\/florio-haemo.com\/sk\/wp-json\/wp\/v2\/users\/14"}],"replies":[{"embeddable":true,"href":"https:\/\/florio-haemo.com\/sk\/wp-json\/wp\/v2\/comments?post=1236"}],"version-history":[{"count":11,"href":"https:\/\/florio-haemo.com\/sk\/wp-json\/wp\/v2\/pages\/1236\/revisions"}],"predecessor-version":[{"id":1421,"href":"https:\/\/florio-haemo.com\/sk\/wp-json\/wp\/v2\/pages\/1236\/revisions\/1421"}],"wp:attachment":[{"href":"https:\/\/florio-haemo.com\/sk\/wp-json\/wp\/v2\/media?parent=1236"}],"curies":[{"name":"wp","href":"https:\/\/api.w.org\/{rel}","templated":true}]}}