{"id":3,"date":"2020-02-06T14:20:14","date_gmt":"2020-02-06T14:20:14","guid":{"rendered":"http:\/\/floriogmbh.wpengine.com\/?page_id=3"},"modified":"2024-08-20T13:26:02","modified_gmt":"2024-08-20T13:26:02","slug":"imprint","status":"publish","type":"page","link":"https:\/\/florio-haemo.com\/ro\/imprint\/","title":{"rendered":"Informa\u021bii"},"content":{"rendered":"<div class=\"fusion-fullwidth fullwidth-box fusion-builder-row-1 nonhundred-percent-fullwidth non-hundred-percent-height-scrolling\"  style='background-color: rgba(255,255,255,0);background-position: center center;background-repeat: no-repeat;padding-top:0px;padding-right:0px;padding-bottom:0px;padding-left:0px;'><div class=\"fusion-builder-row fusion-row\"><div  class=\"fusion-layout-column fusion_builder_column fusion_builder_column_1_1 fusion-builder-column-0 fusion-one-full fusion-column-first fusion-column-last 1_1\"  style='margin-top:0px;margin-bottom:0px;'><div class=\"fusion-column-wrapper\" style=\"padding: 0px 0px 0px 0px;background-position:left top;background-repeat:no-repeat;-webkit-background-size:cover;-moz-background-size:cover;-o-background-size:cover;background-size:cover;\"   data-bg-url=\"\"><div class=\"fusion-text\"><p style=\"font-weight: bold; font-size: 18px; line-height: 30.24px;\" data-fusion-font=\"true\">Informa\u021bii<\/p>\n<p style=\"font-size: 12px;\" data-fusion-font=\"true\"><b style=\"font-size: 18px; line-height: 30.24px;\" data-fusion-font=\"true\">Florio GmbH<\/b><br \/>\n<span style=\"color: var(--h3_typography-color); font-style: var(--h3_typography-font-style,normal); letter-spacing: var(--h3_typography-letter-spacing); background-color: rgba(255, 255, 255, 0);\"><span style=\"font-size: 18px; line-height: 30.24px;\" data-fusion-font=\"true\">Wilhelm-Wagenfeld-Str. 22<\/span><br \/>\n<\/span><span style=\"color: var(--h3_typography-color); font-style: var(--h3_typography-font-style,normal); letter-spacing: var(--h3_typography-letter-spacing); background-color: rgba(255, 255, 255, 0); font-size: 18px; line-height: 30.24px;\" data-fusion-font=\"true\">80807 M\u00fcnchen, Germania<\/span><\/p>\n<p style=\"font-size: 12px;\" data-fusion-font=\"true\"><span style=\"font-size: 18px; line-height: 30.24px;\" data-fusion-font=\"true\">Tel: +49 89 321 977 090<\/span><br \/>\n<span style=\"color: var(--h3_typography-color); font-style: var(--h3_typography-font-style,normal); letter-spacing: var(--h3_typography-letter-spacing); background-color: rgba(255, 255, 255, 0); font-size: 18px; line-height: 30.24px;\" data-fusion-font=\"true\">Email: info[@]florio.com<\/span><\/p>\n<p style=\"font-size: 12px;\" data-fusion-font=\"true\"><span style=\"font-size: 18px; line-height: 30.24px;\" data-fusion-font=\"true\">Reprezentan\u021bi autoriza\u021bi:<\/span><br \/>\n<span style=\"color: var(--h3_typography-color); font-style: var(--h3_typography-font-style,normal); letter-spacing: var(--h3_typography-letter-spacing); background-color: rgba(255, 255, 255, 0); font-size: 18px; line-height: 30.24px;\" data-fusion-font=\"true\">Managing Directors: Dr. Katharina Steinitz-Trost, Dr. Uwe Fr\u00f6hlich, Torbj\u00f6rn Hallberg, Karl Henrik Stenqvist<\/span><\/p>\n<p style=\"font-size: 12px;\" data-fusion-font=\"true\"><span style=\"font-size: 18px; line-height: 30.24px;\" data-fusion-font=\"true\">Registrul Comer\u021bului: M\u00fcnchen HRB 249347<\/span><br \/>\n<span style=\"color: var(--h3_typography-color); font-style: var(--h3_typography-font-style,normal); letter-spacing: var(--h3_typography-letter-spacing); background-color: rgba(255, 255, 255, 0); font-size: 18px; line-height: 30.24px;\" data-fusion-font=\"true\">Cod de identificare TVA: DE327229463<\/span><\/p>\n<p style=\"font-size: 12px;\" data-fusion-font=\"true\"><span style=\"font-size: 18px; line-height: 30.24px;\" data-fusion-font=\"true\">Autorit\u0103\u021bi competente:<\/span><br \/>\n<span style=\"color: var(--h3_typography-color); font-style: var(--h3_typography-font-style,normal); letter-spacing: var(--h3_typography-letter-spacing); background-color: rgba(255, 255, 255, 0);\"><span style=\"font-size: 18px; line-height: 30.24px;\" data-fusion-font=\"true\">Regierung der Oberpfalz,<\/span><br \/>\n<\/span><span style=\"color: var(--h3_typography-color); font-style: var(--h3_typography-font-style,normal); letter-spacing: var(--h3_typography-letter-spacing); background-color: rgba(255, 255, 255, 0);\"><span style=\"font-size: 18px; line-height: 30.24px;\" data-fusion-font=\"true\">Gewerbeaufsichtsamt, Dezernat 4, Kompetenzzentrum Markt\u00fcberwachung<\/span><br \/>\n<\/span><span style=\"color: var(--h3_typography-color); font-style: var(--h3_typography-font-style,normal); letter-spacing: var(--h3_typography-letter-spacing); background-color: rgba(255, 255, 255, 0); font-size: 18px; line-height: 30.24px;\" data-fusion-font=\"true\">\u00c4gidienplatz 2, 93047 Regensburg<\/span><\/p>\n<p style=\"font-size: 18px; line-height: 30.24px;\" data-fusion-font=\"true\">\u00cen cazul \u00een care ave\u021bi \u00eentreb\u0103ri cu privire la website-ul nostru, v\u0103 rug\u0103m s\u0103 ne contacta\u021bi.<\/p>\n<p style=\"font-size: 12px;\" data-fusion-font=\"true\"><span style=\"font-size: 18px; line-height: 30.24px;\" data-fusion-font=\"true\">Apple, logo-ul Apple, App Store, Apple Watch, iPad, iPhone sunt m\u0103rci comerciale ale Apple Inc.<\/span><br \/>\n<span style=\"color: var(--h3_typography-color); font-style: var(--h3_typography-font-style,normal); letter-spacing: var(--h3_typography-letter-spacing); background-color: rgba(255, 255, 255, 0); font-size: 18px; line-height: 30.24px;\" data-fusion-font=\"true\">Google Play, logo-ul Google Play \u0219i Google Fit sunt m\u0103rci comerciale ale Google LLC.<\/span><\/p>\n<p style=\"font-size: 18px; line-height: 30.24px;\" data-fusion-font=\"true\">Caracteristicile aplica\u021biilor prezentate sunt \u00een scop pur ilustrativ \u0219i se pot modifica. Versiune aplica\u021bie 1.8, Data elabor\u0103rii: August 2024<\/p>\n<\/div><div class=\"fusion-text\"><p>\u00a9 2024 Florio GmbH | Florio GmbH este produc\u0103torul legal al florio HAEMO. Toate drepturile rezervate.<\/p>\n<\/div><div class=\"fusion-clearfix\"><\/div><\/div><\/div><\/div><\/div>","protected":false},"excerpt":{"rendered":"","protected":false},"author":2,"featured_media":0,"parent":0,"menu_order":0,"comment_status":"closed","ping_status":"closed","template":"","meta":[],"_links":{"self":[{"href":"https:\/\/florio-haemo.com\/ro\/wp-json\/wp\/v2\/pages\/3"}],"collection":[{"href":"https:\/\/florio-haemo.com\/ro\/wp-json\/wp\/v2\/pages"}],"about":[{"href":"https:\/\/florio-haemo.com\/ro\/wp-json\/wp\/v2\/types\/page"}],"author":[{"embeddable":true,"href":"https:\/\/florio-haemo.com\/ro\/wp-json\/wp\/v2\/users\/2"}],"replies":[{"embeddable":true,"href":"https:\/\/florio-haemo.com\/ro\/wp-json\/wp\/v2\/comments?post=3"}],"version-history":[{"count":8,"href":"https:\/\/florio-haemo.com\/ro\/wp-json\/wp\/v2\/pages\/3\/revisions"}],"predecessor-version":[{"id":1410,"href":"https:\/\/florio-haemo.com\/ro\/wp-json\/wp\/v2\/pages\/3\/revisions\/1410"}],"wp:attachment":[{"href":"https:\/\/florio-haemo.com\/ro\/wp-json\/wp\/v2\/media?parent=3"}],"curies":[{"name":"wp","href":"https:\/\/api.w.org\/{rel}","templated":true}]}}