{"id":1236,"date":"2020-12-07T15:15:02","date_gmt":"2020-12-07T15:15:02","guid":{"rendered":"https:\/\/floriohaemo.wpengine.com\/?page_id=1236"},"modified":"2024-10-29T10:58:34","modified_gmt":"2024-10-29T10:58:34","slug":"disclaimer","status":"publish","type":"page","link":"https:\/\/florio-haemo.com\/ro\/disclaimer\/","title":{"rendered":"Exonerare de r\u0103spundere"},"content":{"rendered":"<div class=\"fusion-fullwidth fullwidth-box fusion-builder-row-1 nonhundred-percent-fullwidth non-hundred-percent-height-scrolling\"  style='background-color: rgba(255,255,255,0);background-position: center center;background-repeat: no-repeat;padding-top:0px;padding-right:0px;padding-bottom:0px;padding-left:0px;'><div class=\"fusion-builder-row fusion-row\"><div  class=\"fusion-layout-column fusion_builder_column fusion_builder_column_1_1 fusion-builder-column-0 fusion-one-full fusion-column-first fusion-column-last 1_1\"  style='margin-top:15px;margin-bottom:15px;'><div class=\"fusion-column-wrapper\" style=\"padding: 0px 0px 0px 0px;background-position:left top;background-repeat:no-repeat;-webkit-background-size:cover;-moz-background-size:cover;-o-background-size:cover;background-size:cover;\"   data-bg-url=\"\"><div class=\"fusion-text\"><h1>Exonerare de r\u0103spundere<\/h1>\n<p><span data-contrast=\"auto\">Ultima actualizare: Octombrie 2024<\/span><span data-ccp-props=\"{\">\u00a0<\/span><\/p>\n<p><span data-ccp-props=\"{\">\u00a0<\/span><\/p>\n<p><b><span data-contrast=\"auto\">florio HAEMO app\u00a0<\/span><\/b><span data-ccp-props=\"{\">\u00a0<\/span><\/p>\n<p>Aplica\u021bia nu este destinat\u0103 utiliz\u0103rii \u00een locul sfaturilor medicului t\u0103u sau ale altor profesioni\u0219ti din domeniul s\u0103n\u0103t\u0103\u021bii. Dac\u0103 ai probleme de s\u0103n\u0103tate, contacteaz\u0103-\u021bi imediat medicul sau un alt profesionist din domeniul s\u0103n\u0103t\u0103\u021bii. Dac\u0103 ai \u00eentreb\u0103ri legate de florio HAEMO, te rug\u0103m s\u0103 ne contactezi la adresa help@florio.com.\n\nflorio HAEMO este un software destinat s\u0103 monitorizeze tratamentul hemofiliei, o afec\u021biune hematologic\u0103 rar\u0103, \u0219i rezultatele acestuia. Utilizatorii neprofesioni\u0219ti pot \u00eenregistra evenimentele legate de hemofilie \u0219i pot vizualiza tendin\u021bele \u0219i analizele personalizate ale datelor care \u00eei ajut\u0103 s\u0103-\u0219i gestioneze boala. Aceste tendin\u021be \u0219i analize personalizate ale datelor pot fi utilizate pentru a sprijini procesul de luare a deciziilor de tratament de c\u0103tre profesioni\u0219tii din domeniul s\u0103n\u0103t\u0103\u021bii.\n\nUtilizatorii prev\u0103zu\u021bi sunt utilizatorii neprofesioni\u0219ti (florio HAEMO App) \u0219i profesioni\u0219tii din domeniul s\u0103n\u0103t\u0103\u021bii (florio HAEMO Dashboard). florio HAEMO nu este destinat utiliz\u0103rii de c\u0103tre utilizatorii cu o alt\u0103 boal\u0103 dec\u00e2t hemofilia.<\/p>\n<p>florio HAEMO is a software intended to monitor treatment of haemophilia, a rare haematologic disorder, and its outcomes. Lay users can record haemophilia-related events and view personalised data trends and analyses that help them manage their condition. These personalised data trends and analyses can be used to support treatment decision-making by HCPs.<\/p>\n<p>The intended users are lay users (florio HAEMO App) and healthcare professionals (florio HAEMO Dashboard). florio HAEMO is not intended to be used by users with a disease other than haemophilia.<\/p>\n<p><span data-ccp-props=\"{\">\u00a0<\/span><\/p>\n<p><b><span data-contrast=\"auto\">florio HAEMO tablou de bord<\/span><\/b><span data-ccp-props=\"{\">\u00a0<\/span><\/p>\n<p>florio HAEMO nu ofer\u0103 sfaturi medicale. Informa\u021biile prezentate \u00een florio HAEMO nu sunt destinate diagnostic\u0103rii \u0219i nu sunt menite s\u0103 \u00eenlocuiasc\u0103 preg\u0103tirea dumneavoastr\u0103 medical\u0103 complet\u0103. Trebuie s\u0103 v\u0103 baza\u021bi exclusiv pe judecata dumneavoastr\u0103 independent\u0103 \u00een diagnosticarea \u0219i tratamentul pacientului dumneavoastr\u0103. florio HAEMO este un program software destinat monitoriz\u0103rii tratamentului hemofiliei, o afec\u021biune hematologic\u0103 rar\u0103, \u0219i a rezultatelor acestuia. Utilizatorii neprofesioni\u0219ti pot \u00eenregistra evenimentele legate de hemofilie \u0219i pot vizualiza tendin\u021bele \u0219i analizele personalizate ale datelor care \u00eei ajut\u0103 s\u0103-\u0219i gestioneze boala. Aceste tendin\u021be \u0219i analize personalizate ale datelor pot fi utilizate pentru a sprijini procesul de luare a deciziilor de tratament de c\u0103tre profesioni\u0219tii din domeniul s\u0103n\u0103t\u0103\u021bii. Utilizatorii prev\u0103zu\u021bi sunt utilizatorii neprofesioni\u0219ti (florio HAEMO App) \u0219i profesioni\u0219tii din domeniul s\u0103n\u0103t\u0103\u021bii (pentru interfa\u021ba florio HAEMO). florio HAEMO nu este destinat utiliz\u0103rii de c\u0103tre utilizatorii cu o alt\u0103 boal\u0103 dec\u00e2t hemofilia. Nivelul factorului % indicat \u00een florio HAEMO reprezint\u0103 doar o estimare \u0219i nu reprezint\u0103 o m\u0103sur\u0103toare real\u0103. Este posibil ca nivelul factorului estimat s\u0103 nu corespund\u0103 nivelului factorului actual \u0219i real al pacientului dvs. Acesta este calculat \u0219i furnizat de un serviciu ter\u021b (platforma McMaster PopPK, Universitatea McMaster, Canada). florio HAEMO acceseaz\u0103 nivelul factorului pacientului dvs. de pe platforma McMaster PopPK dup\u0103 fiecare injec\u021bie salvat\u0103 de c\u0103tre pacient. florio HAEMO nu are niciun control asupra estim\u0103rii \u0219i nu poate garanta acurate\u021bea estim\u0103rii furnizate de platforma McMaster PopPK. Detaliile planului de tratament sunt, de asemenea, furnizate prin intermediul platformei McMaster PopPK, conform specifica\u021biilor dvs. pe platforma McMaster PopPK. Este important ca la orice schimbare a planului de tratament pentru un anumit pacient cu profilaxie ghidat\u0103 PK, s\u0103 modifica\u021bi specifica\u021biile \u00een consecin\u021b\u0103 pe platforma McMaster PopPK sau s\u0103 dezactiva\u021bi utilizarea aplica\u021biei pe platforma McMaster PopPK sau \u00een interfa\u021ba florio HAEMO. Informa\u021biile privind activitatea sunt furnizate de furnizori ter\u021bi (HealthConnect \u0219i Apple HealthKit). florio HAEMO nu de\u021bine controlul asupra datelor derivate din func\u021biile acestora \u0219i nu poate garanta acurate\u021bea acestor date. Toate func\u021biile oferite depind de introducerea exact\u0103 a datelor de c\u0103tre dvs. \u0219i de c\u0103tre pacient \u0219i sunt utilizate \u0219i gestionate numai pe r\u0103spunderea dvs. \u0219i a pacientului dvs. Nu pot fi excluse erorile sau inexactit\u0103\u021bile din datele prezentate \u00een interfa\u021ba florio HAEMO.<\/p>\n<\/div><div class=\"fusion-clearfix\"><\/div><\/div><\/div><\/div><\/div><style type=\"text\/css\">.fusion-fullwidth.fusion-builder-row-1 a:not(.fusion-button):not(.fusion-builder-module-control):not(.fusion-social-network-icon):not(.fb-icon-element):not(.fusion-countdown-link):not(.fusion-rollover-link):not(.fusion-rollover-gallery):not(.fusion-button-bar):not(.add_to_cart_button):not(.show_details_button):not(.product_type_external):not(.fusion-quick-view):not(.fusion-rollover-title-link):not(.fusion-breadcrumb-link) , .fusion-fullwidth.fusion-builder-row-1 a:not(.fusion-button):not(.fusion-builder-module-control):not(.fusion-social-network-icon):not(.fb-icon-element):not(.fusion-countdown-link):not(.fusion-rollover-link):not(.fusion-rollover-gallery):not(.fusion-button-bar):not(.add_to_cart_button):not(.show_details_button):not(.product_type_external):not(.fusion-quick-view):not(.fusion-rollover-title-link):not(.fusion-breadcrumb-link):before, .fusion-fullwidth.fusion-builder-row-1 a:not(.fusion-button):not(.fusion-builder-module-control):not(.fusion-social-network-icon):not(.fb-icon-element):not(.fusion-countdown-link):not(.fusion-rollover-link):not(.fusion-rollover-gallery):not(.fusion-button-bar):not(.add_to_cart_button):not(.show_details_button):not(.product_type_external):not(.fusion-quick-view):not(.fusion-rollover-title-link):not(.fusion-breadcrumb-link):after {color: #5453bf;}.fusion-fullwidth.fusion-builder-row-1 a:not(.fusion-button):not(.fusion-builder-module-control):not(.fusion-social-network-icon):not(.fb-icon-element):not(.fusion-countdown-link):not(.fusion-rollover-link):not(.fusion-rollover-gallery):not(.fusion-button-bar):not(.add_to_cart_button):not(.show_details_button):not(.product_type_external):not(.fusion-quick-view):not(.fusion-rollover-title-link):not(.fusion-breadcrumb-link):hover, .fusion-fullwidth.fusion-builder-row-1 a:not(.fusion-button):not(.fusion-builder-module-control):not(.fusion-social-network-icon):not(.fb-icon-element):not(.fusion-countdown-link):not(.fusion-rollover-link):not(.fusion-rollover-gallery):not(.fusion-button-bar):not(.add_to_cart_button):not(.show_details_button):not(.product_type_external):not(.fusion-quick-view):not(.fusion-rollover-title-link):not(.fusion-breadcrumb-link):hover:before, .fusion-fullwidth.fusion-builder-row-1 a:not(.fusion-button):not(.fusion-builder-module-control):not(.fusion-social-network-icon):not(.fb-icon-element):not(.fusion-countdown-link):not(.fusion-rollover-link):not(.fusion-rollover-gallery):not(.fusion-button-bar):not(.add_to_cart_button):not(.show_details_button):not(.product_type_external):not(.fusion-quick-view):not(.fusion-rollover-title-link):not(.fusion-breadcrumb-link):hover:after {color: #35baf2;}.fusion-fullwidth.fusion-builder-row-1 .pagination a.inactive:hover, .fusion-fullwidth.fusion-builder-row-1 .fusion-filters .fusion-filter.fusion-active a {border-color: #35baf2;}.fusion-fullwidth.fusion-builder-row-1 .pagination .current {border-color: #35baf2; background-color: #35baf2;}.fusion-fullwidth.fusion-builder-row-1 .fusion-filters .fusion-filter.fusion-active a, .fusion-fullwidth.fusion-builder-row-1 .fusion-date-and-formats .fusion-format-box, .fusion-fullwidth.fusion-builder-row-1 .fusion-popover, .fusion-fullwidth.fusion-builder-row-1 .tooltip-shortcode {color: #35baf2;}#main .fusion-fullwidth.fusion-builder-row-1 .post .blog-shortcode-post-title a:hover {color: #35baf2;}<\/style>","protected":false},"excerpt":{"rendered":"","protected":false},"author":14,"featured_media":0,"parent":0,"menu_order":0,"comment_status":"closed","ping_status":"closed","template":"","meta":[],"_links":{"self":[{"href":"https:\/\/florio-haemo.com\/ro\/wp-json\/wp\/v2\/pages\/1236"}],"collection":[{"href":"https:\/\/florio-haemo.com\/ro\/wp-json\/wp\/v2\/pages"}],"about":[{"href":"https:\/\/florio-haemo.com\/ro\/wp-json\/wp\/v2\/types\/page"}],"author":[{"embeddable":true,"href":"https:\/\/florio-haemo.com\/ro\/wp-json\/wp\/v2\/users\/14"}],"replies":[{"embeddable":true,"href":"https:\/\/florio-haemo.com\/ro\/wp-json\/wp\/v2\/comments?post=1236"}],"version-history":[{"count":11,"href":"https:\/\/florio-haemo.com\/ro\/wp-json\/wp\/v2\/pages\/1236\/revisions"}],"predecessor-version":[{"id":1421,"href":"https:\/\/florio-haemo.com\/ro\/wp-json\/wp\/v2\/pages\/1236\/revisions\/1421"}],"wp:attachment":[{"href":"https:\/\/florio-haemo.com\/ro\/wp-json\/wp\/v2\/media?parent=1236"}],"curies":[{"name":"wp","href":"https:\/\/api.w.org\/{rel}","templated":true}]}}