{"id":1031,"date":"2020-04-14T16:16:43","date_gmt":"2020-04-14T16:16:43","guid":{"rendered":"http:\/\/floriogmbh.wpengine.com\/?page_id=1031"},"modified":"2021-02-18T07:59:27","modified_gmt":"2021-02-18T07:59:27","slug":"cookie-policy","status":"publish","type":"page","link":"https:\/\/florio-haemo.com\/ro\/cookie-policy\/","title":{"rendered":"Politica privind Cookie-urile"},"content":{"rendered":"<p><div class=\"fusion-fullwidth fullwidth-box fusion-builder-row-1 nonhundred-percent-fullwidth non-hundred-percent-height-scrolling\"  style='background-color: rgba(255,255,255,0);background-position: center center;background-repeat: no-repeat;padding-top:0px;padding-right:0px;padding-bottom:0px;padding-left:0px;'><div class=\"fusion-builder-row fusion-row\"><div  class=\"fusion-layout-column fusion_builder_column fusion_builder_column_1_1 fusion-builder-column-0 fusion-one-full fusion-column-first fusion-column-last 1_1\"  style='margin-top:15px;margin-bottom:15px;'><div class=\"fusion-column-wrapper\" style=\"padding: 0px 0px 0px 0px;background-position:left top;background-repeat:no-repeat;-webkit-background-size:cover;-moz-background-size:cover;-o-background-size:cover;background-size:cover;\"   data-bg-url=\"\"><div class=\"fusion-text\"><p><b>Politica privind Cookie-urile<\/b><\/p>\n<p>Ultima actualizare: decembrie 2020<\/p>\n<p>Aceast\u0103 Politic\u0103 privind Cookie-urile se aplic\u0103 website-ului Florio. V\u0103 rug\u0103m s\u0103 citi\u021bi aceast\u0103 Politic\u0103 privind Cookie-urile cu aten\u021bie \u0219i s\u0103 ne contacta\u021bi pentru orice \u00eentreb\u0103ri.<\/p>\n<p>Ce sunt Cookie-urile?<\/p>\n<p>Un cookie este un fi\u0219ier text mic pe care un website \u00eel salveaz\u0103 pe computerul sau dispozitivul dumneavoastr\u0103 mobil atunci c\u00e2nd vizita\u021bi website-ul. Acesta permite website-ului s\u0103 \u00ee\u0219i aminteasc\u0103 ac\u021biunile \u0219i preferin\u021bele dumneavoastr\u0103 (cum ar fi limba, dimensiunea font-ului \u0219i alte preferin\u021be de afi\u0219are) pe o perioad\u0103 de timp, astfel \u00eenc\u00e2t s\u0103 nu fi\u021bi nevoit s\u0103 le reintroduce\u021bi ori de c\u00e2te ori reveni\u021bi la website sau naviga\u021bi de la o pagin\u0103 la alta.<\/p>\n<p>Cum utiliz\u0103m Cookie-urile?<\/p>\n<p>Website-ul utilizeaz\u0103 cookie-uri analitice pentru a ne ajuta s\u0103 \u00een\u021belegem modul \u00een care folosi\u021bi site-ul \u0219i modurile \u00een care v\u0103 putem \u00eembun\u0103t\u0103\u021bi experien\u021ba. Aceste cookie-uri pot urm\u0103ri aspecte precum timpul petrecut de dumneavoastr\u0103 folosind website-ul, precum \u0219i caracteristicile specifice ale website-ului cu care interac\u021biona\u021bi \u0219i orice erori sau probleme ap\u0103rute pe parcursul utiliz\u0103rii, astfel \u00eenc\u00e2t s\u0103 ne putem dezvolta serviciile \u00een continuare. Noi re\u021binem informa\u021biile colectate prin intermediul cookie-urilor pe o perioad\u0103 de p\u00e2n\u0103 la 12 luni de la colectare.<\/p>\n<p>Cum pute\u021bi controla Cookie-urile<\/p>\n<p>Pute\u021bi controla \u0219i\/sau \u0219terge cookie-urile conform dorin\u021belor dumneavoastr\u0103 \u2013 pentru detalii, v\u0103 rug\u0103m s\u0103 vizita\u021bi aboutcookies.org. Pute\u021bi \u0219terge toate cookie-urile care se afl\u0103 deja pe computerul dumneavoastr\u0103 \u0219i pute\u021bi seta majoritatea motoarelor de c\u0103utare astfel \u00eenc\u00e2t s\u0103 \u00eempiedice plasarea lor. Totu\u0219i, dac\u0103 ac\u021biona\u021bi astfel, este posibil s\u0103 fie nevoie s\u0103 ajusta\u021bi manual unele preferin\u021be de fiecare dat\u0103 c\u00e2nd vizita\u021bi un site, iar unele servicii \u0219i func\u021bionalit\u0103\u021bi este posibil s\u0103 nu func\u021bioneze.<\/p>\n<p>Cookie-uri utilizate de website<\/p>\n<p>Mai jos pute\u021bi g\u0103si o list\u0103 complet\u0103 de cookie-uri pe care le folosim pe website.<\/p>\n<\/div><div class=\"fusion-clearfix\"><\/div><\/div><\/div><\/div><\/div><style type=\"text\/css\">.fusion-fullwidth.fusion-builder-row-1 a:not(.fusion-button):not(.fusion-builder-module-control):not(.fusion-social-network-icon):not(.fb-icon-element):not(.fusion-countdown-link):not(.fusion-rollover-link):not(.fusion-rollover-gallery):not(.fusion-button-bar):not(.add_to_cart_button):not(.show_details_button):not(.product_type_external):not(.fusion-quick-view):not(.fusion-rollover-title-link):not(.fusion-breadcrumb-link) , .fusion-fullwidth.fusion-builder-row-1 a:not(.fusion-button):not(.fusion-builder-module-control):not(.fusion-social-network-icon):not(.fb-icon-element):not(.fusion-countdown-link):not(.fusion-rollover-link):not(.fusion-rollover-gallery):not(.fusion-button-bar):not(.add_to_cart_button):not(.show_details_button):not(.product_type_external):not(.fusion-quick-view):not(.fusion-rollover-title-link):not(.fusion-breadcrumb-link):before, .fusion-fullwidth.fusion-builder-row-1 a:not(.fusion-button):not(.fusion-builder-module-control):not(.fusion-social-network-icon):not(.fb-icon-element):not(.fusion-countdown-link):not(.fusion-rollover-link):not(.fusion-rollover-gallery):not(.fusion-button-bar):not(.add_to_cart_button):not(.show_details_button):not(.product_type_external):not(.fusion-quick-view):not(.fusion-rollover-title-link):not(.fusion-breadcrumb-link):after {color: #5453bf;}.fusion-fullwidth.fusion-builder-row-1 a:not(.fusion-button):not(.fusion-builder-module-control):not(.fusion-social-network-icon):not(.fb-icon-element):not(.fusion-countdown-link):not(.fusion-rollover-link):not(.fusion-rollover-gallery):not(.fusion-button-bar):not(.add_to_cart_button):not(.show_details_button):not(.product_type_external):not(.fusion-quick-view):not(.fusion-rollover-title-link):not(.fusion-breadcrumb-link):hover, .fusion-fullwidth.fusion-builder-row-1 a:not(.fusion-button):not(.fusion-builder-module-control):not(.fusion-social-network-icon):not(.fb-icon-element):not(.fusion-countdown-link):not(.fusion-rollover-link):not(.fusion-rollover-gallery):not(.fusion-button-bar):not(.add_to_cart_button):not(.show_details_button):not(.product_type_external):not(.fusion-quick-view):not(.fusion-rollover-title-link):not(.fusion-breadcrumb-link):hover:before, .fusion-fullwidth.fusion-builder-row-1 a:not(.fusion-button):not(.fusion-builder-module-control):not(.fusion-social-network-icon):not(.fb-icon-element):not(.fusion-countdown-link):not(.fusion-rollover-link):not(.fusion-rollover-gallery):not(.fusion-button-bar):not(.add_to_cart_button):not(.show_details_button):not(.product_type_external):not(.fusion-quick-view):not(.fusion-rollover-title-link):not(.fusion-breadcrumb-link):hover:after {color: #35baf2;}.fusion-fullwidth.fusion-builder-row-1 .pagination a.inactive:hover, .fusion-fullwidth.fusion-builder-row-1 .fusion-filters .fusion-filter.fusion-active a {border-color: #35baf2;}.fusion-fullwidth.fusion-builder-row-1 .pagination .current {border-color: #35baf2; background-color: #35baf2;}.fusion-fullwidth.fusion-builder-row-1 .fusion-filters .fusion-filter.fusion-active a, .fusion-fullwidth.fusion-builder-row-1 .fusion-date-and-formats .fusion-format-box, .fusion-fullwidth.fusion-builder-row-1 .fusion-popover, .fusion-fullwidth.fusion-builder-row-1 .tooltip-shortcode {color: #35baf2;}#main .fusion-fullwidth.fusion-builder-row-1 .post .blog-shortcode-post-title a:hover {color: #35baf2;}<\/style><div class=\"fusion-fullwidth fullwidth-box fusion-builder-row-2 nonhundred-percent-fullwidth non-hundred-percent-height-scrolling\"  style='background-color: rgba(255,255,255,0);background-position: center center;background-repeat: no-repeat;padding-top:0px;padding-right:0px;padding-bottom:0px;padding-left:0px;'><div class=\"fusion-builder-row fusion-row\"><div  class=\"fusion-layout-column fusion_builder_column fusion_builder_column_1_1 fusion-builder-column-1 fusion-one-full fusion-column-first fusion-column-last 1_1\"  style='margin-top:15px;margin-bottom:15px;'><div class=\"fusion-column-wrapper\" style=\"padding: 0px 0px 0px 0px;background-position:left top;background-repeat:no-repeat;-webkit-background-size:cover;-moz-background-size:cover;-o-background-size:cover;background-size:cover;\"   data-bg-url=\"\">\n<div class=\"table-1\">\n<table style=\"height: 124px;\" width=\"1142\">\n<thead>\n<tr>\n<th align=\"left\">Denumire<\/th>\n<th align=\"left\">Tip de cookie<\/th>\n<th align=\"left\">Scopul cookie-ului<\/th>\n<\/tr>\n<\/thead>\n<tbody>\n<tr>\n<td align=\"left\">borlabs-cookies<\/td>\n<td align=\"left\">Cookie strict necesar<\/td>\n<td align=\"left\">Salveaz\u0103 preferin\u021bele vizitatorului selectate \u00een caseta Cookie.<\/td>\n<\/tr>\n<tr>\n<td align=\"left\">trp_language<\/td>\n<td align=\"left\">Cookie strict necesar<\/td>\n<td align=\"left\">Limba de pe pagin\u0103 a vizitatorului<\/td>\n<\/tr>\n<tr>\n<td align=\"left\">Google Analytics<br \/>\n_ga<br \/>\n_gid<br \/>\n_gat<\/td>\n<td align=\"left\">Cookies analitice ale ter\u021bilor<\/td>\n<td align=\"left\">Aceste cookie-uri sunt utilizate pentru a colecta informa\u021bii cu privire la modul \u00een care vizitatorii utilizeaz\u0103 website-ul nostru. Noi folosim informa\u021biile pentru a compila rapoartele \u0219i pentru a ne ajuta s\u0103 \u00eembun\u0103t\u0103\u021bim website-ul. Cookie-urile colecteaz\u0103 informa\u021bii \u00een form\u0103 anonim\u0103, inclusiv num\u0103rul de vizitatori ai website-ului, c\u0103tre ce sec\u021biuni s-au \u00eendreptat vizitatorii pe website \u0219i cu ce p\u0103r\u021bi ale website-ului interac\u021bioneaz\u0103.<\/td>\n<\/tr>\n<\/tbody>\n<\/table>\n<\/div>\n<div class=\"fusion-clearfix\"><\/div><\/div><\/div><\/div><\/div><style type=\"text\/css\">.fusion-fullwidth.fusion-builder-row-2 a:not(.fusion-button):not(.fusion-builder-module-control):not(.fusion-social-network-icon):not(.fb-icon-element):not(.fusion-countdown-link):not(.fusion-rollover-link):not(.fusion-rollover-gallery):not(.fusion-button-bar):not(.add_to_cart_button):not(.show_details_button):not(.product_type_external):not(.fusion-quick-view):not(.fusion-rollover-title-link):not(.fusion-breadcrumb-link) , .fusion-fullwidth.fusion-builder-row-2 a:not(.fusion-button):not(.fusion-builder-module-control):not(.fusion-social-network-icon):not(.fb-icon-element):not(.fusion-countdown-link):not(.fusion-rollover-link):not(.fusion-rollover-gallery):not(.fusion-button-bar):not(.add_to_cart_button):not(.show_details_button):not(.product_type_external):not(.fusion-quick-view):not(.fusion-rollover-title-link):not(.fusion-breadcrumb-link):before, .fusion-fullwidth.fusion-builder-row-2 a:not(.fusion-button):not(.fusion-builder-module-control):not(.fusion-social-network-icon):not(.fb-icon-element):not(.fusion-countdown-link):not(.fusion-rollover-link):not(.fusion-rollover-gallery):not(.fusion-button-bar):not(.add_to_cart_button):not(.show_details_button):not(.product_type_external):not(.fusion-quick-view):not(.fusion-rollover-title-link):not(.fusion-breadcrumb-link):after {color: #5453bf;}.fusion-fullwidth.fusion-builder-row-2 a:not(.fusion-button):not(.fusion-builder-module-control):not(.fusion-social-network-icon):not(.fb-icon-element):not(.fusion-countdown-link):not(.fusion-rollover-link):not(.fusion-rollover-gallery):not(.fusion-button-bar):not(.add_to_cart_button):not(.show_details_button):not(.product_type_external):not(.fusion-quick-view):not(.fusion-rollover-title-link):not(.fusion-breadcrumb-link):hover, .fusion-fullwidth.fusion-builder-row-2 a:not(.fusion-button):not(.fusion-builder-module-control):not(.fusion-social-network-icon):not(.fb-icon-element):not(.fusion-countdown-link):not(.fusion-rollover-link):not(.fusion-rollover-gallery):not(.fusion-button-bar):not(.add_to_cart_button):not(.show_details_button):not(.product_type_external):not(.fusion-quick-view):not(.fusion-rollover-title-link):not(.fusion-breadcrumb-link):hover:before, .fusion-fullwidth.fusion-builder-row-2 a:not(.fusion-button):not(.fusion-builder-module-control):not(.fusion-social-network-icon):not(.fb-icon-element):not(.fusion-countdown-link):not(.fusion-rollover-link):not(.fusion-rollover-gallery):not(.fusion-button-bar):not(.add_to_cart_button):not(.show_details_button):not(.product_type_external):not(.fusion-quick-view):not(.fusion-rollover-title-link):not(.fusion-breadcrumb-link):hover:after {color: #35baf2;}.fusion-fullwidth.fusion-builder-row-2 .pagination a.inactive:hover, .fusion-fullwidth.fusion-builder-row-2 .fusion-filters .fusion-filter.fusion-active a {border-color: #35baf2;}.fusion-fullwidth.fusion-builder-row-2 .pagination .current {border-color: #35baf2; background-color: #35baf2;}.fusion-fullwidth.fusion-builder-row-2 .fusion-filters .fusion-filter.fusion-active a, .fusion-fullwidth.fusion-builder-row-2 .fusion-date-and-formats .fusion-format-box, .fusion-fullwidth.fusion-builder-row-2 .fusion-popover, .fusion-fullwidth.fusion-builder-row-2 .tooltip-shortcode {color: #35baf2;}#main .fusion-fullwidth.fusion-builder-row-2 .post .blog-shortcode-post-title a:hover {color: #35baf2;}<\/style><div class=\"fusion-fullwidth fullwidth-box fusion-builder-row-3 nonhundred-percent-fullwidth non-hundred-percent-height-scrolling\"  style='background-color: rgba(255,255,255,0);background-position: center center;background-repeat: no-repeat;padding-top:0px;padding-right:0px;padding-bottom:0px;padding-left:0px;'><div class=\"fusion-builder-row fusion-row\"><div  class=\"fusion-layout-column fusion_builder_column fusion_builder_column_1_1 fusion-builder-column-2 fusion-one-full fusion-column-first fusion-column-last 1_1\"  style='margin-top:15px;margin-bottom:15px;'><div class=\"fusion-column-wrapper\" style=\"padding: 0px 0px 0px 0px;background-position:left top;background-repeat:no-repeat;-webkit-background-size:cover;-moz-background-size:cover;-o-background-size:cover;background-size:cover;\"   data-bg-url=\"\"><div class=\"fusion-text\"><p>\u00cen cazul \u00een care dori\u021bi mai multe informa\u021bii privind Google Analytics, v\u0103 rug\u0103m s\u0103 vizita\u021bi http:\/\/www.google.com\/analytics\/learn\/privacy.html sau dac\u0103 dori\u021bi s\u0103 refuza\u021bi serviciul, v\u0103 rug\u0103m s\u0103 vizita\u021bi https:\/\/tools.google.com\/dlpage\/gaoptout.<\/p>\n<\/div><div class=\"fusion-clearfix\"><\/div><\/div><\/div><\/div><\/div><style type=\"text\/css\">.fusion-fullwidth.fusion-builder-row-3 a:not(.fusion-button):not(.fusion-builder-module-control):not(.fusion-social-network-icon):not(.fb-icon-element):not(.fusion-countdown-link):not(.fusion-rollover-link):not(.fusion-rollover-gallery):not(.fusion-button-bar):not(.add_to_cart_button):not(.show_details_button):not(.product_type_external):not(.fusion-quick-view):not(.fusion-rollover-title-link):not(.fusion-breadcrumb-link) , .fusion-fullwidth.fusion-builder-row-3 a:not(.fusion-button):not(.fusion-builder-module-control):not(.fusion-social-network-icon):not(.fb-icon-element):not(.fusion-countdown-link):not(.fusion-rollover-link):not(.fusion-rollover-gallery):not(.fusion-button-bar):not(.add_to_cart_button):not(.show_details_button):not(.product_type_external):not(.fusion-quick-view):not(.fusion-rollover-title-link):not(.fusion-breadcrumb-link):before, .fusion-fullwidth.fusion-builder-row-3 a:not(.fusion-button):not(.fusion-builder-module-control):not(.fusion-social-network-icon):not(.fb-icon-element):not(.fusion-countdown-link):not(.fusion-rollover-link):not(.fusion-rollover-gallery):not(.fusion-button-bar):not(.add_to_cart_button):not(.show_details_button):not(.product_type_external):not(.fusion-quick-view):not(.fusion-rollover-title-link):not(.fusion-breadcrumb-link):after {color: #5453bf;}.fusion-fullwidth.fusion-builder-row-3 a:not(.fusion-button):not(.fusion-builder-module-control):not(.fusion-social-network-icon):not(.fb-icon-element):not(.fusion-countdown-link):not(.fusion-rollover-link):not(.fusion-rollover-gallery):not(.fusion-button-bar):not(.add_to_cart_button):not(.show_details_button):not(.product_type_external):not(.fusion-quick-view):not(.fusion-rollover-title-link):not(.fusion-breadcrumb-link):hover, .fusion-fullwidth.fusion-builder-row-3 a:not(.fusion-button):not(.fusion-builder-module-control):not(.fusion-social-network-icon):not(.fb-icon-element):not(.fusion-countdown-link):not(.fusion-rollover-link):not(.fusion-rollover-gallery):not(.fusion-button-bar):not(.add_to_cart_button):not(.show_details_button):not(.product_type_external):not(.fusion-quick-view):not(.fusion-rollover-title-link):not(.fusion-breadcrumb-link):hover:before, .fusion-fullwidth.fusion-builder-row-3 a:not(.fusion-button):not(.fusion-builder-module-control):not(.fusion-social-network-icon):not(.fb-icon-element):not(.fusion-countdown-link):not(.fusion-rollover-link):not(.fusion-rollover-gallery):not(.fusion-button-bar):not(.add_to_cart_button):not(.show_details_button):not(.product_type_external):not(.fusion-quick-view):not(.fusion-rollover-title-link):not(.fusion-breadcrumb-link):hover:after {color: #35baf2;}.fusion-fullwidth.fusion-builder-row-3 .pagination a.inactive:hover, .fusion-fullwidth.fusion-builder-row-3 .fusion-filters .fusion-filter.fusion-active a {border-color: #35baf2;}.fusion-fullwidth.fusion-builder-row-3 .pagination .current {border-color: #35baf2; background-color: #35baf2;}.fusion-fullwidth.fusion-builder-row-3 .fusion-filters .fusion-filter.fusion-active a, .fusion-fullwidth.fusion-builder-row-3 .fusion-date-and-formats .fusion-format-box, .fusion-fullwidth.fusion-builder-row-3 .fusion-popover, .fusion-fullwidth.fusion-builder-row-3 .tooltip-shortcode {color: #35baf2;}#main .fusion-fullwidth.fusion-builder-row-3 .post .blog-shortcode-post-title a:hover {color: #35baf2;}<\/style><\/p>","protected":false},"excerpt":{"rendered":"","protected":false},"author":14,"featured_media":0,"parent":0,"menu_order":0,"comment_status":"closed","ping_status":"closed","template":"","meta":[],"_links":{"self":[{"href":"https:\/\/florio-haemo.com\/ro\/wp-json\/wp\/v2\/pages\/1031"}],"collection":[{"href":"https:\/\/florio-haemo.com\/ro\/wp-json\/wp\/v2\/pages"}],"about":[{"href":"https:\/\/florio-haemo.com\/ro\/wp-json\/wp\/v2\/types\/page"}],"author":[{"embeddable":true,"href":"https:\/\/florio-haemo.com\/ro\/wp-json\/wp\/v2\/users\/14"}],"replies":[{"embeddable":true,"href":"https:\/\/florio-haemo.com\/ro\/wp-json\/wp\/v2\/comments?post=1031"}],"version-history":[{"count":0,"href":"https:\/\/florio-haemo.com\/ro\/wp-json\/wp\/v2\/pages\/1031\/revisions"}],"wp:attachment":[{"href":"https:\/\/florio-haemo.com\/ro\/wp-json\/wp\/v2\/media?parent=1031"}],"curies":[{"name":"wp","href":"https:\/\/api.w.org\/{rel}","templated":true}]}}