{"id":1236,"date":"2020-12-07T15:15:02","date_gmt":"2020-12-07T15:15:02","guid":{"rendered":"https:\/\/floriohaemo.wpengine.com\/?page_id=1236"},"modified":"2024-10-29T10:58:34","modified_gmt":"2024-10-29T10:58:34","slug":"disclaimer","status":"publish","type":"page","link":"https:\/\/florio-haemo.com\/pl\/disclaimer\/","title":{"rendered":"Wy\u0142\u0105czenie odpowiedzialno\u015bci"},"content":{"rendered":"<div class=\"fusion-fullwidth fullwidth-box fusion-builder-row-1 nonhundred-percent-fullwidth non-hundred-percent-height-scrolling\"  style='background-color: rgba(255,255,255,0);background-position: center center;background-repeat: no-repeat;padding-top:0px;padding-right:0px;padding-bottom:0px;padding-left:0px;'><div class=\"fusion-builder-row fusion-row\"><div  class=\"fusion-layout-column fusion_builder_column fusion_builder_column_1_1 fusion-builder-column-0 fusion-one-full fusion-column-first fusion-column-last 1_1\"  style='margin-top:15px;margin-bottom:15px;'><div class=\"fusion-column-wrapper\" style=\"padding: 0px 0px 0px 0px;background-position:left top;background-repeat:no-repeat;-webkit-background-size:cover;-moz-background-size:cover;-o-background-size:cover;background-size:cover;\"   data-bg-url=\"\"><div class=\"fusion-text\"><h1>Wy\u0142\u0105czenie odpowiedzialno\u015bci<\/h1>\n<p><span data-contrast=\"auto\">Ostatnia aktualizacja: Pa\u017adziernik 2024 r.<\/span><span data-ccp-props=\"{\">\u00a0<\/span><\/p>\n<p><span data-ccp-props=\"{\">\u00a0<\/span><\/p>\n<p><b><span data-contrast=\"auto\">aplikacja florio HAEMO\u00a0<\/span><\/b><span data-ccp-props=\"{\">\u00a0<\/span><\/p>\n<p>Aplikacja nie jest przeznaczona do stosowania zamiast porady lekarza lub innego pracownika s\u0142u\u017cby zdrowia. W przypadku jakichkolwiek problem\u00f3w zdrowotnych nale\u017cy niezw\u0142ocznie skontaktowa\u0107 si\u0119 z lekarzem lub innym pracownikiem s\u0142u\u017cby zdrowia. Je\u015bli masz jakiekolwiek pytania dotycz\u0105ce florio HAEMO, prosimy skontaktowa\u0107 si\u0119 z nami pod adresem help@florio.com.\n\nflorio HAEMO to oprogramowanie przeznaczone do monitorowania leczenia hemofilii, rzadkiego schorzenia hematologicznego oraz jego wynik\u00f3w. U\u017cytkownicy nieprofesjonalni mog\u0105 rejestrowa\u0107 zdarzenia zwi\u0105zane z hemofili\u0105 i przegl\u0105da\u0107 spersonalizowane tendencje i analizy danych, kt\u00f3re pomagaj\u0105 im zarz\u0105dza\u0107 swoj\u0105 chorob\u0105. Te spersonalizowane tendencje i analizy danych mog\u0105 by\u0107 wykorzystywane do wspierania podejmowania decyzji dotycz\u0105cych leczenia przez pracownik\u00f3w s\u0142u\u017cby zdrowia.\n\nDocelowymi u\u017cytkownikami s\u0105 zwykli u\u017cytkownicy \/ laicy (florio HAEMO App) i pracownicy s\u0142u\u017cby zdrowia (florio HAEMO Dashboard). florio HAEMO nie jest przeznaczone do u\u017cytku przez u\u017cytkownik\u00f3w z chorob\u0105 inn\u0105 ni\u017c hemofilia.<\/p>\n<p>florio HAEMO is a software intended to monitor treatment of haemophilia, a rare haematologic disorder, and its outcomes. Lay users can record haemophilia-related events and view personalised data trends and analyses that help them manage their condition. These personalised data trends and analyses can be used to support treatment decision-making by HCPs.<\/p>\n<p>The intended users are lay users (florio HAEMO App) and healthcare professionals (florio HAEMO Dashboard). florio HAEMO is not intended to be used by users with a disease other than haemophilia.<\/p>\n<p><span data-ccp-props=\"{\">\u00a0<\/span><\/p>\n<p><b><span data-contrast=\"auto\">tablica rozdzielcza florio HAEMO<\/span><\/b><span data-ccp-props=\"{\">\u00a0<\/span><\/p>\n<p>florio HAEMO nie udziela porad medycznych. Informacje przedstawione we florio HAEMO nie s\u0105 przeznaczone do cel\u00f3w diagnostycznych i nie maj\u0105 na celu zast\u0105pienia Pa\u0144stwa kompleksowego szkolenia medycznego. Podczas diagnozowania i leczenia pacjenta powinni Pa\u0144stwo polega\u0107 wy\u0142\u0105cznie na w\u0142asnym, niezale\u017cnym os\u0105dzie. florio HAEMO to oprogramowanie przeznaczone do monitorowania leczenia hemofilii, rzadkiego zaburzenia hematologicznego oraz jego wynik\u00f3w. Zwykli u\u017cytkownicy mog\u0105 rejestrowa\u0107 zdarzenia zwi\u0105zane z hemofili\u0105 oraz przegl\u0105da\u0107 spersonalizowane trendy i analizy danych, kt\u00f3re pomagaj\u0105 im zarz\u0105dza\u0107 swoj\u0105 chorob\u0105. Te spersonalizowane trendy i analizy danych mog\u0105 by\u0107 wykorzystywane do wspierania podejmowania decyzji dotycz\u0105cych leczenia przez pracownik\u00f3w ochrony zdrowia. Docelowymi u\u017cytkownikami s\u0105 zwykli u\u017cytkownicy (florio HAEMO App) i pracownicy ochrony zdrowia (florio HAEMO Dashboard). florio HAEMO nie jest przeznaczona do u\u017cytku przez u\u017cytkownik\u00f3w z chorob\u0105 inn\u0105 ni\u017c hemofilia. Poziom czynnika % podany w aplikacji florio HAEMO stanowi jedynie warto\u015b\u0107 szacunkow\u0105 i nie jest rzeczywistym pomiarem. Szacowany poziom czynnika mo\u017ce nie odpowiada\u0107 rzeczywistemu, aktualnemu poziomowi czynnika Pa\u0144stwa pacjenta. Jest on obliczany i dostarczany przez us\u0142ug\u0119 strony trzeciej (platforma McMaster PopPK, Uniwersytet McMaster, Kanada). florio HAEMO pobiera poziom czynnika Pa\u0144stwa pacjenta z platformy McMaster PopPK po ka\u017cdym zapisanym przez pacjenta zastrzyku. florio HAEMO nie ma kontroli nad oszacowaniem i nie mo\u017ce zagwarantowa\u0107 dok\u0142adno\u015bci oszacowania dostarczonego przez platform\u0119 McMaster PopPK. Szczeg\u00f3\u0142y planu leczenia s\u0105 r\u00f3wnie\u017c dostarczane za po\u015brednictwem platformy McMaster PopPK zgodnie z Pa\u0144stwa specyfikacj\u0105 na platformie McMaster PopPK. Wa\u017cne jest, aby przy ka\u017cdej zmianie planu leczenia dla konkretnego pacjenta w ramach profilaktyki opartej na PK odpowiednio zmieni\u0107 specyfikacje na platformie McMaster PopPK lub wy\u0142\u0105czy\u0107 korzystanie z aplikacji na platformie McMaster PopPK b\u0105d\u017a florio HAEMO Dashboard.  Informacje o aktywno\u015bci s\u0105 dostarczane przez zewn\u0119trznych dostawc\u00f3w (HealthConnect i Apple HealthKit). florio HAEMO nie ma kontroli nad danymi pochodz\u0105cymi z takich funkcji i nie mo\u017ce zagwarantowa\u0107 dok\u0142adno\u015bci takich danych. Wszystkie udost\u0119pnione funkcje zale\u017c\u0105 od dok\u0142adnych danych wprowadzonych przez Pa\u0144stwa i Pa\u0144stwa pacjenta; i s\u0105 u\u017cywane oraz zarz\u0105dzane wy\u0142\u0105cznie na Pa\u0144stwa i Pa\u0144stwa pacjenta odpowiedzialno\u015b\u0107. Nie mo\u017cna wykluczy\u0107 b\u0142\u0119d\u00f3w lub niedok\u0142adno\u015bci w danych wy\u015bwietlanych na pulpicie nawigacyjnym florio HAEMO.<\/p>\n<\/div><div class=\"fusion-clearfix\"><\/div><\/div><\/div><\/div><\/div><style type=\"text\/css\">.fusion-fullwidth.fusion-builder-row-1 a:not(.fusion-button):not(.fusion-builder-module-control):not(.fusion-social-network-icon):not(.fb-icon-element):not(.fusion-countdown-link):not(.fusion-rollover-link):not(.fusion-rollover-gallery):not(.fusion-button-bar):not(.add_to_cart_button):not(.show_details_button):not(.product_type_external):not(.fusion-quick-view):not(.fusion-rollover-title-link):not(.fusion-breadcrumb-link) , .fusion-fullwidth.fusion-builder-row-1 a:not(.fusion-button):not(.fusion-builder-module-control):not(.fusion-social-network-icon):not(.fb-icon-element):not(.fusion-countdown-link):not(.fusion-rollover-link):not(.fusion-rollover-gallery):not(.fusion-button-bar):not(.add_to_cart_button):not(.show_details_button):not(.product_type_external):not(.fusion-quick-view):not(.fusion-rollover-title-link):not(.fusion-breadcrumb-link):before, .fusion-fullwidth.fusion-builder-row-1 a:not(.fusion-button):not(.fusion-builder-module-control):not(.fusion-social-network-icon):not(.fb-icon-element):not(.fusion-countdown-link):not(.fusion-rollover-link):not(.fusion-rollover-gallery):not(.fusion-button-bar):not(.add_to_cart_button):not(.show_details_button):not(.product_type_external):not(.fusion-quick-view):not(.fusion-rollover-title-link):not(.fusion-breadcrumb-link):after {color: #5453bf;}.fusion-fullwidth.fusion-builder-row-1 a:not(.fusion-button):not(.fusion-builder-module-control):not(.fusion-social-network-icon):not(.fb-icon-element):not(.fusion-countdown-link):not(.fusion-rollover-link):not(.fusion-rollover-gallery):not(.fusion-button-bar):not(.add_to_cart_button):not(.show_details_button):not(.product_type_external):not(.fusion-quick-view):not(.fusion-rollover-title-link):not(.fusion-breadcrumb-link):hover, .fusion-fullwidth.fusion-builder-row-1 a:not(.fusion-button):not(.fusion-builder-module-control):not(.fusion-social-network-icon):not(.fb-icon-element):not(.fusion-countdown-link):not(.fusion-rollover-link):not(.fusion-rollover-gallery):not(.fusion-button-bar):not(.add_to_cart_button):not(.show_details_button):not(.product_type_external):not(.fusion-quick-view):not(.fusion-rollover-title-link):not(.fusion-breadcrumb-link):hover:before, .fusion-fullwidth.fusion-builder-row-1 a:not(.fusion-button):not(.fusion-builder-module-control):not(.fusion-social-network-icon):not(.fb-icon-element):not(.fusion-countdown-link):not(.fusion-rollover-link):not(.fusion-rollover-gallery):not(.fusion-button-bar):not(.add_to_cart_button):not(.show_details_button):not(.product_type_external):not(.fusion-quick-view):not(.fusion-rollover-title-link):not(.fusion-breadcrumb-link):hover:after {color: #35baf2;}.fusion-fullwidth.fusion-builder-row-1 .pagination a.inactive:hover, .fusion-fullwidth.fusion-builder-row-1 .fusion-filters .fusion-filter.fusion-active a {border-color: #35baf2;}.fusion-fullwidth.fusion-builder-row-1 .pagination .current {border-color: #35baf2; background-color: #35baf2;}.fusion-fullwidth.fusion-builder-row-1 .fusion-filters .fusion-filter.fusion-active a, .fusion-fullwidth.fusion-builder-row-1 .fusion-date-and-formats .fusion-format-box, .fusion-fullwidth.fusion-builder-row-1 .fusion-popover, .fusion-fullwidth.fusion-builder-row-1 .tooltip-shortcode {color: #35baf2;}#main .fusion-fullwidth.fusion-builder-row-1 .post .blog-shortcode-post-title a:hover {color: #35baf2;}<\/style>","protected":false},"excerpt":{"rendered":"","protected":false},"author":14,"featured_media":0,"parent":0,"menu_order":0,"comment_status":"closed","ping_status":"closed","template":"","meta":[],"_links":{"self":[{"href":"https:\/\/florio-haemo.com\/pl\/wp-json\/wp\/v2\/pages\/1236"}],"collection":[{"href":"https:\/\/florio-haemo.com\/pl\/wp-json\/wp\/v2\/pages"}],"about":[{"href":"https:\/\/florio-haemo.com\/pl\/wp-json\/wp\/v2\/types\/page"}],"author":[{"embeddable":true,"href":"https:\/\/florio-haemo.com\/pl\/wp-json\/wp\/v2\/users\/14"}],"replies":[{"embeddable":true,"href":"https:\/\/florio-haemo.com\/pl\/wp-json\/wp\/v2\/comments?post=1236"}],"version-history":[{"count":11,"href":"https:\/\/florio-haemo.com\/pl\/wp-json\/wp\/v2\/pages\/1236\/revisions"}],"predecessor-version":[{"id":1421,"href":"https:\/\/florio-haemo.com\/pl\/wp-json\/wp\/v2\/pages\/1236\/revisions\/1421"}],"wp:attachment":[{"href":"https:\/\/florio-haemo.com\/pl\/wp-json\/wp\/v2\/media?parent=1236"}],"curies":[{"name":"wp","href":"https:\/\/api.w.org\/{rel}","templated":true}]}}