{"id":1236,"date":"2020-12-07T15:15:02","date_gmt":"2020-12-07T15:15:02","guid":{"rendered":"https:\/\/floriohaemo.wpengine.com\/?page_id=1236"},"modified":"2024-10-29T10:58:34","modified_gmt":"2024-10-29T10:58:34","slug":"disclaimer","status":"publish","type":"page","link":"https:\/\/florio-haemo.com\/no\/disclaimer\/","title":{"rendered":"Ansvarsfraskrivelse\u202f"},"content":{"rendered":"<div class=\"fusion-fullwidth fullwidth-box fusion-builder-row-1 nonhundred-percent-fullwidth non-hundred-percent-height-scrolling\"  style='background-color: rgba(255,255,255,0);background-position: center center;background-repeat: no-repeat;padding-top:0px;padding-right:0px;padding-bottom:0px;padding-left:0px;'><div class=\"fusion-builder-row fusion-row\"><div  class=\"fusion-layout-column fusion_builder_column fusion_builder_column_1_1 fusion-builder-column-0 fusion-one-full fusion-column-first fusion-column-last 1_1\"  style='margin-top:15px;margin-bottom:15px;'><div class=\"fusion-column-wrapper\" style=\"padding: 0px 0px 0px 0px;background-position:left top;background-repeat:no-repeat;-webkit-background-size:cover;-moz-background-size:cover;-o-background-size:cover;background-size:cover;\"   data-bg-url=\"\"><div class=\"fusion-text\"><h1>Ansvarsfraskrivelse\u202f<\/h1>\n<p><span data-contrast=\"auto\">Siste oppdatering: Oktober 2024<\/span><span data-ccp-props=\"{\">\u00a0<\/span><\/p>\n<p><span data-ccp-props=\"{\">\u00a0<\/span><\/p>\n<p><b><span data-contrast=\"auto\">florio HAEMO-appen\u00a0<\/span><\/b><span data-ccp-props=\"{\">\u00a0<\/span><\/p>\n<p>Denne appen er ikke ment til \u00e5 bli brukt i stedet for r\u00e5d fra legen din eller annet helsepersonell. Dersom du har helserelaterte problemer, skal du ta kontakt med fastlegen din eller annet helsepersonell s\u00e5 fort som mulig. Hvis du har sp\u00f8rsm\u00e5l om florio HAEMO, kan du kontakte oss p\u00e5 help@florio.com.\n\nflorio HAEMO er en programvare beregnet p\u00e5 \u00e5 overv\u00e5ke behandling av hemofili, en sjelden blodsykdom, og dens utfall. Brukere som ikke er helsepersonell, kan registrere hemofilirelaterte hendelser og se personlige datatrender og analyser som hjelper dem \u00e5 h\u00e5ndtere tilstanden sin. Disse personlige datatrendene og analysene kan brukes til \u00e5 st\u00f8tte behandlingsbeslutninger som foretas av helsepersonell.\n\nDe tiltenkte brukerne er ikke-helsepersonell (florio HAEMO-appen) og helsepersonell (florio HAEMO-dashbordet). florio HAEMO er ikke ment \u00e5 bli brukt av brukere med en annen sykdom enn hemofili.<\/p>\n<p>florio HAEMO is a software intended to monitor treatment of haemophilia, a rare haematologic disorder, and its outcomes. Lay users can record haemophilia-related events and view personalised data trends and analyses that help them manage their condition. These personalised data trends and analyses can be used to support treatment decision-making by HCPs.<\/p>\n<p>The intended users are lay users (florio HAEMO App) and healthcare professionals (florio HAEMO Dashboard). florio HAEMO is not intended to be used by users with a disease other than haemophilia.<\/p>\n<p><span data-ccp-props=\"{\">\u00a0<\/span><\/p>\n<p><b><span data-contrast=\"auto\">florio HAEMO dashbord<\/span><\/b><span data-ccp-props=\"{\">\u00a0<\/span><\/p>\n<p>florio HAEMO gir ikke medisinske r\u00e5d. Informasjonen som vises i florio HAEMO er ikke beregnet p\u00e5 diagnostiske form\u00e5l og kan ikke erstatte din omfattende medisinske oppl\u00e6ring. Du b\u00f8r utelukkende stole p\u00e5 din egen uavhengige vurdering i diagnostisering og behandling av pasienten din. florio HAEMO er programvare som er beregnet p\u00e5 \u00e5 overv\u00e5ke behandlingen av hemofili, en sjelden hematologisk lidelse, og resultatene av den. Brukere som ikke er helsepersonell, kan registrere hemofilirelaterte hendelser og se personlige datatrender og analyser som hjelper dem \u00e5 h\u00e5ndtere tilstanden sin. Disse personlige datatrendene og analysene kan brukes til \u00e5 st\u00f8tte behandlingsbeslutninger av helsepersonell. De tiltenkte brukerne er ikke-helsepersonell (florio HAEMO-appen) og helsepersonell (florio HAEMO-dashbordet). florio HAEMO er ikke ment \u00e5 bli brukt av brukere med en annen sykdom enn hemofili. Faktorniv\u00e5et i % som vises i florio HAEMO, er kun et estimat og ikke en faktisk m\u00e5ling. Det estimerte faktorniv\u00e5et samsvarer kanskje ikke med det faktiske, n\u00e5v\u00e6rende faktorniv\u00e5et til pasienten. Det beregnes og leveres av en tredjepartstjeneste (McMaster PopPK-plattformen, McMaster University, Canada). florio HAEMO henter pasientens faktorniv\u00e5 fra McMaster PopPK-plattformen etter hver lagrede injeksjon av pasienten. florio HAEMO har ingen kontroll over estimatet og kan ikke garantere n\u00f8yaktigheten til estimatet levert av McMaster PopPK-plattformen. Detaljene for behandlingsplanen leveres ogs\u00e5 via McMaster PopPK-plattformen i henhold til spesifikasjonene dine p\u00e5 McMaster PopPK-plattformen. Ved enhver endring av behandlingsplanen for en spesifikk pasient p\u00e5 PK-veiledet profylakse, er det viktig at du endrer spesifikasjonene p\u00e5 McMaster PopPK-plattformen tilsvarende eller deaktiverer bruken av appen p\u00e5 McMaster PopPK-plattformen eller florio HAEMO-dashbordet. Aktivitetsinformasjon leveres av tredjepartsleverand\u00f8rer (HealthConnect og Apple HealthKit). florio HAEMO har ikke kontroll over data som kommer fra disse kildene, og kan ikke garantere at disse dataene er n\u00f8yaktige. Alle leverte funksjoner er avhengige av din og pasientens n\u00f8yaktige registrering, og de brukes og administreres under din og pasientens fulle egenansvar. Det kan ikke utelukkes at det oppst\u00e5r feil eller un\u00f8yaktigheter i dataene som vises p\u00e5 florio HAEMO-dashbordet.<\/p>\n<\/div><div class=\"fusion-clearfix\"><\/div><\/div><\/div><\/div><\/div><style type=\"text\/css\">.fusion-fullwidth.fusion-builder-row-1 a:not(.fusion-button):not(.fusion-builder-module-control):not(.fusion-social-network-icon):not(.fb-icon-element):not(.fusion-countdown-link):not(.fusion-rollover-link):not(.fusion-rollover-gallery):not(.fusion-button-bar):not(.add_to_cart_button):not(.show_details_button):not(.product_type_external):not(.fusion-quick-view):not(.fusion-rollover-title-link):not(.fusion-breadcrumb-link) , .fusion-fullwidth.fusion-builder-row-1 a:not(.fusion-button):not(.fusion-builder-module-control):not(.fusion-social-network-icon):not(.fb-icon-element):not(.fusion-countdown-link):not(.fusion-rollover-link):not(.fusion-rollover-gallery):not(.fusion-button-bar):not(.add_to_cart_button):not(.show_details_button):not(.product_type_external):not(.fusion-quick-view):not(.fusion-rollover-title-link):not(.fusion-breadcrumb-link):before, .fusion-fullwidth.fusion-builder-row-1 a:not(.fusion-button):not(.fusion-builder-module-control):not(.fusion-social-network-icon):not(.fb-icon-element):not(.fusion-countdown-link):not(.fusion-rollover-link):not(.fusion-rollover-gallery):not(.fusion-button-bar):not(.add_to_cart_button):not(.show_details_button):not(.product_type_external):not(.fusion-quick-view):not(.fusion-rollover-title-link):not(.fusion-breadcrumb-link):after {color: #5453bf;}.fusion-fullwidth.fusion-builder-row-1 a:not(.fusion-button):not(.fusion-builder-module-control):not(.fusion-social-network-icon):not(.fb-icon-element):not(.fusion-countdown-link):not(.fusion-rollover-link):not(.fusion-rollover-gallery):not(.fusion-button-bar):not(.add_to_cart_button):not(.show_details_button):not(.product_type_external):not(.fusion-quick-view):not(.fusion-rollover-title-link):not(.fusion-breadcrumb-link):hover, .fusion-fullwidth.fusion-builder-row-1 a:not(.fusion-button):not(.fusion-builder-module-control):not(.fusion-social-network-icon):not(.fb-icon-element):not(.fusion-countdown-link):not(.fusion-rollover-link):not(.fusion-rollover-gallery):not(.fusion-button-bar):not(.add_to_cart_button):not(.show_details_button):not(.product_type_external):not(.fusion-quick-view):not(.fusion-rollover-title-link):not(.fusion-breadcrumb-link):hover:before, .fusion-fullwidth.fusion-builder-row-1 a:not(.fusion-button):not(.fusion-builder-module-control):not(.fusion-social-network-icon):not(.fb-icon-element):not(.fusion-countdown-link):not(.fusion-rollover-link):not(.fusion-rollover-gallery):not(.fusion-button-bar):not(.add_to_cart_button):not(.show_details_button):not(.product_type_external):not(.fusion-quick-view):not(.fusion-rollover-title-link):not(.fusion-breadcrumb-link):hover:after {color: #35baf2;}.fusion-fullwidth.fusion-builder-row-1 .pagination a.inactive:hover, .fusion-fullwidth.fusion-builder-row-1 .fusion-filters .fusion-filter.fusion-active a {border-color: #35baf2;}.fusion-fullwidth.fusion-builder-row-1 .pagination .current {border-color: #35baf2; background-color: #35baf2;}.fusion-fullwidth.fusion-builder-row-1 .fusion-filters .fusion-filter.fusion-active a, .fusion-fullwidth.fusion-builder-row-1 .fusion-date-and-formats .fusion-format-box, .fusion-fullwidth.fusion-builder-row-1 .fusion-popover, .fusion-fullwidth.fusion-builder-row-1 .tooltip-shortcode {color: #35baf2;}#main .fusion-fullwidth.fusion-builder-row-1 .post .blog-shortcode-post-title a:hover {color: #35baf2;}<\/style>","protected":false},"excerpt":{"rendered":"","protected":false},"author":14,"featured_media":0,"parent":0,"menu_order":0,"comment_status":"closed","ping_status":"closed","template":"","meta":[],"_links":{"self":[{"href":"https:\/\/florio-haemo.com\/no\/wp-json\/wp\/v2\/pages\/1236"}],"collection":[{"href":"https:\/\/florio-haemo.com\/no\/wp-json\/wp\/v2\/pages"}],"about":[{"href":"https:\/\/florio-haemo.com\/no\/wp-json\/wp\/v2\/types\/page"}],"author":[{"embeddable":true,"href":"https:\/\/florio-haemo.com\/no\/wp-json\/wp\/v2\/users\/14"}],"replies":[{"embeddable":true,"href":"https:\/\/florio-haemo.com\/no\/wp-json\/wp\/v2\/comments?post=1236"}],"version-history":[{"count":11,"href":"https:\/\/florio-haemo.com\/no\/wp-json\/wp\/v2\/pages\/1236\/revisions"}],"predecessor-version":[{"id":1421,"href":"https:\/\/florio-haemo.com\/no\/wp-json\/wp\/v2\/pages\/1236\/revisions\/1421"}],"wp:attachment":[{"href":"https:\/\/florio-haemo.com\/no\/wp-json\/wp\/v2\/media?parent=1236"}],"curies":[{"name":"wp","href":"https:\/\/api.w.org\/{rel}","templated":true}]}}