{"id":1033,"date":"2020-04-14T16:21:37","date_gmt":"2020-04-14T16:21:37","guid":{"rendered":"http:\/\/floriogmbh.wpengine.com\/?page_id=1033"},"modified":"2023-07-26T14:17:27","modified_gmt":"2023-07-26T14:17:27","slug":"data-policy","status":"publish","type":"page","link":"https:\/\/florio-haemo.com\/no\/data-policy\/","title":{"rendered":"Data Policy"},"content":{"rendered":"<div class=\"fusion-fullwidth fullwidth-box fusion-builder-row-1 nonhundred-percent-fullwidth non-hundred-percent-height-scrolling\"  style='background-color: rgba(255,255,255,0);background-position: center center;background-repeat: no-repeat;padding-top:0px;padding-right:0px;padding-bottom:0px;padding-left:0px;'><div class=\"fusion-builder-row fusion-row\"><div  class=\"fusion-layout-column fusion_builder_column fusion_builder_column_1_1 fusion-builder-column-0 fusion-one-full fusion-column-first fusion-column-last 1_1\"  style='margin-top:15px;margin-bottom:15px;'><div class=\"fusion-column-wrapper\" style=\"padding: 0px 0px 0px 0px;background-position:left top;background-repeat:no-repeat;-webkit-background-size:cover;-moz-background-size:cover;-o-background-size:cover;background-size:cover;\"   data-bg-url=\"\"><div class=\"fusion-text\"><h2><h2>Personvernerkl\u00e6ring for Florio-nettstedet<\/h2><\/h2>\n<p><strong><strong>\u00a7 1 Informasjon om innsamling og behandling av personopplysninger og identifikasjon av leverand\u00f8r<\/strong><\/strong><\/p>\n<p>(1) Florio GmbH tar personvern p\u00e5 st\u00f8rste alvor. Derfor behandler vi kundeopplysningene v\u00e5re utelukkende i samsvar med gjeldende personvernforskrifter (blant annet EUs personvernforordning [GDPR] og den tyske BDSG-neu).<\/p>\n<p>(2) Nedenfor beskriver vi hvordan personopplysninger samles inn n\u00e5r du bruker dette nettstedet. Personopplysninger er all informasjon som gjelder en identifiserbar eller identifisert person, f.eks. navn, adresser, telefonnummer og brukeratferd.<\/p>\n<p>(3) Vi behandler ingen personopplysninger n\u00e5r du bruker nettstedet, bortsett fra de som nettstedet samler inn automatisk ved hjelp av teknologi (se \u00a7 4).<\/p>\n<p>(4) Behandlingsansvarlig i henhold til artikkel 4 avsnitt 7 i GDPR er Florio GmbH, Wilhelm-Wagenfeld-Str. 22, 80807 M\u00fcnchen, Tyskland.<\/p>\n<p><strong><strong>\u00a7 2 Rettighetene dine og hvordan du ut\u00f8ver dem<\/strong><\/strong><\/p>\n<p>(1) Hvis du ber om det, vil vi svare deg skriftlig p\u00e5 hvilke personopplysninger som vi eventuelt har lagret om deg. Du har rett til \u00e5 f\u00e5 rettet opplysninger som eventuelt er feil og, med hensyn til form\u00e5let med behandlingen, til \u00e5 komplettere mangelfulle opplysninger.<\/p>\n<p>(2) Du har ogs\u00e5 rett til \u00e5 be om at behandlingen av personopplysningene dine begrenses, forutsatt at de lovfestede betingelsene for dette er oppfylt. Videre har du rett til \u00e5 motta opplysningene du har oppgitt, i et strukturert, vanlig brukt og maskinlesbart format. Du kan ogs\u00e5 motsette deg all behandling av personopplysninger fra v\u00e5r side.<\/p>\n<p>(3) Hvis behandlingen av opplysningene dine er basert p\u00e5 samtykke, har du rett til \u00e5 trekke tilbake samtykket ditt n\u00e5r som helst. Hvis du trekker tilbake samtykket, vil all behandling av personopplysninger som har foreg\u00e5tt f\u00f8r du trakk tilbake samtykket, likevel v\u00e6re lovlig.<\/p>\n<p>(4) Med forbehold om lovfestede bestemmelser, har du videre rett til \u00e5 be om at opplysningene dine slettes, hvis det finnes et berettiget grunnlag for dette. Vi lagrer opplysningene dine bare i den tidsperioden som er n\u00f8dvendig for \u00e5 oppfylle form\u00e5lene beskrevet i denne personvernerkl\u00e6ringen, eller i en tidsperiode som du har samtykket til separat. N\u00e5r den aktuelle lagringsperioden har utl\u00f8pt, s\u00e6rlig n\u00e5r brukerforholdet med deg er avsluttet, sletter vi opplysningene i tr\u00e5d med de generelle retningslinjene vi har for sletting, med mindre lovfestede forpliktelser (s\u00e6rlig de som er nedfelt i handels- og skatterettslige bestemmelser) utelukker dette, eller en lengre lagringstid er n\u00f8dvendig i visse enkelttilfeller i forbindelse med v\u00e5re legitime interesser (interesse av \u00e5 oppfylle v\u00e5re juridiske forpliktelser og behovet for \u00e5 behandle opplysninger for \u00e5 fremme, h\u00e5ndheve eller forsvare oss mot rettslige krav). Vi sletter ogs\u00e5 disse opplysningene hvis behandlingen har v\u00e6rt ulovlig av grunner vi ikke var kjent med, eller hvis du har motsatt deg behandling og det ikke foreligger noen altoverveiende legitime interesser for \u00e5 utf\u00f8re behandlingen. Opplysningene blir ogs\u00e5 slettet hvis vi blir rettslig p\u00e5lagt \u00e5 gj\u00f8re det. Selskapet v\u00e5rt har ogs\u00e5 innf\u00f8rt tekniske tiltak slik at alle som mottar opplysningene dine, skal f\u00e5 beskjed hvis du ber om sletting eller retting. Dette gjelder bare i de tilfeller hvor vi har utlevert eller offentliggjort opplysninger. Alle koblinger til, kopier av og mangfoldiggj\u00f8ringer av personopplysningene dine blir slettet.<\/p>\n<p>(5) You can contact our data protection officer at any time using the contact details below:<\/p>\n\n<p>Data Protection Officer<br \/>\nFlorio GmbH<br \/>\nWilhelm-Wagenfeld-Str. 22<br \/>\n80807 M\u00fcnchen <a href=\"mailto:katherine@mirkwoodevansvincent.com\">&nbsp;<\/a><br \/>\nTyskland<\/p>\n<p>(6) Uten forbehold for eventuelle andre rettsmidler, har du ogs\u00e5 n\u00e5r som helst rett til \u00e5 klage til en tilsynsmyndighet, for eksempel i hjemlandet ditt.<\/p>\n<p>Tilsynsmyndigheten som er ansvarlig for v\u00e5rt selskap, er:<\/p>\n<p>Landesamt f\u00fcr Datenschutzaufsicht, Promenade 27 (Schloss), 91522 Ansbach, Tyskland; nettsted: http:\/\/www.lda.bayern.de<\/p>\n<p>(7) Alle foresp\u00f8rsler som gjelder informasjon, utlevering, sletting eller \u00e5 motsette seg behandling av personopplysninger, skal sendes p\u00e5 e-post til privacy@florio.app eller til adressen oppgitt i \u00a7 1 (3).<\/p>\n<p><strong><strong>\u00a7 3 Datasikkerhet<\/strong><\/strong><\/p>\n<p>Vi har innf\u00f8rt rimelige tiltak for \u00e5 beskytte opplysningene dine mot tap og feil bruk og mot uautorisert tilgang, utlevering, endring eller sletting. Tiltakene omfatter sikkerhetsforanstaltninger som sikrer beskyttelse i henhold til bransjestandarden.<\/p>\n<p><strong><strong>\u00a7 4 Protokolldata<\/strong><\/strong><\/p>\n<p>(1) N\u00e5r du bruker nettstedet, samler vi ikke inn noen personopplysninger, bortsett fra dataene som nettleseren av tekniske grunner automatisk overf\u00f8rer til selskapets nettserver (heretter kalt \u00abprotokolldata\u00bb), og som selskapet v\u00e5rt registrerer i loggfiler. Dette gj\u00f8res for at du skal kunne bes\u00f8ke nettstedet.<\/p>\n<p>Slike data omfatter:<\/p>\n<p>\u2022 IP-adresse<\/p>\n<p>\u2022 URL-en til det henvisende nettstedet<\/p>\n<p>\u2022 dato og tidspunkt for tilgangen<\/p>\n<p>\u2022 filen som ble \u00e5pnet<\/p>\n<p>\u2022 domenenavnet til internettleverand\u00f8ren<\/p>\n<p>\u2022 innholdet i foresp\u00f8rselen (den aktuelle siden)<\/p>\n<p>\u2022 tilgangsstatus\/HTTP-statuskode<\/p>\n<p>\u2022 overf\u00f8rt datamengde i hvert enkelt tilfelle<\/p>\n<p>\u2022 nettsted som sender foresp\u00f8rselen<\/p>\n<p>\u2022 nettlesertype og -versjon<\/p>\n<p>\u2022 operativsystem og dets grensesnitt<\/p>\n<p>\u2022 spr\u00e5k og versjon for nettleserprogramvaren<\/p>\n<p>(2) Dette er informasjon som ikke gj\u00f8r det mulig \u00e5 trekke endelige slutninger om den fysiske personen. Protokolldata er n\u00f8dvendige av tekniske grunner for riktig visning av nettstedsinnhold du har bedt om, og er obligatoriske ved bruk av internettilbud. Loggdataene evalueres utelukkende for statistiske form\u00e5l for \u00e5 optimalisere selskapets tilstedev\u00e6relse p\u00e5 internett og teknologien som muliggj\u00f8r dette, og de blir slettet i ettertid.<\/p>\n<p>(3) Protokolldataene lagres separat fra andre opplysninger som selskapet samler inn mens nettstedet brukes.<\/p>\n<p><strong><strong>\u00a7 5 Informasjonskapsler<\/strong><\/strong><\/p>\n<p>(1) I likhet med mange andre nettsteder bruker ogs\u00e5 v\u00e5rt selskap s\u00e5kalte \u00abinformasjonskapsler\u00bb. Disse informasjonskapslene er sm\u00e5 tekstfiler som overf\u00f8res til harddisken din fra en nettstedsserver. P\u00e5 denne m\u00e5ten mottar selskapet v\u00e5rt automatisk visse data, som IP-adresse, nettleseren som brukes og operativsystem, via datamaskinen og tilkoblingen din til internett. Se v\u00e5re retningslinjer for informasjonskapsler for mer informasjon om hvordan vi bruker informasjonskapsler.<\/p>\n<p>(2) Nettstedet til selskapet v\u00e5rt kan ogs\u00e5 bes\u00f8kes uten informasjonskapsler. Nettlesere er som regel innstilt p\u00e5 \u00e5 godta informasjonskapsler. Du kan deaktivere bruken av informasjonskapsler n\u00e5r som helst via innstillingene i nettleseren. Hvis du deaktiverer informasjonskapsler, kan det hende at noen av funksjonene p\u00e5 nettstedet v\u00e5rt ikke virker lenger.<\/p>\n<p><strong><strong>\u00a7 6 Form\u00e5let med \u00e5 behandle opplysninger<\/strong><\/strong><\/p>\n<p>(1) Ovennevnte personopplysninger (se \u00a7 1 (3)) vil bli behandlet av oss, hvis du oppgir dem, for f\u00f8lgende form\u00e5l:<\/p>\n<p>\u2022 For \u00e5 forbedre niv\u00e5et p\u00e5 tjenesten vi tilbyr.<\/p>\n<p>\u2022 For \u00e5 overholde lokale lover, f.eks. for \u00e5 fremme, h\u00e5ndheve eller forsvare oss mot rettslige krav.<\/p>\n<p>\u2022 For v\u00e5re egne administrative form\u00e5l og kvalitetssikringsform\u00e5l.<\/p>\n<p>\u2022 For andre form\u00e5l som kan v\u00e6re beskrevet p\u00e5 nettstedet eller i mobilappen, eller v\u00e6re avtalt mellom oss p\u00e5 andre m\u00e5ter.<\/p>\n<p>(2) Behandlingen av personopplysninger er n\u00f8dvendig kun for det form\u00e5l \u00e5 oppfylle ovennevnte form\u00e5l. Vi kommer ikke til \u00e5 bruke personopplysningene dine til markedsf\u00f8ringsform\u00e5l med mindre du klart og tydelig har godtatt det. Det rettslige grunnlaget for \u00e5 behandle personopplysninger er \u2013 med mindre noe annet er uttrykkelig oppgitt \u2013 artikkel 6 (1) (b) og f) i den grunnleggende personvernforordningen (GDPR), eller ditt eksplisitte samtykke i henhold til artikkel 6 (1) (a) i den grunnleggende personvernforordningen.<\/p>\n<p>(3) Hvis ovennevnte opplysninger skal behandles for et annet form\u00e5l enn det som var det opprinnelige form\u00e5let med innsamlingen, vil du f\u00e5 beskjed om dette f\u00f8r en eventuell behandling skjer. Dermed f\u00e5r du muligheten til \u00e5 motsette deg at opplysningene behandles for et annet form\u00e5l.<\/p>\n<p><strong><strong>\u00a7 7 Deling av opplysninger<\/strong><\/strong><\/p>\n<p>(1) Alle opplysninger som du sender til oss, blir behandlet konfidensielt. Vi kommer verken til \u00e5 selge personopplysningene dine til tredjeparter eller tilby dem p\u00e5 andre m\u00e5ter.<\/p>\n<p>(2) Av prinsipielle grunner kommer opplysningene dine ikke til \u00e5 bli gjort tilgjengelige for tredjeparter, med mindre du har samtykket til det eller vi har en juridisk grunn og\/eller forpliktelse til \u00e5 videreformidle opplysningene.<\/p>\n<p>(3) Vi overf\u00f8rer personopplysninger til domstoler, skattemyndigheter og tilsynsmyndigheter i den utstrekning det er tillatt ved lov og n\u00f8dvendig for \u00e5 overholde gjeldende lovgivning, eller for \u00e5 fremme, h\u00e5ndheve eller forsvare oss mot rettslige krav. Vi vil innf\u00f8re alle tiltak for \u00e5 sikre at det tas hensiktsmessige og rimelige forholdsregler for \u00e5 beskytte personopplysningene dine.<\/p>\n<p><strong><strong>\u00a7 8 Lagringsperiode<\/strong><\/strong><\/p>\n<p>I den grad det ikke oppgis noen spesifikk lagringsperiode p\u00e5 innsamlingstidspunktet (f.eks. som en del av en samtykkeerkl\u00e6ring), vil personopplysningene bli slettet s\u00e5 snart det ikke er behov for dem lenger for \u00e5 oppfylle form\u00e5let med lagringen, med mindre lovfestede lagringsforpliktelser (f.eks. handels- og skatterettslige lagringsbestemmelser) hindrer at de slettes.<\/p>\n<p><strong><strong>\u00a7 9 Bruk av Google Analytics<\/strong><\/strong><\/p>\n<p>(1) Nettstedet v\u00e5rt bruker Google Analytics. Du samtykker til dette ved \u00e5 velge \u00e5 bruke nettstedet og godta bruken av Google Analytics. Du kan n\u00e5r som helst og med fremtidig virkning motsette deg at Google Analytics samler inn og lagrer data. Tilbakekallingen m\u00e5 sendes til privacy@florio.app.<\/p>\n<p>(2) Selskapet v\u00e5rt bruker Google Analytics-tjenesten til \u00e5 samle inn bruksdata og opprette bruksprofiler. Informasjonen om bruken av selskapets nettsted overf\u00f8res til servere hos Google Inc. 1600 Amphitheatre Parkway, Mountain View, CA 94043, USA, og evalueres og videreformidles kun til v\u00e5rt selskap som kumulative data som viser trender i den generelle bruken av nettstedet. Google bruker denne informasjonen til \u00e5 evaluere hvordan du bruker nettstedet, til \u00e5 lage rapporter om aktiviteten p\u00e5 nettstedet til bruk for operat\u00f8rer av nettstedet og til \u00e5 tilby andre tjenester forbundet med nettstedsaktivitet og internettbruk.<\/p>\n<p>(3) Google kan ogs\u00e5 overf\u00f8re denne informasjonen til tredjeparter hvis loven p\u00e5legger dette, eller n\u00e5r slike tredjeparter behandler informasjonen p\u00e5 Googles vegne. Google kommer ikke til \u00e5 knytte IP-adressen din til andre data Google har. Du kan motsette deg bruken av informasjonskapsler ved \u00e5 velge de \u00f8nskede innstillingene i nettleseren. V\u00e6r imidlertid oppmerksom p\u00e5 at du i s\u00e5 fall muligens ikke vil kunne benytte alle funksjonene p\u00e5 dette nettstedet.<\/p>\n<p>(4) Du finner mer informasjon om Google Analytics og databeskyttelse her: https:\/\/tools.google.com\/dlpage\/gaoptout?hl=en-GB.<\/p>\n<\/div><div class=\"fusion-clearfix\"><\/div><\/div><\/div><\/div><\/div><style type=\"text\/css\">.fusion-fullwidth.fusion-builder-row-1 a:not(.fusion-button):not(.fusion-builder-module-control):not(.fusion-social-network-icon):not(.fb-icon-element):not(.fusion-countdown-link):not(.fusion-rollover-link):not(.fusion-rollover-gallery):not(.fusion-button-bar):not(.add_to_cart_button):not(.show_details_button):not(.product_type_external):not(.fusion-quick-view):not(.fusion-rollover-title-link):not(.fusion-breadcrumb-link) , .fusion-fullwidth.fusion-builder-row-1 a:not(.fusion-button):not(.fusion-builder-module-control):not(.fusion-social-network-icon):not(.fb-icon-element):not(.fusion-countdown-link):not(.fusion-rollover-link):not(.fusion-rollover-gallery):not(.fusion-button-bar):not(.add_to_cart_button):not(.show_details_button):not(.product_type_external):not(.fusion-quick-view):not(.fusion-rollover-title-link):not(.fusion-breadcrumb-link):before, .fusion-fullwidth.fusion-builder-row-1 a:not(.fusion-button):not(.fusion-builder-module-control):not(.fusion-social-network-icon):not(.fb-icon-element):not(.fusion-countdown-link):not(.fusion-rollover-link):not(.fusion-rollover-gallery):not(.fusion-button-bar):not(.add_to_cart_button):not(.show_details_button):not(.product_type_external):not(.fusion-quick-view):not(.fusion-rollover-title-link):not(.fusion-breadcrumb-link):after {color: #5453bf;}.fusion-fullwidth.fusion-builder-row-1 a:not(.fusion-button):not(.fusion-builder-module-control):not(.fusion-social-network-icon):not(.fb-icon-element):not(.fusion-countdown-link):not(.fusion-rollover-link):not(.fusion-rollover-gallery):not(.fusion-button-bar):not(.add_to_cart_button):not(.show_details_button):not(.product_type_external):not(.fusion-quick-view):not(.fusion-rollover-title-link):not(.fusion-breadcrumb-link):hover, .fusion-fullwidth.fusion-builder-row-1 a:not(.fusion-button):not(.fusion-builder-module-control):not(.fusion-social-network-icon):not(.fb-icon-element):not(.fusion-countdown-link):not(.fusion-rollover-link):not(.fusion-rollover-gallery):not(.fusion-button-bar):not(.add_to_cart_button):not(.show_details_button):not(.product_type_external):not(.fusion-quick-view):not(.fusion-rollover-title-link):not(.fusion-breadcrumb-link):hover:before, .fusion-fullwidth.fusion-builder-row-1 a:not(.fusion-button):not(.fusion-builder-module-control):not(.fusion-social-network-icon):not(.fb-icon-element):not(.fusion-countdown-link):not(.fusion-rollover-link):not(.fusion-rollover-gallery):not(.fusion-button-bar):not(.add_to_cart_button):not(.show_details_button):not(.product_type_external):not(.fusion-quick-view):not(.fusion-rollover-title-link):not(.fusion-breadcrumb-link):hover:after {color: #35baf2;}.fusion-fullwidth.fusion-builder-row-1 .pagination a.inactive:hover, .fusion-fullwidth.fusion-builder-row-1 .fusion-filters .fusion-filter.fusion-active a {border-color: #35baf2;}.fusion-fullwidth.fusion-builder-row-1 .pagination .current {border-color: #35baf2; background-color: #35baf2;}.fusion-fullwidth.fusion-builder-row-1 .fusion-filters .fusion-filter.fusion-active a, .fusion-fullwidth.fusion-builder-row-1 .fusion-date-and-formats .fusion-format-box, .fusion-fullwidth.fusion-builder-row-1 .fusion-popover, .fusion-fullwidth.fusion-builder-row-1 .tooltip-shortcode {color: #35baf2;}#main .fusion-fullwidth.fusion-builder-row-1 .post .blog-shortcode-post-title a:hover {color: #35baf2;}<\/style>","protected":false},"excerpt":{"rendered":"","protected":false},"author":14,"featured_media":0,"parent":0,"menu_order":0,"comment_status":"closed","ping_status":"closed","template":"","meta":[],"_links":{"self":[{"href":"https:\/\/florio-haemo.com\/no\/wp-json\/wp\/v2\/pages\/1033"}],"collection":[{"href":"https:\/\/florio-haemo.com\/no\/wp-json\/wp\/v2\/pages"}],"about":[{"href":"https:\/\/florio-haemo.com\/no\/wp-json\/wp\/v2\/types\/page"}],"author":[{"embeddable":true,"href":"https:\/\/florio-haemo.com\/no\/wp-json\/wp\/v2\/users\/14"}],"replies":[{"embeddable":true,"href":"https:\/\/florio-haemo.com\/no\/wp-json\/wp\/v2\/comments?post=1033"}],"version-history":[{"count":11,"href":"https:\/\/florio-haemo.com\/no\/wp-json\/wp\/v2\/pages\/1033\/revisions"}],"predecessor-version":[{"id":1381,"href":"https:\/\/florio-haemo.com\/no\/wp-json\/wp\/v2\/pages\/1033\/revisions\/1381"}],"wp:attachment":[{"href":"https:\/\/florio-haemo.com\/no\/wp-json\/wp\/v2\/media?parent=1033"}],"curies":[{"name":"wp","href":"https:\/\/api.w.org\/{rel}","templated":true}]}}