{"id":1031,"date":"2020-04-14T16:16:43","date_gmt":"2020-04-14T16:16:43","guid":{"rendered":"http:\/\/floriogmbh.wpengine.com\/?page_id=1031"},"modified":"2021-02-18T07:59:27","modified_gmt":"2021-02-18T07:59:27","slug":"cookie-policy","status":"publish","type":"page","link":"https:\/\/florio-haemo.com\/hr\/cookie-policy\/","title":{"rendered":"Smjernice o kola\u010di\u0107ima"},"content":{"rendered":"<p><div class=\"fusion-fullwidth fullwidth-box fusion-builder-row-1 nonhundred-percent-fullwidth non-hundred-percent-height-scrolling\"  style='background-color: rgba(255,255,255,0);background-position: center center;background-repeat: no-repeat;padding-top:0px;padding-right:0px;padding-bottom:0px;padding-left:0px;'><div class=\"fusion-builder-row fusion-row\"><div  class=\"fusion-layout-column fusion_builder_column fusion_builder_column_1_1 fusion-builder-column-0 fusion-one-full fusion-column-first fusion-column-last 1_1\"  style='margin-top:15px;margin-bottom:15px;'><div class=\"fusion-column-wrapper\" style=\"padding: 0px 0px 0px 0px;background-position:left top;background-repeat:no-repeat;-webkit-background-size:cover;-moz-background-size:cover;-o-background-size:cover;background-size:cover;\"   data-bg-url=\"\"><div class=\"fusion-text\"><p><b>Smjernice o kola\u010di\u0107ima<\/b><\/p>\n<p>Posljednje a\u017euriranje: prosinac 2020<\/p>\n<p>Ove smjernice o kola\u010di\u0107ima se odnose na Florio internetsku stranicu. Molimo, pa\u017eljivo pro\u010ditajte ove smjernice o kola\u010di\u0107ima i slobodno nas kontaktirajte ako imate bilo kakvih pitanja.<\/p>\n<p>\u0160to su kola\u010di\u0107i?<\/p>\n<p>Kola\u010di\u0107 je mala tekstualna datoteka koju internetska stranica sprema na va\u0161e ra\u010dunalo ili mobilni ure\u0111aj kada posjetite internetsku stranicu. Omogu\u0107uje internetskoj stranici da pamti va\u0161e radnje i postavke (kao \u0161to su jezik, veli\u010dina fonta i druge postavke prikaza) tijekom odre\u0111enog vremenskog razdoblja, tako da ih ne morate ponavljati kad god se vratite na internetsku stranicu ili pregledavate s jedne stranice na drugu.<\/p>\n<p>Kako koristimo kola\u010di\u0107e?<\/p>\n<p>Internetska stranica koristi kola\u010di\u0107e da bi nam pomogli da razumijemo kako koristite stranicu i na\u010dine na koji mo\u017eemo poboolj\u0161ati va\u0161e iskustvo. Ovi kola\u010di\u0107i mogu pratiti stvari kao \u0161to su koliko vremena provodite koriste\u0107i internetsku stranicu, kao i specifi\u010dne zna\u010dajke internetske stranice s kojom komunicirate te bilo kakve pogre\u0161ke ili problemi koji se javljaju tijekom upotrebe kako bismo mogli nastaviti razvijati na\u0161e usluge. Informacije koje prikupljamo putem kola\u010di\u0107a zadr\u017eavamo do 12 mjeseci nakon prikupljanja.<\/p>\n<p>Kako kontrolirati Kola\u010di\u0107e<\/p>\n<p>Mo\u017eete kontrolirati i\/ili brisati kola\u010di\u0107e kako \u017eelite - za detalje pogledajte aboutcookies.org. Mo\u017eete izbrisati sve kola\u010di\u0107e koji se ve\u0107 nalaze na va\u0161em ra\u010dunalu i mo\u017eete postaviti ve\u0107inu preglednika da sprije\u010de njihovo postavljanje. Ako to u\u010dinite, me\u0111utim, mo\u017eda \u0107ete morati ru\u010dno prilagoditi neke postavke svaki put kad posjetite internetsku stranicu, a neke usluge i funkcije mo\u017eda ne\u0107e raditi.<\/p>\n<p>Kola\u010di\u0107i koji se koriste na internetskoj stranici<\/p>\n<p>Cjelokupni popis kola\u010di\u0107a koje mo\u017eemo koristiti na internetskoj stranici se mogu prona\u0107i dolje.<\/p>\n<\/div><div class=\"fusion-clearfix\"><\/div><\/div><\/div><\/div><\/div><style type=\"text\/css\">.fusion-fullwidth.fusion-builder-row-1 a:not(.fusion-button):not(.fusion-builder-module-control):not(.fusion-social-network-icon):not(.fb-icon-element):not(.fusion-countdown-link):not(.fusion-rollover-link):not(.fusion-rollover-gallery):not(.fusion-button-bar):not(.add_to_cart_button):not(.show_details_button):not(.product_type_external):not(.fusion-quick-view):not(.fusion-rollover-title-link):not(.fusion-breadcrumb-link) , .fusion-fullwidth.fusion-builder-row-1 a:not(.fusion-button):not(.fusion-builder-module-control):not(.fusion-social-network-icon):not(.fb-icon-element):not(.fusion-countdown-link):not(.fusion-rollover-link):not(.fusion-rollover-gallery):not(.fusion-button-bar):not(.add_to_cart_button):not(.show_details_button):not(.product_type_external):not(.fusion-quick-view):not(.fusion-rollover-title-link):not(.fusion-breadcrumb-link):before, .fusion-fullwidth.fusion-builder-row-1 a:not(.fusion-button):not(.fusion-builder-module-control):not(.fusion-social-network-icon):not(.fb-icon-element):not(.fusion-countdown-link):not(.fusion-rollover-link):not(.fusion-rollover-gallery):not(.fusion-button-bar):not(.add_to_cart_button):not(.show_details_button):not(.product_type_external):not(.fusion-quick-view):not(.fusion-rollover-title-link):not(.fusion-breadcrumb-link):after {color: #5453bf;}.fusion-fullwidth.fusion-builder-row-1 a:not(.fusion-button):not(.fusion-builder-module-control):not(.fusion-social-network-icon):not(.fb-icon-element):not(.fusion-countdown-link):not(.fusion-rollover-link):not(.fusion-rollover-gallery):not(.fusion-button-bar):not(.add_to_cart_button):not(.show_details_button):not(.product_type_external):not(.fusion-quick-view):not(.fusion-rollover-title-link):not(.fusion-breadcrumb-link):hover, .fusion-fullwidth.fusion-builder-row-1 a:not(.fusion-button):not(.fusion-builder-module-control):not(.fusion-social-network-icon):not(.fb-icon-element):not(.fusion-countdown-link):not(.fusion-rollover-link):not(.fusion-rollover-gallery):not(.fusion-button-bar):not(.add_to_cart_button):not(.show_details_button):not(.product_type_external):not(.fusion-quick-view):not(.fusion-rollover-title-link):not(.fusion-breadcrumb-link):hover:before, .fusion-fullwidth.fusion-builder-row-1 a:not(.fusion-button):not(.fusion-builder-module-control):not(.fusion-social-network-icon):not(.fb-icon-element):not(.fusion-countdown-link):not(.fusion-rollover-link):not(.fusion-rollover-gallery):not(.fusion-button-bar):not(.add_to_cart_button):not(.show_details_button):not(.product_type_external):not(.fusion-quick-view):not(.fusion-rollover-title-link):not(.fusion-breadcrumb-link):hover:after {color: #35baf2;}.fusion-fullwidth.fusion-builder-row-1 .pagination a.inactive:hover, .fusion-fullwidth.fusion-builder-row-1 .fusion-filters .fusion-filter.fusion-active a {border-color: #35baf2;}.fusion-fullwidth.fusion-builder-row-1 .pagination .current {border-color: #35baf2; background-color: #35baf2;}.fusion-fullwidth.fusion-builder-row-1 .fusion-filters .fusion-filter.fusion-active a, .fusion-fullwidth.fusion-builder-row-1 .fusion-date-and-formats .fusion-format-box, .fusion-fullwidth.fusion-builder-row-1 .fusion-popover, .fusion-fullwidth.fusion-builder-row-1 .tooltip-shortcode {color: #35baf2;}#main .fusion-fullwidth.fusion-builder-row-1 .post .blog-shortcode-post-title a:hover {color: #35baf2;}<\/style><div class=\"fusion-fullwidth fullwidth-box fusion-builder-row-2 nonhundred-percent-fullwidth non-hundred-percent-height-scrolling\"  style='background-color: rgba(255,255,255,0);background-position: center center;background-repeat: no-repeat;padding-top:0px;padding-right:0px;padding-bottom:0px;padding-left:0px;'><div class=\"fusion-builder-row fusion-row\"><div  class=\"fusion-layout-column fusion_builder_column fusion_builder_column_1_1 fusion-builder-column-1 fusion-one-full fusion-column-first fusion-column-last 1_1\"  style='margin-top:15px;margin-bottom:15px;'><div class=\"fusion-column-wrapper\" style=\"padding: 0px 0px 0px 0px;background-position:left top;background-repeat:no-repeat;-webkit-background-size:cover;-moz-background-size:cover;-o-background-size:cover;background-size:cover;\"   data-bg-url=\"\">\n<div class=\"table-1\">\n<table style=\"height: 124px;\" width=\"1142\">\n<thead>\n<tr>\n<th align=\"left\">Naziv<\/th>\n<th align=\"left\">Tip kola\u010di\u0107a<\/th>\n<th align=\"left\">Svrha kola\u010di\u0107a<\/th>\n<\/tr>\n<\/thead>\n<tbody>\n<tr>\n<td align=\"left\">borlabs-cookies<\/td>\n<td align=\"left\">Nu\u017eno potreban kola\u010di\u0107<\/td>\n<td align=\"left\">Sprema preferencije posjetitelja odabane u Ku\u0107ici s kola\u010di\u0107ima.<\/td>\n<\/tr>\n<tr>\n<td align=\"left\">trp_language<\/td>\n<td align=\"left\">Nu\u017eno potreban kola\u010di\u0107<\/td>\n<td align=\"left\">Jezik stranice posjetitelja<\/td>\n<\/tr>\n<tr>\n<td align=\"left\">Google Analytics<br \/>\n_ga<br \/>\n_gid<br \/>\n_gat<\/td>\n<td align=\"left\">Kola\u010di\u0107i analitike tre\u0107ih strana<\/td>\n<td align=\"left\">Ovi kola\u010di\u0107i se koriste za prikupljanje podataka o tome kako posjetitelji koriste na\u0161u internetsku stranicu. Informacije koristimo za sastavljanje izvje\u0161\u0107a i za pomo\u0107 u pobolj\u0161anjuinternetske stranice. Kola\u010di\u0107i prikupljaju podatke u anonimnom obliku, uklju\u010duju\u0107i broj posjetitelja internetske stranice, gdje posjetitelji dolaze na internetsku stranicu i s kojim dijelovima internetske stranice komuniciraju.\u202f<\/td>\n<\/tr>\n<\/tbody>\n<\/table>\n<\/div>\n<div class=\"fusion-clearfix\"><\/div><\/div><\/div><\/div><\/div><style type=\"text\/css\">.fusion-fullwidth.fusion-builder-row-2 a:not(.fusion-button):not(.fusion-builder-module-control):not(.fusion-social-network-icon):not(.fb-icon-element):not(.fusion-countdown-link):not(.fusion-rollover-link):not(.fusion-rollover-gallery):not(.fusion-button-bar):not(.add_to_cart_button):not(.show_details_button):not(.product_type_external):not(.fusion-quick-view):not(.fusion-rollover-title-link):not(.fusion-breadcrumb-link) , .fusion-fullwidth.fusion-builder-row-2 a:not(.fusion-button):not(.fusion-builder-module-control):not(.fusion-social-network-icon):not(.fb-icon-element):not(.fusion-countdown-link):not(.fusion-rollover-link):not(.fusion-rollover-gallery):not(.fusion-button-bar):not(.add_to_cart_button):not(.show_details_button):not(.product_type_external):not(.fusion-quick-view):not(.fusion-rollover-title-link):not(.fusion-breadcrumb-link):before, .fusion-fullwidth.fusion-builder-row-2 a:not(.fusion-button):not(.fusion-builder-module-control):not(.fusion-social-network-icon):not(.fb-icon-element):not(.fusion-countdown-link):not(.fusion-rollover-link):not(.fusion-rollover-gallery):not(.fusion-button-bar):not(.add_to_cart_button):not(.show_details_button):not(.product_type_external):not(.fusion-quick-view):not(.fusion-rollover-title-link):not(.fusion-breadcrumb-link):after {color: #5453bf;}.fusion-fullwidth.fusion-builder-row-2 a:not(.fusion-button):not(.fusion-builder-module-control):not(.fusion-social-network-icon):not(.fb-icon-element):not(.fusion-countdown-link):not(.fusion-rollover-link):not(.fusion-rollover-gallery):not(.fusion-button-bar):not(.add_to_cart_button):not(.show_details_button):not(.product_type_external):not(.fusion-quick-view):not(.fusion-rollover-title-link):not(.fusion-breadcrumb-link):hover, .fusion-fullwidth.fusion-builder-row-2 a:not(.fusion-button):not(.fusion-builder-module-control):not(.fusion-social-network-icon):not(.fb-icon-element):not(.fusion-countdown-link):not(.fusion-rollover-link):not(.fusion-rollover-gallery):not(.fusion-button-bar):not(.add_to_cart_button):not(.show_details_button):not(.product_type_external):not(.fusion-quick-view):not(.fusion-rollover-title-link):not(.fusion-breadcrumb-link):hover:before, .fusion-fullwidth.fusion-builder-row-2 a:not(.fusion-button):not(.fusion-builder-module-control):not(.fusion-social-network-icon):not(.fb-icon-element):not(.fusion-countdown-link):not(.fusion-rollover-link):not(.fusion-rollover-gallery):not(.fusion-button-bar):not(.add_to_cart_button):not(.show_details_button):not(.product_type_external):not(.fusion-quick-view):not(.fusion-rollover-title-link):not(.fusion-breadcrumb-link):hover:after {color: #35baf2;}.fusion-fullwidth.fusion-builder-row-2 .pagination a.inactive:hover, .fusion-fullwidth.fusion-builder-row-2 .fusion-filters .fusion-filter.fusion-active a {border-color: #35baf2;}.fusion-fullwidth.fusion-builder-row-2 .pagination .current {border-color: #35baf2; background-color: #35baf2;}.fusion-fullwidth.fusion-builder-row-2 .fusion-filters .fusion-filter.fusion-active a, .fusion-fullwidth.fusion-builder-row-2 .fusion-date-and-formats .fusion-format-box, .fusion-fullwidth.fusion-builder-row-2 .fusion-popover, .fusion-fullwidth.fusion-builder-row-2 .tooltip-shortcode {color: #35baf2;}#main .fusion-fullwidth.fusion-builder-row-2 .post .blog-shortcode-post-title a:hover {color: #35baf2;}<\/style><div class=\"fusion-fullwidth fullwidth-box fusion-builder-row-3 nonhundred-percent-fullwidth non-hundred-percent-height-scrolling\"  style='background-color: rgba(255,255,255,0);background-position: center center;background-repeat: no-repeat;padding-top:0px;padding-right:0px;padding-bottom:0px;padding-left:0px;'><div class=\"fusion-builder-row fusion-row\"><div  class=\"fusion-layout-column fusion_builder_column fusion_builder_column_1_1 fusion-builder-column-2 fusion-one-full fusion-column-first fusion-column-last 1_1\"  style='margin-top:15px;margin-bottom:15px;'><div class=\"fusion-column-wrapper\" style=\"padding: 0px 0px 0px 0px;background-position:left top;background-repeat:no-repeat;-webkit-background-size:cover;-moz-background-size:cover;-o-background-size:cover;background-size:cover;\"   data-bg-url=\"\"><div class=\"fusion-text\"><p>Ako \u017eelite vi\u0161e informacija o Google Analyticsu, posjetite http:\/\/www.google.com\/analytics\/learn\/privacy.html ili ako \u017eelite isklju\u010diti uslugu, posjetite https:\/\/tools.google.com\/dlpage\/gaoptout.<\/p>\n<\/div><div class=\"fusion-clearfix\"><\/div><\/div><\/div><\/div><\/div><style type=\"text\/css\">.fusion-fullwidth.fusion-builder-row-3 a:not(.fusion-button):not(.fusion-builder-module-control):not(.fusion-social-network-icon):not(.fb-icon-element):not(.fusion-countdown-link):not(.fusion-rollover-link):not(.fusion-rollover-gallery):not(.fusion-button-bar):not(.add_to_cart_button):not(.show_details_button):not(.product_type_external):not(.fusion-quick-view):not(.fusion-rollover-title-link):not(.fusion-breadcrumb-link) , .fusion-fullwidth.fusion-builder-row-3 a:not(.fusion-button):not(.fusion-builder-module-control):not(.fusion-social-network-icon):not(.fb-icon-element):not(.fusion-countdown-link):not(.fusion-rollover-link):not(.fusion-rollover-gallery):not(.fusion-button-bar):not(.add_to_cart_button):not(.show_details_button):not(.product_type_external):not(.fusion-quick-view):not(.fusion-rollover-title-link):not(.fusion-breadcrumb-link):before, .fusion-fullwidth.fusion-builder-row-3 a:not(.fusion-button):not(.fusion-builder-module-control):not(.fusion-social-network-icon):not(.fb-icon-element):not(.fusion-countdown-link):not(.fusion-rollover-link):not(.fusion-rollover-gallery):not(.fusion-button-bar):not(.add_to_cart_button):not(.show_details_button):not(.product_type_external):not(.fusion-quick-view):not(.fusion-rollover-title-link):not(.fusion-breadcrumb-link):after {color: #5453bf;}.fusion-fullwidth.fusion-builder-row-3 a:not(.fusion-button):not(.fusion-builder-module-control):not(.fusion-social-network-icon):not(.fb-icon-element):not(.fusion-countdown-link):not(.fusion-rollover-link):not(.fusion-rollover-gallery):not(.fusion-button-bar):not(.add_to_cart_button):not(.show_details_button):not(.product_type_external):not(.fusion-quick-view):not(.fusion-rollover-title-link):not(.fusion-breadcrumb-link):hover, .fusion-fullwidth.fusion-builder-row-3 a:not(.fusion-button):not(.fusion-builder-module-control):not(.fusion-social-network-icon):not(.fb-icon-element):not(.fusion-countdown-link):not(.fusion-rollover-link):not(.fusion-rollover-gallery):not(.fusion-button-bar):not(.add_to_cart_button):not(.show_details_button):not(.product_type_external):not(.fusion-quick-view):not(.fusion-rollover-title-link):not(.fusion-breadcrumb-link):hover:before, .fusion-fullwidth.fusion-builder-row-3 a:not(.fusion-button):not(.fusion-builder-module-control):not(.fusion-social-network-icon):not(.fb-icon-element):not(.fusion-countdown-link):not(.fusion-rollover-link):not(.fusion-rollover-gallery):not(.fusion-button-bar):not(.add_to_cart_button):not(.show_details_button):not(.product_type_external):not(.fusion-quick-view):not(.fusion-rollover-title-link):not(.fusion-breadcrumb-link):hover:after {color: #35baf2;}.fusion-fullwidth.fusion-builder-row-3 .pagination a.inactive:hover, .fusion-fullwidth.fusion-builder-row-3 .fusion-filters .fusion-filter.fusion-active a {border-color: #35baf2;}.fusion-fullwidth.fusion-builder-row-3 .pagination .current {border-color: #35baf2; background-color: #35baf2;}.fusion-fullwidth.fusion-builder-row-3 .fusion-filters .fusion-filter.fusion-active a, .fusion-fullwidth.fusion-builder-row-3 .fusion-date-and-formats .fusion-format-box, .fusion-fullwidth.fusion-builder-row-3 .fusion-popover, .fusion-fullwidth.fusion-builder-row-3 .tooltip-shortcode {color: #35baf2;}#main .fusion-fullwidth.fusion-builder-row-3 .post .blog-shortcode-post-title a:hover {color: #35baf2;}<\/style><\/p>","protected":false},"excerpt":{"rendered":"","protected":false},"author":14,"featured_media":0,"parent":0,"menu_order":0,"comment_status":"closed","ping_status":"closed","template":"","meta":[],"_links":{"self":[{"href":"https:\/\/florio-haemo.com\/hr\/wp-json\/wp\/v2\/pages\/1031"}],"collection":[{"href":"https:\/\/florio-haemo.com\/hr\/wp-json\/wp\/v2\/pages"}],"about":[{"href":"https:\/\/florio-haemo.com\/hr\/wp-json\/wp\/v2\/types\/page"}],"author":[{"embeddable":true,"href":"https:\/\/florio-haemo.com\/hr\/wp-json\/wp\/v2\/users\/14"}],"replies":[{"embeddable":true,"href":"https:\/\/florio-haemo.com\/hr\/wp-json\/wp\/v2\/comments?post=1031"}],"version-history":[{"count":0,"href":"https:\/\/florio-haemo.com\/hr\/wp-json\/wp\/v2\/pages\/1031\/revisions"}],"wp:attachment":[{"href":"https:\/\/florio-haemo.com\/hr\/wp-json\/wp\/v2\/media?parent=1031"}],"curies":[{"name":"wp","href":"https:\/\/api.w.org\/{rel}","templated":true}]}}