{"id":1236,"date":"2020-12-07T15:15:02","date_gmt":"2020-12-07T15:15:02","guid":{"rendered":"https:\/\/floriohaemo.wpengine.com\/?page_id=1236"},"modified":"2024-10-29T10:58:34","modified_gmt":"2024-10-29T10:58:34","slug":"disclaimer","status":"publish","type":"page","link":"https:\/\/florio-haemo.com\/fr\/disclaimer\/","title":{"rendered":"Avis de non-responsabilit\u00e9\u202f"},"content":{"rendered":"<div class=\"fusion-fullwidth fullwidth-box fusion-builder-row-1 nonhundred-percent-fullwidth non-hundred-percent-height-scrolling\"  style='background-color: rgba(255,255,255,0);background-position: center center;background-repeat: no-repeat;padding-top:0px;padding-right:0px;padding-bottom:0px;padding-left:0px;'><div class=\"fusion-builder-row fusion-row\"><div  class=\"fusion-layout-column fusion_builder_column fusion_builder_column_1_1 fusion-builder-column-0 fusion-one-full fusion-column-first fusion-column-last 1_1\"  style='margin-top:15px;margin-bottom:15px;'><div class=\"fusion-column-wrapper\" style=\"padding: 0px 0px 0px 0px;background-position:left top;background-repeat:no-repeat;-webkit-background-size:cover;-moz-background-size:cover;-o-background-size:cover;background-size:cover;\"   data-bg-url=\"\"><div class=\"fusion-text\"><h1>Avis de non-responsabilit\u00e9\u202f<\/h1>\n<p><span data-contrast=\"auto\">Derni\u00e8re mise \u00e0 jour : Octobre 2024<\/span><span data-ccp-props=\"{\">\u00a0<\/span><\/p>\n<p><span data-ccp-props=\"{\">\u00a0<\/span><\/p>\n<p><b><span data-contrast=\"auto\">florio HAEMO app\u00a0<\/span><\/b><span data-ccp-props=\"{\">\u00a0<\/span><\/p>\n<p>L\u2019application n\u2019est pas destin\u00e9e \u00e0 remplacer les conseils de ton m\u00e9decin ou d\u2019autres professionnels de sant\u00e9. Si tu as des probl\u00e8mes de sant\u00e9, contacte rapidement ton m\u00e9decin ou un autre professionnel de sant\u00e9. En cas de questions sur florio\u00a0HAEMO, merci de nous contacter \u00e0 l\u2019adresse suivante\u00a0: help@florio.com.\n\nflorio\u00a0HAEMO est un logiciel destin\u00e9 \u00e0 surveiller le traitement de l\u2019h\u00e9mophilie, une maladie h\u00e9matologique rare, et ses cons\u00e9quences. Les utilisateurs non sp\u00e9cialistes peuvent enregistrer leurs \u00e9v\u00e9nements li\u00e9s \u00e0 l\u2019h\u00e9mophilie et consulter les tendances et les analyses des donn\u00e9es personnalis\u00e9es qui leur permettent de suivre leur \u00e9tat de sant\u00e9. Ces tendances et analyses de donn\u00e9es personnalis\u00e9es peuvent \u00eatre utilis\u00e9es pour aider les professionnels de sant\u00e9 \u00e0 prendre des d\u00e9cisions concernant le traitement.\n\nLes utilisateurs cibl\u00e9s sont les personnes non sp\u00e9cialistes (application florio\u00a0HAEMO) et les professionnels de sant\u00e9 (tableau de bord florio\u00a0HAEMO). florio\u00a0HAEMO n\u2019a pas vocation \u00e0 \u00eatre utilis\u00e9e par des personnes atteintes d\u2019une maladie autre que l\u2019h\u00e9mophilie.<\/p>\n<p>florio HAEMO is a software intended to monitor treatment of haemophilia, a rare haematologic disorder, and its outcomes. Lay users can record haemophilia-related events and view personalised data trends and analyses that help them manage their condition. These personalised data trends and analyses can be used to support treatment decision-making by HCPs.<\/p>\n<p>The intended users are lay users (florio HAEMO App) and healthcare professionals (florio HAEMO Dashboard). florio HAEMO is not intended to be used by users with a disease other than haemophilia.<\/p>\n<p><span data-ccp-props=\"{\">\u00a0<\/span><\/p>\n<p><b><span data-contrast=\"auto\">tableau de bord florio HAEMO<\/span><\/b><span data-ccp-props=\"{\">\u00a0<\/span><\/p>\n<p>florio\u00a0HAEMO ne fournit pas de conseils m\u00e9dicaux. Les informations pr\u00e9sent\u00e9es dans florio\u00a0HAEMO ne sont pas destin\u00e9es \u00e0 des fins de diagnostic et ne remplacent pas votre formation m\u00e9dicale compl\u00e8te. Vous devez vous fier exclusivement \u00e0 votre propre jugement ind\u00e9pendant pour le diagnostic et le traitement de votre patient. florio\u00a0HAEMO est un logiciel destin\u00e9 au suivi du traitement de l\u2019h\u00e9mophilie, une maladie h\u00e9matologique rare, et de ses r\u00e9sultats. Les utilisateurs non sp\u00e9cialistes peuvent enregistrer leurs \u00e9v\u00e9nements li\u00e9s \u00e0 l\u2019h\u00e9mophilie et consulter les tendances et les analyses des donn\u00e9es personnalis\u00e9es qui leur permettent de suivre leur \u00e9tat de sant\u00e9. Ces tendances et analyses de donn\u00e9es personnalis\u00e9es peuvent \u00eatre utilis\u00e9es pour aider les professionnels de sant\u00e9 \u00e0 prendre des d\u00e9cisions concernant le traitement. Les utilisateurs cibl\u00e9s sont les personnes non sp\u00e9cialistes (application florio\u00a0HAEMO) et les professionnels de sant\u00e9 (tableau de bord florio\u00a0HAEMO). florio\u00a0HAEMO n\u2019a pas vocation \u00e0 \u00eatre utilis\u00e9e par des personnes atteintes d\u2019une maladie autre que l\u2019h\u00e9mophilie. Le % du niveau de facteur indiqu\u00e9 dans florio\u00a0HAEMO se limite \u00e0 une estimation et ne repr\u00e9sente pas une mesure r\u00e9elle. Le niveau de facteur estim\u00e9 peut ne pas correspondre au niveau de facteur r\u00e9el actuel de votre patient. Il est calcul\u00e9 et fourni par un service tiers (plateforme McMaster PopPK, Universit\u00e9 McMaster, Canada). florio\u00a0HAEMO r\u00e9cup\u00e8re le niveau de facteur de votre patient \u00e0 partir de la plateforme McMaster PopPK apr\u00e8s chaque injection enregistr\u00e9e par le patient. florio\u00a0HAEMO ne contr\u00f4le en aucun cas l\u2019estimation ni ne garantit l\u2019exactitude de l\u2019estimation fournie par la plateforme McMaster PopPK. Les d\u00e9tails du plan th\u00e9rapeutique sont \u00e9galement fournis via la plateforme McMaster PopPK conform\u00e9ment \u00e0 vos sp\u00e9cifications sur cette plateforme. En cas de modification du plan th\u00e9rapeutique d\u2019un patient en particulier b\u00e9n\u00e9ficiant d\u2019une prophylaxie guid\u00e9e par PK, mettez \u00e0 jour ces sp\u00e9cifications sur la plateforme McMaster PopPK en cons\u00e9quence ou d\u00e9sactivez l\u2019utilisation de l\u2019application sur cette m\u00eame plateforme ou le tableau de bord florio\u00a0HAEMO. Les informations relatives \u00e0 l\u2019activit\u00e9 sont fournies par des prestataires tiers (HealthConnect et Apple HealthKit). florio\u00a0HAEMO ne contr\u00f4le en aucun cas les donn\u00e9es issues de ces dispositifs ni ne garantit leur exactitude. Tous les dispositifs fournis d\u00e9pendent de la pr\u00e9cision des donn\u00e9es recueillies aupr\u00e8s de vous et de votre patient et sont utilis\u00e9s et g\u00e9r\u00e9s exclusivement sous votre responsabilit\u00e9 et celle de votre patient. Les donn\u00e9es erron\u00e9es ou impr\u00e9cises qui s\u2019affichent dans le tableau de bord florio\u00a0HAEMO ne peuvent \u00eatre exclues.<\/p>\n<\/div><div class=\"fusion-clearfix\"><\/div><\/div><\/div><\/div><\/div><style type=\"text\/css\">.fusion-fullwidth.fusion-builder-row-1 a:not(.fusion-button):not(.fusion-builder-module-control):not(.fusion-social-network-icon):not(.fb-icon-element):not(.fusion-countdown-link):not(.fusion-rollover-link):not(.fusion-rollover-gallery):not(.fusion-button-bar):not(.add_to_cart_button):not(.show_details_button):not(.product_type_external):not(.fusion-quick-view):not(.fusion-rollover-title-link):not(.fusion-breadcrumb-link) , .fusion-fullwidth.fusion-builder-row-1 a:not(.fusion-button):not(.fusion-builder-module-control):not(.fusion-social-network-icon):not(.fb-icon-element):not(.fusion-countdown-link):not(.fusion-rollover-link):not(.fusion-rollover-gallery):not(.fusion-button-bar):not(.add_to_cart_button):not(.show_details_button):not(.product_type_external):not(.fusion-quick-view):not(.fusion-rollover-title-link):not(.fusion-breadcrumb-link):before, .fusion-fullwidth.fusion-builder-row-1 a:not(.fusion-button):not(.fusion-builder-module-control):not(.fusion-social-network-icon):not(.fb-icon-element):not(.fusion-countdown-link):not(.fusion-rollover-link):not(.fusion-rollover-gallery):not(.fusion-button-bar):not(.add_to_cart_button):not(.show_details_button):not(.product_type_external):not(.fusion-quick-view):not(.fusion-rollover-title-link):not(.fusion-breadcrumb-link):after {color: #5453bf;}.fusion-fullwidth.fusion-builder-row-1 a:not(.fusion-button):not(.fusion-builder-module-control):not(.fusion-social-network-icon):not(.fb-icon-element):not(.fusion-countdown-link):not(.fusion-rollover-link):not(.fusion-rollover-gallery):not(.fusion-button-bar):not(.add_to_cart_button):not(.show_details_button):not(.product_type_external):not(.fusion-quick-view):not(.fusion-rollover-title-link):not(.fusion-breadcrumb-link):hover, .fusion-fullwidth.fusion-builder-row-1 a:not(.fusion-button):not(.fusion-builder-module-control):not(.fusion-social-network-icon):not(.fb-icon-element):not(.fusion-countdown-link):not(.fusion-rollover-link):not(.fusion-rollover-gallery):not(.fusion-button-bar):not(.add_to_cart_button):not(.show_details_button):not(.product_type_external):not(.fusion-quick-view):not(.fusion-rollover-title-link):not(.fusion-breadcrumb-link):hover:before, .fusion-fullwidth.fusion-builder-row-1 a:not(.fusion-button):not(.fusion-builder-module-control):not(.fusion-social-network-icon):not(.fb-icon-element):not(.fusion-countdown-link):not(.fusion-rollover-link):not(.fusion-rollover-gallery):not(.fusion-button-bar):not(.add_to_cart_button):not(.show_details_button):not(.product_type_external):not(.fusion-quick-view):not(.fusion-rollover-title-link):not(.fusion-breadcrumb-link):hover:after {color: #35baf2;}.fusion-fullwidth.fusion-builder-row-1 .pagination a.inactive:hover, .fusion-fullwidth.fusion-builder-row-1 .fusion-filters .fusion-filter.fusion-active a {border-color: #35baf2;}.fusion-fullwidth.fusion-builder-row-1 .pagination .current {border-color: #35baf2; background-color: #35baf2;}.fusion-fullwidth.fusion-builder-row-1 .fusion-filters .fusion-filter.fusion-active a, .fusion-fullwidth.fusion-builder-row-1 .fusion-date-and-formats .fusion-format-box, .fusion-fullwidth.fusion-builder-row-1 .fusion-popover, .fusion-fullwidth.fusion-builder-row-1 .tooltip-shortcode {color: #35baf2;}#main .fusion-fullwidth.fusion-builder-row-1 .post .blog-shortcode-post-title a:hover {color: #35baf2;}<\/style>","protected":false},"excerpt":{"rendered":"","protected":false},"author":14,"featured_media":0,"parent":0,"menu_order":0,"comment_status":"closed","ping_status":"closed","template":"","meta":[],"_links":{"self":[{"href":"https:\/\/florio-haemo.com\/fr\/wp-json\/wp\/v2\/pages\/1236"}],"collection":[{"href":"https:\/\/florio-haemo.com\/fr\/wp-json\/wp\/v2\/pages"}],"about":[{"href":"https:\/\/florio-haemo.com\/fr\/wp-json\/wp\/v2\/types\/page"}],"author":[{"embeddable":true,"href":"https:\/\/florio-haemo.com\/fr\/wp-json\/wp\/v2\/users\/14"}],"replies":[{"embeddable":true,"href":"https:\/\/florio-haemo.com\/fr\/wp-json\/wp\/v2\/comments?post=1236"}],"version-history":[{"count":11,"href":"https:\/\/florio-haemo.com\/fr\/wp-json\/wp\/v2\/pages\/1236\/revisions"}],"predecessor-version":[{"id":1421,"href":"https:\/\/florio-haemo.com\/fr\/wp-json\/wp\/v2\/pages\/1236\/revisions\/1421"}],"wp:attachment":[{"href":"https:\/\/florio-haemo.com\/fr\/wp-json\/wp\/v2\/media?parent=1236"}],"curies":[{"name":"wp","href":"https:\/\/api.w.org\/{rel}","templated":true}]}}