{"id":1033,"date":"2020-04-14T16:21:37","date_gmt":"2020-04-14T16:21:37","guid":{"rendered":"http:\/\/floriogmbh.wpengine.com\/?page_id=1033"},"modified":"2023-07-26T14:17:27","modified_gmt":"2023-07-26T14:17:27","slug":"data-policy","status":"publish","type":"page","link":"https:\/\/florio-haemo.com\/fi\/data-policy\/","title":{"rendered":"Tietosuoja"},"content":{"rendered":"<div class=\"fusion-fullwidth fullwidth-box fusion-builder-row-1 nonhundred-percent-fullwidth non-hundred-percent-height-scrolling\"  style='background-color: rgba(255,255,255,0);background-position: center center;background-repeat: no-repeat;padding-top:0px;padding-right:0px;padding-bottom:0px;padding-left:0px;'><div class=\"fusion-builder-row fusion-row\"><div  class=\"fusion-layout-column fusion_builder_column fusion_builder_column_1_1 fusion-builder-column-0 fusion-one-full fusion-column-first fusion-column-last 1_1\"  style='margin-top:15px;margin-bottom:15px;'><div class=\"fusion-column-wrapper\" style=\"padding: 0px 0px 0px 0px;background-position:left top;background-repeat:no-repeat;-webkit-background-size:cover;-moz-background-size:cover;-o-background-size:cover;background-size:cover;\"   data-bg-url=\"\"><div class=\"fusion-text\"><h2><h2>Florio-verkkosivuston tietosuojak\u00e4yt\u00e4nt\u00f6<\/h2><\/h2>\n<p><strong><strong>\u00a7 1 Henkil\u00f6tietojen ker\u00e4\u00e4miseen ja k\u00e4sittelemiseen sek\u00e4 tietojen antajan tunnistamiseen liittyv\u00e4t tiedot<\/strong><\/strong><\/p>\n<p>(1) Tietosuoja on t\u00e4rke\u00e4\u00e4 Florio GmbH:lle. Siksi k\u00e4sittelemme asiakkaidemme tietoja yksinomaan soveltuvien tietosuojas\u00e4\u00e4nn\u00f6sten perusteella (esim. DSGVO, BDSG-neu).<\/p>\n<p>(2) Seuraavassa annamme tietoa henkil\u00f6tietojen ker\u00e4\u00e4misest\u00e4 t\u00e4m\u00e4n verkkosivuston k\u00e4yt\u00f6n yhteydess\u00e4. Henkil\u00f6tiedot ovat tietoja, jotka liittyv\u00e4t tunnistettavissa olevaan tai tunnistettuun henkil\u00f6\u00f6n, esim. nimi, osoitteet, puhelinnumero, k\u00e4ytt\u00e4j\u00e4n toiminta.<\/p>\n<p>(3) Emme k\u00e4sittele henkil\u00f6tietoja verkkosivuston k\u00e4yt\u00f6n aikana lukuun ottamatta tietoja, joita verkkosivusto teknisesti ker\u00e4\u00e4 automaattisesti (katso \u00a7 4).<\/p>\n<p>(4) DSGVO:n 4 momentin 7 kohdan mukainen vastuullinen taho on Florio GmbH, Wilhelm Wagenfeld Str. 22, 80807 M\u00fcnchen, Saksa.<\/p>\n<p><strong><strong>\u00a7 2 Oikeutesi sek\u00e4 se, kuinka niit\u00e4 k\u00e4ytet\u00e4\u00e4n<\/strong><\/strong><\/p>\n<p>(1) Pyynn\u00f6st\u00e4 ilmoitamme sinulle kirjallisesti voimassa olevan lain mukaan, s\u00e4ilyt\u00e4mmek\u00f6 tietoja ja mit\u00e4 tietoja s\u00e4ilyt\u00e4mme. Sinulla on oikeus saada kaikki virheelliset tiedot oikaistuiksi ja, ottaen huomioon k\u00e4sittelyn tarkoitukset, puutteelliset henkil\u00f6tiedot t\u00e4ydennetyiksi.<\/p>\n<p>(2) Sinulla on my\u00f6s oikeus pyyt\u00e4\u00e4 tietojesi k\u00e4sittelyn rajoittamista, mik\u00e4li lakis\u00e4\u00e4teiset ehdot t\u00e4yttyv\u00e4t. Lis\u00e4ksi sinulla on oikeus saada meille antamasi tiedot j\u00e4sennellyss\u00e4, yleisesti k\u00e4ytetyss\u00e4 ja koneluettavassa muodossa. Voit my\u00f6s vastustaa henkil\u00f6tietojesi k\u00e4sittely\u00e4.<\/p>\n<p>(3) Jos tietojesi k\u00e4sittely perustuu antamaasi suostumukseen, sinulla on oikeus peruuttaa suostumuksesi milloin tahansa. Suostumuksesi peruuttaminen ei vaikuta ennen peruutusta tapahtuneen, suostumukseen perustuvan tietojen k\u00e4sittelyn laillisuuteen.<\/p>\n<p>(4) Lis\u00e4ksi sinulla on lain s\u00e4\u00e4d\u00f6sten mukaisesti ja oikeutetuilla perusteilla oikeus pyyt\u00e4\u00e4 tietojesi poistamista. S\u00e4ilyt\u00e4mme tietojasi vain niin kauan kuin on tarpeen t\u00e4ss\u00e4 tietosuojak\u00e4yt\u00e4nn\u00f6ss\u00e4 kuvattuja tarkoituksia varten tai ajanjakson ajan, johon olet antanut erillisen suostumuksen. Sen j\u00e4lkeen, kun s\u00e4ilytysaika ja etenkin tietojen k\u00e4ytt\u00f6\u00f6n liittyv\u00e4 keskin\u00e4inen suhteemme ovat p\u00e4\u00e4ttyneet, poistamme tietosi yleisten poistomenettelyjemme mukaisesti, elleiv\u00e4t lakis\u00e4\u00e4teiset s\u00e4ilytysvelvoitteet (erityisesti kaupalliset tai verolakiin liittyv\u00e4t s\u00e4\u00e4nn\u00f6kset) est\u00e4 poistamista ja ellei pidempi s\u00e4ilytysaika ole tarpeen erityisess\u00e4 yksitt\u00e4istapauksessa oikeutettuihin etuihimme liittyvist\u00e4 syist\u00e4 (etu t\u00e4ytt\u00e4\u00e4 oikeudelliset velvoitteemme ja tietojen v\u00e4ltt\u00e4m\u00e4t\u00f6n k\u00e4sittely oikeusvaateiden laatimista, esitt\u00e4mist\u00e4 tai puolustamista varten). Lis\u00e4ksi poistamme n\u00e4m\u00e4 tiedot, jos k\u00e4sittely oli laitonta meille tuntemattomista syist\u00e4 tai jos olet vastustanut k\u00e4sittely\u00e4 eik\u00e4 meill\u00e4 ole pakottavia oikeutettuja etuja k\u00e4sittelylle. Tietosi poistetaan my\u00f6s, jos laki velvoittaa meit\u00e4 poistamaan ne. Yrityksemme on my\u00f6s ottanut k\u00e4ytt\u00f6\u00f6n teknisi\u00e4 menettelyj\u00e4 tiedottaaksemme jokaiselle tietojesi saajalle pyynn\u00f6st\u00e4si poistaa tai oikaista tietojasi. T\u00e4m\u00e4 p\u00e4tee vain siin\u00e4 tapauksessa, ett\u00e4 olemme luovuttaneet tai julkistaneet n\u00e4it\u00e4 tietoja. Kaikki henkil\u00f6tietojesi linkit, kopiot ja j\u00e4ljenn\u00f6kset poistetaan.<\/p>\n<p>(5) Voit ottaa tietosuojavastaavaamme yhteytt\u00e4 milloin tahansa k\u00e4ytt\u00e4m\u00e4ll\u00e4 seuraavia yhteystietoja:<\/p>\n\n<p>Data Protection Officer<br \/>\nFlorio GmbH<br \/>\nWilhelm-Wagenfeld-Str. 22<br \/>\n80807 M\u00fcnchen <a href=\"mailto:katherine@mirkwoodevansvincent.com\">&nbsp;<\/a><br \/>\nSaksa<\/p>\n<p>(6) Riippumatta muista muutoksenhakukeinoista sinulla on my\u00f6s aina oikeus tehd\u00e4 valitus valvontaviranomaiselle esimerkiksi alkuper\u00e4maassasi.<\/p>\n<p>Yrityksest\u00e4mme vastaava valvontaviranomainen on:<\/p>\n<p>Landesamt f\u00fcr Datenschutzaufsicht, Promenade 27 (Schloss), 91522 Ansbach, Saksa WWW: http:\/\/www.lda.bayern.de<\/p>\n<p>(7) Kaikki tieto-, luovutus- ja poistopyynn\u00f6t tai tietojen k\u00e4sittelyn vastustuspyynn\u00f6t tulee l\u00e4hett\u00e4\u00e4 s\u00e4hk\u00f6postitse osoitteeseen privacy@florio.app tai \u00a7 1 (3) -kohdassa mainittuun osoitteeseen.<\/p>\n<p><strong><strong>\u00a7 3 Tietoturva<\/strong><\/strong><\/p>\n<p>Toteutamme kohtuullisia toimia suojellaksemme tietojasi katoamiselta, v\u00e4\u00e4rink\u00e4yt\u00f6ksilt\u00e4, luvattomalta k\u00e4yt\u00f6lt\u00e4, paljastamiselta, muuttamiselta tai tuhoamiselta k\u00e4ytt\u00e4en turvatoimia, jotka tarjoavat alan vakiotasoisen suojauksen.<\/p>\n<p><strong><strong>\u00a7 4 Protokollatiedot<\/strong><\/strong><\/p>\n<p>(1) Kun k\u00e4yt\u00e4t verkkosivustoa, emme ker\u00e4\u00e4 mit\u00e4\u00e4n henkil\u00f6tietoja, lukuun ottamatta tietoja, joita selaimesi l\u00e4hett\u00e4\u00e4 automaattisesti yrityksemme verkkopalvelimelle teknisist\u00e4 syist\u00e4 (j\u00e4ljemp\u00e4n\u00e4 \u201dprotokollatiedot\u201d) ja joita yrityksemme kirjaa lokitiedostoihin, jotta voit k\u00e4yd\u00e4 verkkosivustossa.<\/p>\n<p>Niit\u00e4 ovat<\/p>\n<p>\u2022 IP-osoite<\/p>\n<p>\u2022 l\u00e4hett\u00e4v\u00e4n verkkosivuston URL-osoite<\/p>\n<p>\u2022 k\u00e4yt\u00f6n p\u00e4iv\u00e4m\u00e4\u00e4r\u00e4 ja kellonaika<\/p>\n<p>\u2022 tiedosto, johon siirryttiin<\/p>\n<p>\u2022 Internet-yhteyden tarjoajan verkkotunnus<\/p>\n<p>\u2022 pyynn\u00f6n sis\u00e4lt\u00f6 (konkreettinen sivu)<\/p>\n<p>\u2022 yhteystila\/HTTP-tilakoodi<\/p>\n<p>\u2022 kussakin tapauksessa siirretyn tiedon m\u00e4\u00e4r\u00e4<\/p>\n<p>\u2022 pyynn\u00f6n l\u00e4hett\u00e4nyt verkkosivusto<\/p>\n<p>\u2022 selaintyyppi ja -versio<\/p>\n<p>\u2022 k\u00e4ytt\u00f6j\u00e4rjestelm\u00e4 ja sen k\u00e4ytt\u00f6liittym\u00e4<\/p>\n<p>\u2022 selainohjelmiston kieli ja versio.<\/p>\n<p>(2) N\u00e4m\u00e4 ovat yksinomaan tietoja, jotka eiv\u00e4t salli johtop\u00e4\u00e4t\u00f6sten tekemist\u00e4 luonnollisesta henkil\u00f6st\u00e4. Protokollatiedot ovat teknisesti v\u00e4ltt\u00e4m\u00e4tt\u00f6mi\u00e4 pyyt\u00e4m\u00e4si verkkosivuston sis\u00e4ll\u00f6n n\u00e4ytt\u00e4miseksi oikein, ja ne ovat pakollisia Internet-tarjouksia k\u00e4ytett\u00e4ess\u00e4. Lokitiedot arvioidaan pelk\u00e4st\u00e4\u00e4n tilastollisia tarkoituksia varten voidaksemme optimoida yrityksemme Internet-sivut ja niiden takana olevan teknologian, mink\u00e4 j\u00e4lkeen ne poistetaan.<\/p>\n<p>(3) Protokollatietoja s\u00e4ilytet\u00e4\u00e4n erikseen muista tiedoista, joita yrityksemme ker\u00e4\u00e4 k\u00e4yt\u00f6n yhteydess\u00e4.<\/p>\n<p><strong><strong>\u00a7 5 Ev\u00e4steet<\/strong><\/strong><\/p>\n<p>(1) Monien muiden verkkosivustojen tavoin my\u00f6s yrityksemme k\u00e4ytt\u00e4\u00e4 ns. ev\u00e4steit\u00e4. Ev\u00e4steet ovat pieni\u00e4 tekstitiedostoja, jotka siirret\u00e4\u00e4n kiintolevyllesi verkkosivuston palvelimelta. Niiden avulla yrityksemme saa tietokoneesi kautta automaattisesti tiettyj\u00e4 tietoja, kuten IP-osoitteen, k\u00e4ytetyn selaimen, k\u00e4ytt\u00f6j\u00e4rjestelm\u00e4n ja Internet-yhteytesi. Lis\u00e4tietoja ev\u00e4steiden k\u00e4yt\u00f6st\u00e4 on Ev\u00e4stek\u00e4yt\u00e4nn\u00f6ss\u00e4mme.<\/p>\n<p>(2) Yrityksemme verkkosivustossa voi k\u00e4yd\u00e4 my\u00f6s ilman ev\u00e4steit\u00e4. Internet-selaimet asetetaan yleens\u00e4 hyv\u00e4ksym\u00e4\u00e4n ev\u00e4steit\u00e4. Voit est\u00e4\u00e4 ev\u00e4steiden k\u00e4yt\u00f6n milloin tahansa selaimesi asetuksista. Jos ev\u00e4steet poistetaan k\u00e4yt\u00f6st\u00e4, on mahdollista, etteiv\u00e4t yrityksemme verkkosivuston jotkin toiminnot en\u00e4\u00e4 toimi.<\/p>\n<p><strong><strong>\u00a7 6 Tietojen k\u00e4sittelyn tarkoitus<\/strong><\/strong><\/p>\n<p>(1) Jos annat meille edell\u00e4 mainittuja henkil\u00f6tietoja, k\u00e4sittelemme niit\u00e4 (katso \u00a7 1 (3)) seuraavia tarkoituksia varten:<\/p>\n<p>\u2022 palvelumme tason parantamiseksi<\/p>\n<p>\u2022 paikallisten lakien vaatimusten t\u00e4ytt\u00e4miseksi, esimerkiksi oikeusvaateiden laatimiseksi, esitt\u00e4miseksi tai puolustamiseksi<\/p>\n<p>\u2022 omia hallinnollisia ja laadunvarmistustarkoituksiamme varten<\/p>\n<p>\u2022 muita tarkoituksia varten, joista saattaa olla tietoja verkkosivustossa tai mobiilisovelluksessa tai joista olemme muuten sopineet kesken\u00e4mme.<\/p>\n<p>(2) Henkil\u00f6tietojen k\u00e4sittely on tarpeen ainoastaan edell\u00e4 mainittujen tarkoitusten saavuttamiseksi. Emme k\u00e4yt\u00e4 henkil\u00f6tietojasi markkinointitarkoituksiin, ellet ole nimenomaan antanut siihen lupaa. Tietojen k\u00e4sittelyn oikeusperuste \u2013 ellei muuta ole nimenomaan mainittu \u2013 on tietosuojaa koskevan perusasetuksen (Datenschutzgrundverordnung, DSGVO) momentti 6 (1) (b) ja (f) tai tietosuojaa koskevan perusasetuksen momentin 6 (1) (a) mukainen nimenomaan antamasi suostumus.<\/p>\n<p>(3) Jos edell\u00e4 olevia tietoja k\u00e4sitell\u00e4\u00e4n jotakin muuta kuin alkuper\u00e4ist\u00e4 ker\u00e4\u00e4mistarkoitusta varten, sinulle ilmoitetaan siit\u00e4 ennen lis\u00e4k\u00e4sittely\u00e4. N\u00e4in sinulla on mahdollisuus vastustaa tietojesi k\u00e4sittely\u00e4 muuta tarkoitusta varten.<\/p>\n<p><strong><strong>\u00a7 7 Tietojen jakaminen<\/strong><\/strong><\/p>\n<p>(1) Kaikkia meille l\u00e4hett\u00e4mi\u00e4si tietoja k\u00e4sitell\u00e4\u00e4n luottamuksellisesti. Emme myy henkil\u00f6tietojasi kolmansille osapuolille tai markkinoi niit\u00e4 muilla tavoin.<\/p>\n<p>(2) Periaatteessa tietojasi ei saateta kolmansien osapuolten saataville, ellet ole antanut siihen suostumustasi tai ellei meill\u00e4 ole laillista oikeutta ja\/tai velvoitetta siirt\u00e4\u00e4 tietoja toisille.<\/p>\n<p>(3) Siirr\u00e4mme henkil\u00f6tietoja oikeuslaitoksille, veroviranomaisille ja valvontaviranomaisille sik\u00e4li kuin se on laillisesti sallittua ja tarpeellista voimassa olevan lain vaatimusten t\u00e4ytt\u00e4miseksi tai oikeusvaateiden laatimiseksi, esitt\u00e4miseksi tai puolustamiseksi. Ryhdymme kaikkiin toimiin varmistaaksemme asianmukaiset ja kohtuulliset turvatoimet henkil\u00f6tietojesi suojaamiseksi.<\/p>\n<p><strong><strong>\u00a7 8 S\u00e4ilytysaika<\/strong><\/strong><\/p>\n<p>Sik\u00e4li kuin ker\u00e4ysaikana ei ole m\u00e4\u00e4ritetty nimenomaista s\u00e4ilytysaikaa (esim. osana suostumusilmoitusta), henkil\u00f6tiedot poistetaan niin pian kuin niit\u00e4 ei en\u00e4\u00e4 tarvita s\u00e4ilytystarkoituksen t\u00e4ytt\u00e4miseksi, elleiv\u00e4t lakis\u00e4\u00e4teiset s\u00e4ilytysvelvoitteet (esim. kaupalliset ja verolakia koskevat s\u00e4ilytysvelvoitteet) sit\u00e4 est\u00e4.<\/p>\n<p><strong><strong>\u00a7 9 Google Analyticsin k\u00e4ytt\u00f6<\/strong><\/strong><\/p>\n<p>(1) Verkkosivustomme k\u00e4ytt\u00e4\u00e4 Google Analytics -palvelua. Sinun on annettava suostumuksesi hyv\u00e4ksym\u00e4ll\u00e4 Google Analyticsin k\u00e4ytt\u00f6. Saatat vastustaa tietojen ker\u00e4\u00e4mist\u00e4 ja tallentamista Google Analytics -palvelun kautta milloin tahansa, jolloin sen k\u00e4ytt\u00f6 lopetetaan tuleville tiedoille. Suostumuksen peruutus on l\u00e4hetett\u00e4v\u00e4 osoitteeseen privacy@florio.app.<\/p>\n<p>(2) Yrityksemme k\u00e4ytt\u00e4\u00e4 Google Analytics -palvelua k\u00e4ytt\u00f6tietojen ker\u00e4\u00e4miseen ja k\u00e4ytt\u00f6profiilien luomiseen. Tiedot yrityksemme verkkosivuston k\u00e4yt\u00f6st\u00e4 l\u00e4hetet\u00e4\u00e4n Google Inc:n palvelimille osoitteeseen 1600 Amphitheatre Parkway, Mountain View, CA 94043, USA. Ne arvioidaan ja siirret\u00e4\u00e4n yrityksellemme vain yhdistettyin\u00e4 tietoina, jotka osoittavat trendej\u00e4 yleisest\u00e4 verkkosivuston k\u00e4yt\u00f6st\u00e4. Google k\u00e4ytt\u00e4\u00e4 n\u00e4it\u00e4 tietoja seuraaviin tarkoituksiin: verkkosivustomme k\u00e4ytt\u00f6si arvioimiseen, raporttien laatimiseen verkkosivuston toiminnasta verkkosivuston yll\u00e4pit\u00e4jille ja muiden verkkosivuston toimintaan ja Internetin k\u00e4ytt\u00f6\u00f6n liittyvien palvelujen tarjoamiseen.<\/p>\n<p>(3) Google saattaa my\u00f6s siirt\u00e4\u00e4 n\u00e4it\u00e4 tietoja kolmansille osapuolille, jos laki niin vaatii tai jos kyseiset kolmannet osapuolet k\u00e4sittelev\u00e4t tietoja Googlen puolesta. Google ei liit\u00e4 IP-osoitettasi muihin Googlen hallussa oleviin tietoihin. Voit kielt\u00e4yty\u00e4 ev\u00e4steiden k\u00e4yt\u00f6st\u00e4 valitsemalla asianmukaiset asetukset selaimestasi, mutta jos teet niin, et ehk\u00e4 pysty k\u00e4ytt\u00e4m\u00e4\u00e4n t\u00e4m\u00e4n verkkosivuston kaikkia toimintoja.<\/p>\n<p>(4) Lis\u00e4tietoja Google Analytics -palvelusta ja tietosuojasta saa t\u00e4\u00e4lt\u00e4: http:\/\/tools.google.com\/dlpage\/gaoptout?hl=de.<\/p>\n<\/div><div class=\"fusion-clearfix\"><\/div><\/div><\/div><\/div><\/div><style type=\"text\/css\">.fusion-fullwidth.fusion-builder-row-1 a:not(.fusion-button):not(.fusion-builder-module-control):not(.fusion-social-network-icon):not(.fb-icon-element):not(.fusion-countdown-link):not(.fusion-rollover-link):not(.fusion-rollover-gallery):not(.fusion-button-bar):not(.add_to_cart_button):not(.show_details_button):not(.product_type_external):not(.fusion-quick-view):not(.fusion-rollover-title-link):not(.fusion-breadcrumb-link) , .fusion-fullwidth.fusion-builder-row-1 a:not(.fusion-button):not(.fusion-builder-module-control):not(.fusion-social-network-icon):not(.fb-icon-element):not(.fusion-countdown-link):not(.fusion-rollover-link):not(.fusion-rollover-gallery):not(.fusion-button-bar):not(.add_to_cart_button):not(.show_details_button):not(.product_type_external):not(.fusion-quick-view):not(.fusion-rollover-title-link):not(.fusion-breadcrumb-link):before, .fusion-fullwidth.fusion-builder-row-1 a:not(.fusion-button):not(.fusion-builder-module-control):not(.fusion-social-network-icon):not(.fb-icon-element):not(.fusion-countdown-link):not(.fusion-rollover-link):not(.fusion-rollover-gallery):not(.fusion-button-bar):not(.add_to_cart_button):not(.show_details_button):not(.product_type_external):not(.fusion-quick-view):not(.fusion-rollover-title-link):not(.fusion-breadcrumb-link):after {color: #5453bf;}.fusion-fullwidth.fusion-builder-row-1 a:not(.fusion-button):not(.fusion-builder-module-control):not(.fusion-social-network-icon):not(.fb-icon-element):not(.fusion-countdown-link):not(.fusion-rollover-link):not(.fusion-rollover-gallery):not(.fusion-button-bar):not(.add_to_cart_button):not(.show_details_button):not(.product_type_external):not(.fusion-quick-view):not(.fusion-rollover-title-link):not(.fusion-breadcrumb-link):hover, .fusion-fullwidth.fusion-builder-row-1 a:not(.fusion-button):not(.fusion-builder-module-control):not(.fusion-social-network-icon):not(.fb-icon-element):not(.fusion-countdown-link):not(.fusion-rollover-link):not(.fusion-rollover-gallery):not(.fusion-button-bar):not(.add_to_cart_button):not(.show_details_button):not(.product_type_external):not(.fusion-quick-view):not(.fusion-rollover-title-link):not(.fusion-breadcrumb-link):hover:before, .fusion-fullwidth.fusion-builder-row-1 a:not(.fusion-button):not(.fusion-builder-module-control):not(.fusion-social-network-icon):not(.fb-icon-element):not(.fusion-countdown-link):not(.fusion-rollover-link):not(.fusion-rollover-gallery):not(.fusion-button-bar):not(.add_to_cart_button):not(.show_details_button):not(.product_type_external):not(.fusion-quick-view):not(.fusion-rollover-title-link):not(.fusion-breadcrumb-link):hover:after {color: #35baf2;}.fusion-fullwidth.fusion-builder-row-1 .pagination a.inactive:hover, .fusion-fullwidth.fusion-builder-row-1 .fusion-filters .fusion-filter.fusion-active a {border-color: #35baf2;}.fusion-fullwidth.fusion-builder-row-1 .pagination .current {border-color: #35baf2; background-color: #35baf2;}.fusion-fullwidth.fusion-builder-row-1 .fusion-filters .fusion-filter.fusion-active a, .fusion-fullwidth.fusion-builder-row-1 .fusion-date-and-formats .fusion-format-box, .fusion-fullwidth.fusion-builder-row-1 .fusion-popover, .fusion-fullwidth.fusion-builder-row-1 .tooltip-shortcode {color: #35baf2;}#main .fusion-fullwidth.fusion-builder-row-1 .post .blog-shortcode-post-title a:hover {color: #35baf2;}<\/style>","protected":false},"excerpt":{"rendered":"","protected":false},"author":14,"featured_media":0,"parent":0,"menu_order":0,"comment_status":"closed","ping_status":"closed","template":"","meta":[],"_links":{"self":[{"href":"https:\/\/florio-haemo.com\/fi\/wp-json\/wp\/v2\/pages\/1033"}],"collection":[{"href":"https:\/\/florio-haemo.com\/fi\/wp-json\/wp\/v2\/pages"}],"about":[{"href":"https:\/\/florio-haemo.com\/fi\/wp-json\/wp\/v2\/types\/page"}],"author":[{"embeddable":true,"href":"https:\/\/florio-haemo.com\/fi\/wp-json\/wp\/v2\/users\/14"}],"replies":[{"embeddable":true,"href":"https:\/\/florio-haemo.com\/fi\/wp-json\/wp\/v2\/comments?post=1033"}],"version-history":[{"count":11,"href":"https:\/\/florio-haemo.com\/fi\/wp-json\/wp\/v2\/pages\/1033\/revisions"}],"predecessor-version":[{"id":1381,"href":"https:\/\/florio-haemo.com\/fi\/wp-json\/wp\/v2\/pages\/1033\/revisions\/1381"}],"wp:attachment":[{"href":"https:\/\/florio-haemo.com\/fi\/wp-json\/wp\/v2\/media?parent=1033"}],"curies":[{"name":"wp","href":"https:\/\/api.w.org\/{rel}","templated":true}]}}