{"id":1236,"date":"2020-12-07T15:15:02","date_gmt":"2020-12-07T15:15:02","guid":{"rendered":"https:\/\/floriohaemo.wpengine.com\/?page_id=1236"},"modified":"2024-10-29T10:58:34","modified_gmt":"2024-10-29T10:58:34","slug":"disclaimer","status":"publish","type":"page","link":"https:\/\/florio-haemo.com\/et\/disclaimer\/","title":{"rendered":"Lahti\u00fctlemisklausel"},"content":{"rendered":"<div class=\"fusion-fullwidth fullwidth-box fusion-builder-row-1 nonhundred-percent-fullwidth non-hundred-percent-height-scrolling\"  style='background-color: rgba(255,255,255,0);background-position: center center;background-repeat: no-repeat;padding-top:0px;padding-right:0px;padding-bottom:0px;padding-left:0px;'><div class=\"fusion-builder-row fusion-row\"><div  class=\"fusion-layout-column fusion_builder_column fusion_builder_column_1_1 fusion-builder-column-0 fusion-one-full fusion-column-first fusion-column-last 1_1\"  style='margin-top:15px;margin-bottom:15px;'><div class=\"fusion-column-wrapper\" style=\"padding: 0px 0px 0px 0px;background-position:left top;background-repeat:no-repeat;-webkit-background-size:cover;-moz-background-size:cover;-o-background-size:cover;background-size:cover;\"   data-bg-url=\"\"><div class=\"fusion-text\"><h1>Lahti\u00fctlemisklausel<\/h1>\n<p><span data-contrast=\"auto\">Viimane uuendus: oktoober 2024<\/span><span data-ccp-props=\"{\">\u00a0<\/span><\/p>\n<p><span data-ccp-props=\"{\">\u00a0<\/span><\/p>\n<p><b><span data-contrast=\"auto\">florio HAEMO rakendus\u00a0<\/span><\/b><span data-ccp-props=\"{\">\u00a0<\/span><\/p>\n<p>Rakendus ei ole ette n\u00e4htud kasutamiseks arsti v\u00f5i teiste tervishoiut\u00f6\u00f6tajate n\u00f5uannete asemel. Kui teil on terviseprobleeme, p\u00f6\u00f6rduge kohe arsti v\u00f5i muu tervishoiut\u00f6\u00f6taja poole. Kui teil on k\u00fcsimusi florio HAEMO kohta, v\u00f5tke meiega \u00fchendust aadressil help@florio.com.\n\nflorio HAEMO on haruldase verehaiguse hemofiilia ravi ja selle tulemuste seireks ette n\u00e4htud tarkvara. Tavakasutajad saavad salvestada hemofiiliaga seotud s\u00fcndmusi ja n\u00e4ha isikustatud andmetrende ja -anal\u00fc\u00fcse, mis aitavad neil oma haigusseisundiga toime tulla. Neid isikustatud andmetrende ja -anal\u00fc\u00fcse saavad tervishoiut\u00f6\u00f6tajad kasutada raviotsuste tegemise toetamiseks.\n\nSihtkasutajad on tavakasutajad (florio HAEMO rakendus) ja tervishoiut\u00f6\u00f6tajad (florio HAEMO juhtpaneel). florio HAEMO ei ole ette n\u00e4htud kasutamiseks muude haiguste kui hemofiilia p\u00f5dejatele.<\/p>\n<p>florio HAEMO is a software intended to monitor treatment of haemophilia, a rare haematologic disorder, and its outcomes. Lay users can record haemophilia-related events and view personalised data trends and analyses that help them manage their condition. These personalised data trends and analyses can be used to support treatment decision-making by HCPs.<\/p>\n<p>The intended users are lay users (florio HAEMO App) and healthcare professionals (florio HAEMO Dashboard). florio HAEMO is not intended to be used by users with a disease other than haemophilia.<\/p>\n<p><span data-ccp-props=\"{\">\u00a0<\/span><\/p>\n<p><b><span data-contrast=\"auto\">florio HAEMO armatuurlaud<\/span><\/b><span data-ccp-props=\"{\">\u00a0<\/span><\/p>\n<p>florio HAEMO ei paku meditsiinilist n\u00f5ustamist. florio HAEMO kuvatav teave ei ole ette n\u00e4htud diagnoosimise otstarbel kasutamiseks ega asenda p\u00f5hjalikku meditsiinialast v\u00e4lja\u00f5pet. Patsiendi diagnoosimisel ja ravis tuleb l\u00e4htuda ainult oma s\u00f5ltumatust hinnangust. florio HAEMO on haruldase verehaiguse hemofiilia ravi ja selle tulemuste j\u00e4lgimiseks m\u00f5eldud tarkvara. Tavakasutajad saavad salvestada hemofiiliaga seotud s\u00fcndmusi ning vaadata isikustatud andmete trende ja anal\u00fc\u00fcse, mis aitavad neil oma seisundit kontrolli all hoida. Neid isikustatud andmetrende ja -anal\u00fc\u00fcse saavad tervishoiut\u00f6\u00f6tajad kasutada raviotsuste tegemise toetamiseks. Sihtkasutajad on tavakasutajad (florio HAEMO rakendus) ja tervishoiut\u00f6\u00f6tajad (florio HAEMO juhtpaneel). florio HAEMO ei ole ette n\u00e4htud kasutamiseks muude haiguste kui hemofiilia p\u00f5dejatele. florio HAEMOs kuvatav h\u00fc\u00fcbimisfaktori % on vaid hinnang, mitte tegelik m\u00f5\u00f5tmistulemus. H\u00fc\u00fcbimisfaktori hinnanguline tase ei pruugi vastata patsiendi tegelikule praegusele h\u00fc\u00fcbimisfaktori tasemele. Selle arvutab ja edastab kolmanda isiku teenus (McMaster PopPK platvorm, McMasteri \u00dclikool, Kanada). florio HAEMO saab patsiendi h\u00fc\u00fcbimisfaktori taseme McMaster PopPK platvormilt p\u00e4rast patsiendi iga salvestatud s\u00fcstimist. florio HAEMO-l puudub kontroll hinnangu \u00fcle ja florio HAEMO ei saa tagada McMaster PopPK platvormi poolt edastatud hinnangu t\u00e4psust. Raviplaani \u00fcksikasjad edastab samuti McMaster PopPK platvorm vastavalt teie spetsifikatsioonile McMaster PopPK platvormil. Konkreetse patsiendi raviplaanis PK-juhitud prof\u00fclaktikaga seotud muudatuste tegemise korral tuleb kindlasti vastavalt muuta ka McMaster PopPK platvormil sisestatud andmeid v\u00f5i keelata rakenduse kasutamine McMaster PopPK platvormil v\u00f5i florio HAEMO juhtpaneelil. Tegevusteavet esitab kolmandast isikust pakkuja (Health Connect ja Apple HealthKit). florio HAEMO ei oma kontrolli andmete \u00fcle, mille allikaks on nimetatud funktsioonid, ega saa garanteerida nende andmete t\u00e4psust. K\u00f5ik pakutavad funktsioonid s\u00f5ltuvad teie ja teie patsiendi t\u00e4psest sisendist ning neid kasutatakse ja hallatakse ainult teie ja teie patsiendi vastutusel. Vigade ja ebat\u00e4psuste esinemist florio HAEMO juhtpaneelil kuvatavates andmetes ei saa v\u00e4listada.<\/p>\n<\/div><div class=\"fusion-clearfix\"><\/div><\/div><\/div><\/div><\/div><style type=\"text\/css\">.fusion-fullwidth.fusion-builder-row-1 a:not(.fusion-button):not(.fusion-builder-module-control):not(.fusion-social-network-icon):not(.fb-icon-element):not(.fusion-countdown-link):not(.fusion-rollover-link):not(.fusion-rollover-gallery):not(.fusion-button-bar):not(.add_to_cart_button):not(.show_details_button):not(.product_type_external):not(.fusion-quick-view):not(.fusion-rollover-title-link):not(.fusion-breadcrumb-link) , .fusion-fullwidth.fusion-builder-row-1 a:not(.fusion-button):not(.fusion-builder-module-control):not(.fusion-social-network-icon):not(.fb-icon-element):not(.fusion-countdown-link):not(.fusion-rollover-link):not(.fusion-rollover-gallery):not(.fusion-button-bar):not(.add_to_cart_button):not(.show_details_button):not(.product_type_external):not(.fusion-quick-view):not(.fusion-rollover-title-link):not(.fusion-breadcrumb-link):before, .fusion-fullwidth.fusion-builder-row-1 a:not(.fusion-button):not(.fusion-builder-module-control):not(.fusion-social-network-icon):not(.fb-icon-element):not(.fusion-countdown-link):not(.fusion-rollover-link):not(.fusion-rollover-gallery):not(.fusion-button-bar):not(.add_to_cart_button):not(.show_details_button):not(.product_type_external):not(.fusion-quick-view):not(.fusion-rollover-title-link):not(.fusion-breadcrumb-link):after {color: #5453bf;}.fusion-fullwidth.fusion-builder-row-1 a:not(.fusion-button):not(.fusion-builder-module-control):not(.fusion-social-network-icon):not(.fb-icon-element):not(.fusion-countdown-link):not(.fusion-rollover-link):not(.fusion-rollover-gallery):not(.fusion-button-bar):not(.add_to_cart_button):not(.show_details_button):not(.product_type_external):not(.fusion-quick-view):not(.fusion-rollover-title-link):not(.fusion-breadcrumb-link):hover, .fusion-fullwidth.fusion-builder-row-1 a:not(.fusion-button):not(.fusion-builder-module-control):not(.fusion-social-network-icon):not(.fb-icon-element):not(.fusion-countdown-link):not(.fusion-rollover-link):not(.fusion-rollover-gallery):not(.fusion-button-bar):not(.add_to_cart_button):not(.show_details_button):not(.product_type_external):not(.fusion-quick-view):not(.fusion-rollover-title-link):not(.fusion-breadcrumb-link):hover:before, .fusion-fullwidth.fusion-builder-row-1 a:not(.fusion-button):not(.fusion-builder-module-control):not(.fusion-social-network-icon):not(.fb-icon-element):not(.fusion-countdown-link):not(.fusion-rollover-link):not(.fusion-rollover-gallery):not(.fusion-button-bar):not(.add_to_cart_button):not(.show_details_button):not(.product_type_external):not(.fusion-quick-view):not(.fusion-rollover-title-link):not(.fusion-breadcrumb-link):hover:after {color: #35baf2;}.fusion-fullwidth.fusion-builder-row-1 .pagination a.inactive:hover, .fusion-fullwidth.fusion-builder-row-1 .fusion-filters .fusion-filter.fusion-active a {border-color: #35baf2;}.fusion-fullwidth.fusion-builder-row-1 .pagination .current {border-color: #35baf2; background-color: #35baf2;}.fusion-fullwidth.fusion-builder-row-1 .fusion-filters .fusion-filter.fusion-active a, .fusion-fullwidth.fusion-builder-row-1 .fusion-date-and-formats .fusion-format-box, .fusion-fullwidth.fusion-builder-row-1 .fusion-popover, .fusion-fullwidth.fusion-builder-row-1 .tooltip-shortcode {color: #35baf2;}#main .fusion-fullwidth.fusion-builder-row-1 .post .blog-shortcode-post-title a:hover {color: #35baf2;}<\/style>","protected":false},"excerpt":{"rendered":"","protected":false},"author":14,"featured_media":0,"parent":0,"menu_order":0,"comment_status":"closed","ping_status":"closed","template":"","meta":[],"_links":{"self":[{"href":"https:\/\/florio-haemo.com\/et\/wp-json\/wp\/v2\/pages\/1236"}],"collection":[{"href":"https:\/\/florio-haemo.com\/et\/wp-json\/wp\/v2\/pages"}],"about":[{"href":"https:\/\/florio-haemo.com\/et\/wp-json\/wp\/v2\/types\/page"}],"author":[{"embeddable":true,"href":"https:\/\/florio-haemo.com\/et\/wp-json\/wp\/v2\/users\/14"}],"replies":[{"embeddable":true,"href":"https:\/\/florio-haemo.com\/et\/wp-json\/wp\/v2\/comments?post=1236"}],"version-history":[{"count":11,"href":"https:\/\/florio-haemo.com\/et\/wp-json\/wp\/v2\/pages\/1236\/revisions"}],"predecessor-version":[{"id":1421,"href":"https:\/\/florio-haemo.com\/et\/wp-json\/wp\/v2\/pages\/1236\/revisions\/1421"}],"wp:attachment":[{"href":"https:\/\/florio-haemo.com\/et\/wp-json\/wp\/v2\/media?parent=1236"}],"curies":[{"name":"wp","href":"https:\/\/api.w.org\/{rel}","templated":true}]}}