{"id":1236,"date":"2020-12-07T15:15:02","date_gmt":"2020-12-07T15:15:02","guid":{"rendered":"https:\/\/floriohaemo.wpengine.com\/?page_id=1236"},"modified":"2024-10-29T10:58:34","modified_gmt":"2024-10-29T10:58:34","slug":"disclaimer","status":"publish","type":"page","link":"https:\/\/florio-haemo.com\/es\/disclaimer\/","title":{"rendered":"Exenci\u00f3n de responsabilidad"},"content":{"rendered":"<div class=\"fusion-fullwidth fullwidth-box fusion-builder-row-1 nonhundred-percent-fullwidth non-hundred-percent-height-scrolling\"  style='background-color: rgba(255,255,255,0);background-position: center center;background-repeat: no-repeat;padding-top:0px;padding-right:0px;padding-bottom:0px;padding-left:0px;'><div class=\"fusion-builder-row fusion-row\"><div  class=\"fusion-layout-column fusion_builder_column fusion_builder_column_1_1 fusion-builder-column-0 fusion-one-full fusion-column-first fusion-column-last 1_1\"  style='margin-top:15px;margin-bottom:15px;'><div class=\"fusion-column-wrapper\" style=\"padding: 0px 0px 0px 0px;background-position:left top;background-repeat:no-repeat;-webkit-background-size:cover;-moz-background-size:cover;-o-background-size:cover;background-size:cover;\"   data-bg-url=\"\"><div class=\"fusion-text\"><h1>Exenci\u00f3n de responsabilidad<\/h1>\n<p><span data-contrast=\"auto\">\u00daltima actualizaci\u00f3n: Octubre 2024<\/span><span data-ccp-props=\"{\">\u00a0<\/span><\/p>\n<p><span data-ccp-props=\"{\">\u00a0<\/span><\/p>\n<p><b><span data-contrast=\"auto\">aplicaci\u00f3n florio HAEMO\u00a0<\/span><\/b><span data-ccp-props=\"{\">\u00a0<\/span><\/p>\n<p>Esta aplicaci\u00f3n no est\u00e1 dise\u00f1ada para sustituir las recomendaciones de tu m\u00e9dico u otro profesional sanitario. Si tienes cualquier problema relacionado con la salud, habla con tu m\u00e9dico u otro profesional sanitario inmediatamente. Si tienes alguna pregunta sobre florio HAEMO, ponte en contacto con nosotros en help@florio.com.\n\nflorio HAEMO es un software destinado a supervisar el tratamiento de la hemofilia, un trastorno hematol\u00f3gico raro, y sus efectos. Los usuarios no profesionales pueden registrar eventos relacionados con la hemofilia y ver tendencias y an\u00e1lisis de datos personalizados que les ayuden a gestionar su enfermedad. Estas tendencias y an\u00e1lisis de datos personalizados pueden utilizarse para contribuir a la toma de decisiones terap\u00e9uticas por parte del personal sanitario.\n\nLos usuarios a los que est\u00e1 destinado son no profesionales (aplicaci\u00f3n florio HAEMO) y profesionales sanitarios (Panel de control de florio HAEMO). florio HAEMO no est\u00e1 dise\u00f1ado para que lo utilicen usuarios con una enfermedad distinta a la hemofilia.<\/p>\n<p>florio HAEMO is a software intended to monitor treatment of haemophilia, a rare haematologic disorder, and its outcomes. Lay users can record haemophilia-related events and view personalised data trends and analyses that help them manage their condition. These personalised data trends and analyses can be used to support treatment decision-making by HCPs.<\/p>\n<p>The intended users are lay users (florio HAEMO App) and healthcare professionals (florio HAEMO Dashboard). florio HAEMO is not intended to be used by users with a disease other than haemophilia.<\/p>\n<p><span data-ccp-props=\"{\">\u00a0<\/span><\/p>\n<p><b><span data-contrast=\"auto\">salpicadero florio HAEMO<\/span><\/b><span data-ccp-props=\"{\">\u00a0<\/span><\/p>\n<p>florio HAEMO no ofrece consejo m\u00e9dico. La informaci\u00f3n que se muestra en florio HAEMO no tiene finalidades diagn\u00f3sticas ni pretende reemplazar su exhaustiva formaci\u00f3n m\u00e9dica. Debe basarse \u00fanicamente en su propio juicio para diagnosticar y tratar a su paciente. florio HAEMO es un software dise\u00f1ado para supervisar el tratamiento de la hemofilia, un trastorno hematol\u00f3gico poco frecuente, y sus efectos. Los usuarios no profesionales pueden registrar acontecimientos relacionados con la hemofilia y ver tendencias y an\u00e1lisis de datos personalizados que les ayuden a gestionar su enfermedad. Estas tendencias y an\u00e1lisis de datos personalizados pueden utilizarse para contribuir a la toma de decisiones terap\u00e9uticas por parte del personal sanitario. Los usuarios a los que est\u00e1 destinado son no profesionales (aplicaci\u00f3n florio HAEMO) y profesionales sanitarios (panel de control de florio HAEMO). florio HAEMO no est\u00e1 dise\u00f1ado para que lo utilicen usuarios con una enfermedad distinta a la hemofilia. El nivel de factor (%) que aparece en florio HAEMO representa solo una estimaci\u00f3n y no es una medida real. Es posible que el nivel de factor estimado no se corresponda con el nivel de factor real actual de su paciente. Lo calcula y proporciona un servicio de terceros (plataforma McMaster PopPK, McMaster University, Canad\u00e1). florio HAEMO recupera el nivel de factor de su paciente de la plataforma McMaster PopPK tras cada inyecci\u00f3n guardada por el paciente. florio HAEMO no tiene ning\u00fan control sobre la estimaci\u00f3n y no puede garantizar la exactitud de la estimaci\u00f3n proporcionada por la plataforma McMaster PopPK. Los detalles del plan de tratamiento tambi\u00e9n se proporcionan a trav\u00e9s de la plataforma McMaster PopPK seg\u00fan sus especificaciones en la plataforma McMaster PopPK. Es importante que, al cambiar el plan de tratamiento de un paciente espec\u00edfico con profilaxis guiada por PK, cambie las especificaciones en consonancia en la plataforma McMaster PopPK o desactive el uso de la aplicaci\u00f3n en la plataforma McMaster PopPK o en el panel de control de florio HAEMO. La informaci\u00f3n de actividad es facilitada por proveedores terceros (HealthConnect, y Apple HealthKit). florio HAEMO no controla de ninguna forma los datos derivados de estas funciones y no puede garantizar que sean precisos. Todas las funciones proporcionadas dependen de que los datos que usted y su paciente introduzcan sean precisos. Adem\u00e1s, su uso y gesti\u00f3n es responsabilidad \u00fanica de usted y de su paciente. No es posible descartar que los datos que aparezcan en el panel de control de florio HAEMO contengan errores o imprecisiones.<\/p>\n<\/div><div class=\"fusion-clearfix\"><\/div><\/div><\/div><\/div><\/div><style type=\"text\/css\">.fusion-fullwidth.fusion-builder-row-1 a:not(.fusion-button):not(.fusion-builder-module-control):not(.fusion-social-network-icon):not(.fb-icon-element):not(.fusion-countdown-link):not(.fusion-rollover-link):not(.fusion-rollover-gallery):not(.fusion-button-bar):not(.add_to_cart_button):not(.show_details_button):not(.product_type_external):not(.fusion-quick-view):not(.fusion-rollover-title-link):not(.fusion-breadcrumb-link) , .fusion-fullwidth.fusion-builder-row-1 a:not(.fusion-button):not(.fusion-builder-module-control):not(.fusion-social-network-icon):not(.fb-icon-element):not(.fusion-countdown-link):not(.fusion-rollover-link):not(.fusion-rollover-gallery):not(.fusion-button-bar):not(.add_to_cart_button):not(.show_details_button):not(.product_type_external):not(.fusion-quick-view):not(.fusion-rollover-title-link):not(.fusion-breadcrumb-link):before, .fusion-fullwidth.fusion-builder-row-1 a:not(.fusion-button):not(.fusion-builder-module-control):not(.fusion-social-network-icon):not(.fb-icon-element):not(.fusion-countdown-link):not(.fusion-rollover-link):not(.fusion-rollover-gallery):not(.fusion-button-bar):not(.add_to_cart_button):not(.show_details_button):not(.product_type_external):not(.fusion-quick-view):not(.fusion-rollover-title-link):not(.fusion-breadcrumb-link):after {color: #5453bf;}.fusion-fullwidth.fusion-builder-row-1 a:not(.fusion-button):not(.fusion-builder-module-control):not(.fusion-social-network-icon):not(.fb-icon-element):not(.fusion-countdown-link):not(.fusion-rollover-link):not(.fusion-rollover-gallery):not(.fusion-button-bar):not(.add_to_cart_button):not(.show_details_button):not(.product_type_external):not(.fusion-quick-view):not(.fusion-rollover-title-link):not(.fusion-breadcrumb-link):hover, .fusion-fullwidth.fusion-builder-row-1 a:not(.fusion-button):not(.fusion-builder-module-control):not(.fusion-social-network-icon):not(.fb-icon-element):not(.fusion-countdown-link):not(.fusion-rollover-link):not(.fusion-rollover-gallery):not(.fusion-button-bar):not(.add_to_cart_button):not(.show_details_button):not(.product_type_external):not(.fusion-quick-view):not(.fusion-rollover-title-link):not(.fusion-breadcrumb-link):hover:before, .fusion-fullwidth.fusion-builder-row-1 a:not(.fusion-button):not(.fusion-builder-module-control):not(.fusion-social-network-icon):not(.fb-icon-element):not(.fusion-countdown-link):not(.fusion-rollover-link):not(.fusion-rollover-gallery):not(.fusion-button-bar):not(.add_to_cart_button):not(.show_details_button):not(.product_type_external):not(.fusion-quick-view):not(.fusion-rollover-title-link):not(.fusion-breadcrumb-link):hover:after {color: #35baf2;}.fusion-fullwidth.fusion-builder-row-1 .pagination a.inactive:hover, .fusion-fullwidth.fusion-builder-row-1 .fusion-filters .fusion-filter.fusion-active a {border-color: #35baf2;}.fusion-fullwidth.fusion-builder-row-1 .pagination .current {border-color: #35baf2; background-color: #35baf2;}.fusion-fullwidth.fusion-builder-row-1 .fusion-filters .fusion-filter.fusion-active a, .fusion-fullwidth.fusion-builder-row-1 .fusion-date-and-formats .fusion-format-box, .fusion-fullwidth.fusion-builder-row-1 .fusion-popover, .fusion-fullwidth.fusion-builder-row-1 .tooltip-shortcode {color: #35baf2;}#main .fusion-fullwidth.fusion-builder-row-1 .post .blog-shortcode-post-title a:hover {color: #35baf2;}<\/style>","protected":false},"excerpt":{"rendered":"","protected":false},"author":14,"featured_media":0,"parent":0,"menu_order":0,"comment_status":"closed","ping_status":"closed","template":"","meta":[],"_links":{"self":[{"href":"https:\/\/florio-haemo.com\/es\/wp-json\/wp\/v2\/pages\/1236"}],"collection":[{"href":"https:\/\/florio-haemo.com\/es\/wp-json\/wp\/v2\/pages"}],"about":[{"href":"https:\/\/florio-haemo.com\/es\/wp-json\/wp\/v2\/types\/page"}],"author":[{"embeddable":true,"href":"https:\/\/florio-haemo.com\/es\/wp-json\/wp\/v2\/users\/14"}],"replies":[{"embeddable":true,"href":"https:\/\/florio-haemo.com\/es\/wp-json\/wp\/v2\/comments?post=1236"}],"version-history":[{"count":11,"href":"https:\/\/florio-haemo.com\/es\/wp-json\/wp\/v2\/pages\/1236\/revisions"}],"predecessor-version":[{"id":1421,"href":"https:\/\/florio-haemo.com\/es\/wp-json\/wp\/v2\/pages\/1236\/revisions\/1421"}],"wp:attachment":[{"href":"https:\/\/florio-haemo.com\/es\/wp-json\/wp\/v2\/media?parent=1236"}],"curies":[{"name":"wp","href":"https:\/\/api.w.org\/{rel}","templated":true}]}}