{"id":1033,"date":"2020-04-14T16:21:37","date_gmt":"2020-04-14T16:21:37","guid":{"rendered":"http:\/\/floriogmbh.wpengine.com\/?page_id=1033"},"modified":"2023-07-26T14:17:27","modified_gmt":"2023-07-26T14:17:27","slug":"data-policy","status":"publish","type":"page","link":"https:\/\/florio-haemo.com\/es\/data-policy\/","title":{"rendered":"Pol\u00edtica de Privacidad"},"content":{"rendered":"<div class=\"fusion-fullwidth fullwidth-box fusion-builder-row-1 nonhundred-percent-fullwidth non-hundred-percent-height-scrolling\"  style='background-color: rgba(255,255,255,0);background-position: center center;background-repeat: no-repeat;padding-top:0px;padding-right:0px;padding-bottom:0px;padding-left:0px;'><div class=\"fusion-builder-row fusion-row\"><div  class=\"fusion-layout-column fusion_builder_column fusion_builder_column_1_1 fusion-builder-column-0 fusion-one-full fusion-column-first fusion-column-last 1_1\"  style='margin-top:15px;margin-bottom:15px;'><div class=\"fusion-column-wrapper\" style=\"padding: 0px 0px 0px 0px;background-position:left top;background-repeat:no-repeat;-webkit-background-size:cover;-moz-background-size:cover;-o-background-size:cover;background-size:cover;\"   data-bg-url=\"\"><div class=\"fusion-text\"><h2><h2>Pol\u00edtica de Privacidad de la p\u00e1gina web de Florio<\/h2><\/h2>\n<p><strong><strong>\u00a7 1 Informaci\u00f3n sobre la recopilaci\u00f3n y el tratamiento de datos personales y la identificaci\u00f3n del proveedor<\/strong><\/strong><\/p>\n<p>(1) La protecci\u00f3n de datos es una preocupaci\u00f3n importante de Florio GmbH. Por lo tanto, el procesamiento de los datos de nuestros clientes se realiza exclusivamente de acuerdo con las normas de protecci\u00f3n de datos aplicables (por ejemplo, DSGVO, BDSG-neu).<\/p>\n<p>(2) A continuaci\u00f3n informamos sobre la recogida de datos personales al utilizar esta p\u00e1gina web. Los datos personales son toda la informaci\u00f3n relativa a una persona identificable o identificada, por ejemplo, nombre, direcciones, n\u00famero de tel\u00e9fono, comportamiento del usuario.<\/p>\n<p>(3) No procesamos ning\u00fan dato personal al utilizar la p\u00e1gina web, excepto aquellos que son recogidos autom\u00e1ticamente por la p\u00e1gina web (ver \u00a7 4).<\/p>\n<p>(4) El responsable seg\u00fan el art\u00edculo 4, apartado 7, de la DSGVO es Florio GmbH, Wilhelm-Wagenfeld-Str. 22, 80807 M\u00fanich, Alemania.<\/p>\n<p><strong><strong>\u00a7 2 Sus derechos y c\u00f3mo ejercerlos<\/strong><\/strong><\/p>\n<p>(1) Si lo solicitas, te informaremos por escrito, de acuerdo con la legislaci\u00f3n aplicable, si almacenamos datos personales y cu\u00e1les almacenamos. Tienes derecho a que se rectifiquen los datos incorrectos y, teniendo en cuenta los fines del proceso, a que se completen los datos personales incompletos.<\/p>\n<p>(2) Tambi\u00e9n tienes derecho a solicitar la restricci\u00f3n del tratamiento de tus datos, siempre que se cumplan los requisitos legales. Adem\u00e1s, tienes derecho a recibir los datos facilitados por usted en un formato estructurado, de uso com\u00fan y en formato legible por m\u00e1quina. Tambi\u00e9n puedes oponerte a cualquier procesamiento de tus datos personales por parte de nosotros.<\/p>\n<p>(3) Si el procesamiento de tus datos se basa en tu consentimiento, tienes derecho a retirarlo en cualquier momento. La retirada de tu consentimiento no afectar\u00e1 a la legalidad del procesamiento de tus datos debido al consentimiento antes de que \u00e9ste fuera retirado.<\/p>\n<p>4) Adem\u00e1s, sujeto a las disposiciones legales, tienes derecho, si hay motivos justificados, a solicitar la supresi\u00f3n de sus datos. Guardaremos tu informaci\u00f3n s\u00f3lo durante el per\u00edodo necesario para cumplir con los fines indicados en esta Pol\u00edtica de Privacidad o el per\u00edodo al que hayas dado tu consentimiento por separado. Una vez transcurrido el per\u00edodo de almacenamiento correspondiente, en particular cuando haya finalizado la relaci\u00f3n de uso contigo, eliminaremos tus datos de acuerdo con nuestros procedimientos generales de borrado, a menos que las obligaciones de retenci\u00f3n legales (en particular debido a las disposiciones de la legislaci\u00f3n comercial y fiscal) lo impidan o que sea necesario un almacenamiento prolongado en el caso concreto para los fines de nuestros intereses leg\u00edtimos (inter\u00e9s en el cumplimiento de nuestras obligaciones legales y la necesidad de procesar los datos para el establecimiento, el ejercicio o la defensa de las reclamaciones legales). Adem\u00e1s, eliminaremos estos datos si el tratamiento fue ilegal por razones que desconocemos o si te has opuesto al tratamiento y no hay intereses leg\u00edtimos superiores para el mismo. Tus datos tambi\u00e9n ser\u00e1n eliminados si estamos legalmente obligados a ello. Nuestra empresa tambi\u00e9n ha implementado medidas t\u00e9cnicas para informar a todos los destinatarios de tus datos de tu solicitud de eliminaci\u00f3n o correcci\u00f3n. Esto s\u00f3lo se aplica en el caso de que hayamos divulgado o hecho p\u00fablicos estos datos. Todos los enlaces, copias y r\u00e9plicas de tus datos personales ser\u00e1n eliminados.<\/p>\n<p>(5) Puedes ponerte en contacto con el oficial de protecci\u00f3n de datos en cualquier momento utilizando los datos de contacto que figuran a continuaci\u00f3n:<\/p>\n\n<p>&nbsp;<br \/>\nFlorio GmbH<br \/>\nWilhelm-Wagenfeld-Str. 22<br \/>\n80807 M\u00fcnchen <a href=\"mailto:katherine@mirkwoodevansvincent.com\">&nbsp;<\/a><br \/>\nAlemania<\/p>\n<p>6) Sin perjuicio de cualquier otro recurso, tambi\u00e9n tienes derecho a presentar en cualquier momento una denuncia ante una autoridad de supervisi\u00f3n, por ejemplo, en tu pa\u00eds de origen.<\/p>\n<p>La autoridad supervisora responsable de nuestra empresa es:<\/p>\n<p>Landesamt f\u00fcr Datenschutzaufsicht, Promenade 27 (Schloss), 91522 Ansbach, Alemania Web: http:\/\/www.lda.bayern.de<\/p>\n<p>(7) Todas las solicitudes de informaci\u00f3n, de divulgaci\u00f3n, de supresi\u00f3n o de objeci\u00f3n al tratamiento de datos deber\u00e1n enviarse por correo electr\u00f3nico a privacy@florio.app o a la direcci\u00f3n mencionada en el \u00a7 1 (3).<\/p>\n<p><strong><strong>\u00a7 3 Seguridad de los datos<\/strong><\/strong><\/p>\n<p>Tomamos las medidas razonables para proteger sus datos de la p\u00e9rdida, el mal uso, el acceso no autorizado, la divulgaci\u00f3n, la alteraci\u00f3n o la destrucci\u00f3n, tomando las precauciones de seguridad que proporcionan la protecci\u00f3n est\u00e1ndar de la industria.<\/p>\n<p><strong><strong>\u00a7 4 Datos de protocolo<\/strong><\/strong><\/p>\n<p>Al utilizar el sitio web, no recogemos ning\u00fan dato personal, a excepci\u00f3n de los datos que su navegador transmite autom\u00e1ticamente al servidor web de nuestra empresa por razones t\u00e9cnicas (en adelante denominados \"datos de protocolo\") y que nuestra empresa registra en archivos de registro para permitirte visitar el sitio web.<\/p>\n<p>Estos son:<\/p>\n<p>\u2022 IP address;<\/p>\n<p>\u2022 URL of the referring website;<\/p>\n<p>\u2022 Date and time of access;<\/p>\n<p>\u2022 File accessed;<\/p>\n<p>\u2022 Domain name of the Internet Access Provider;<\/p>\n<p>\u2022 Content of the request (concrete page);<\/p>\n<p>\u2022 Access status\/HTTP status code;<\/p>\n<p>\u2022 Amount of data transferred in each case;<\/p>\n<p>\u2022 Website sending the request;<\/p>\n<p>\u2022 Browser type and version;<\/p>\n<p>\u2022 Operating system and its interface;<\/p>\n<p>\u2022 Language and version of the browser software.<\/p>\n<p>2) Se trata exclusivamente de informaci\u00f3n que no permite sacar conclusiones sobre la persona f\u00edsica. Los datos del protocolo son t\u00e9cnicamente necesarios para mostrar correctamente el contenido del sitio web solicitado por ti y son obligatorios cuando se utilizan las ofertas de Internet. Los datos de protocolo se eval\u00faan exclusivamente con fines estad\u00edsticos para optimizar la presencia de nuestra empresa en Internet y la tecnolog\u00eda que la respalda, y se eliminan posteriormente.<\/p>\n<p>(3) Los datos del protocolo se almacenan por separado de otros datos que son recogidos por nuestra empresa en el curso de su uso.<\/p>\n<p><strong><strong>\u00a7 5 Cookies<\/strong><\/strong><\/p>\n<p>(1) Como muchos otros sitios web, nuestra empresa tambi\u00e9n utiliza las llamadas \"cookies\". Las cookies son peque\u00f1os archivos de texto que se transfieren a su disco duro desde el servidor de un sitio web. A trav\u00e9s de ellos nuestra empresa recibe autom\u00e1ticamente ciertos datos como la direcci\u00f3n IP, el navegador utilizado, el sistema operativo a trav\u00e9s de su ordenador y su conexi\u00f3n a Internet. Para obtener informaci\u00f3n adicional sobre el uso de cookies, consulte nuestra Pol\u00edtica de cookies.<\/p>\n<p>(2) El sitio web de nuestra empresa tambi\u00e9n puede ser visitado sin cookies. Por lo general, los navegadores de Internet est\u00e1n configurados para aceptar cookies. T\u00fa puedes desactivar el uso de cookies en cualquier momento a trav\u00e9s de la configuraci\u00f3n de tu navegador. Si se desactivan las cookies, es posible que las funciones individuales del sitio web de nuestra empresa dejen de funcionar.<\/p>\n<p><strong><strong>\u00a7 6 Finalidad del tratamiento de datos<\/strong><\/strong><\/p>\n<p>(1) Los datos personales arriba mencionados (v\u00e9ase el \u00a7 1 (3)) ser\u00e1n procesados por nosotros, si t\u00fa los proporcionas, para los siguientes fines:<\/p>\n<p>\u2022 To improve our level of service<\/p>\n<p>\u2022 To comply with local laws, for example to establish, exercise or defend legal claims<\/p>\n<p>\u2022 For our own administrative and quality assurance purposes<\/p>\n<p>\u2022 For other purposes that may be detailed on the website or mobile application or otherwise agreed between us<\/p>\n<p>2) El tratamiento de los datos personales es necesario con el \u00fanico fin de lograr los fines mencionados. No utilizaremos tus datos personales para fines de marketing a menos que hayas dado tu consentimiento expl\u00edcito. La base legal para el procesamiento de datos es - a menos que se indique expl\u00edcitamente lo contrario - el art\u00edculo 6 (1) (b) y (f) del Reglamento B\u00e1sico de Protecci\u00f3n de Datos (Datenschutzgrundverordnung, DSGVO) o tu consentimiento expl\u00edcitamente dado de acuerdo con el art\u00edculo 6 (1) (a) del Reglamento B\u00e1sico de Protecci\u00f3n de Datos.<\/p>\n<p>(3) Si los datos anteriores van a ser procesados para un prop\u00f3sito distinto del prop\u00f3sito original de la recolecci\u00f3n, se te informar\u00e1 de ello antes de su procesamiento posterior. De este modo, tendr\u00e1s la oportunidad de oponerte al tratamiento de tus datos para otro fin.<\/p>\n<p><strong><strong>\u00a7 7 Intercambio de datos<\/strong><\/strong><\/p>\n<p>(1) Todos los datos que nos env\u00edes ser\u00e1n tratados de forma confidencial. No venderemos tus datos personales a terceros ni los comercializaremos de ninguna otra manera.<\/p>\n<p>(2) Por principio, tus datos no se pondr\u00e1n a disposici\u00f3n de terceros para su uso, a menos que hayas dado tu consentimiento o que estemos legalmente autorizados y \/ o obligados a transmitir estos datos.<\/p>\n<p>(3) Transmitimos los datos personales a los tribunales, autoridades fiscales, autoridades de supervisi\u00f3n en la medida en que sea legalmente permisible y necesario para cumplir con la ley aplicable o para establecer, ejercer o defender demandas legales. Tomaremos todas las medidas necesarias para garantizar las medidas de seguridad adecuadas y razonables para proteger sus datos personales.<\/p>\n<p><strong><strong>\u00a7 8 Periodo de almacenamiento<\/strong><\/strong><\/p>\n<p>En la medida en que no se especifique un per\u00edodo de almacenamiento expl\u00edcito en el momento de la recopilaci\u00f3n (por ejemplo, como parte de una declaraci\u00f3n de consentimiento), los datos personales se eliminar\u00e1n tan pronto como ya no sean necesarios para cumplir la finalidad del almacenamiento, a menos que las obligaciones legales de almacenamiento (por ejemplo, las obligaciones de almacenamiento del derecho comercial y fiscal) impidan la eliminaci\u00f3n.<\/p>\n<p><strong><strong>\u00a7 9 Uso de Google Analytics<\/strong><\/strong><\/p>\n<p>(1) Nuestro sitio web utiliza Google Analytics. Debes dar tu consentimiento marcando la casilla correspondiente y estar de acuerdo con el uso de Google Analytics. Usted puede oponerse a la recopilaci\u00f3n y almacenamiento de datos por parte de Google Analytics en cualquier momento con efecto futuro. La revocaci\u00f3n debe ser enviada a privacy@florio.app.<\/p>\n<p>(2) Nuestra empresa utiliza el servicio de Google Analytics para recopilar datos de uso y para crear perfiles de uso. La informaci\u00f3n sobre el uso del sitio web de nuestra empresa se transmite a los servidores de Google Inc. 1600 Amphitheatre Parkway, Mountain View, CA 94043, en EE.UU., evaluada y transmitida exclusivamente a nuestra empresa como datos acumulativos que expresan las tendencias de uso general del sitio web. Google utilizar\u00e1 esta informaci\u00f3n con el fin de evaluar su uso del sitio web, recopilar informes sobre la actividad del sitio web para los operadores del mismo y proporcionar otros servicios relacionados con la actividad del sitio web y el uso de Internet.<\/p>\n<p>(3) Google podr\u00e1 transmitir esta informaci\u00f3n a terceros cuando as\u00ed lo exija la ley o cuando dichos terceros procesen la informaci\u00f3n por cuenta de Google. Google no asociar\u00e1 su direcci\u00f3n IP con ning\u00fan otro dato del que disponga Google. Usted puede rechazar el uso de cookies mediante la selecci\u00f3n de la configuraci\u00f3n apropiada de su navegador, sin embargo, tenga en cuenta que si lo hace es posible que no pueda utilizar toda la funcionalidad de este sitio web.<\/p>\n<p>(4) Para m\u00e1s informaci\u00f3n sobre Google Analytics y la protecci\u00f3n de datos, consulte aqu\u00ed: http:\/\/tools.google.com\/dlpage\/gaoptout?hl=de.<\/p>\n<\/div><div class=\"fusion-clearfix\"><\/div><\/div><\/div><\/div><\/div><style type=\"text\/css\">.fusion-fullwidth.fusion-builder-row-1 a:not(.fusion-button):not(.fusion-builder-module-control):not(.fusion-social-network-icon):not(.fb-icon-element):not(.fusion-countdown-link):not(.fusion-rollover-link):not(.fusion-rollover-gallery):not(.fusion-button-bar):not(.add_to_cart_button):not(.show_details_button):not(.product_type_external):not(.fusion-quick-view):not(.fusion-rollover-title-link):not(.fusion-breadcrumb-link) , .fusion-fullwidth.fusion-builder-row-1 a:not(.fusion-button):not(.fusion-builder-module-control):not(.fusion-social-network-icon):not(.fb-icon-element):not(.fusion-countdown-link):not(.fusion-rollover-link):not(.fusion-rollover-gallery):not(.fusion-button-bar):not(.add_to_cart_button):not(.show_details_button):not(.product_type_external):not(.fusion-quick-view):not(.fusion-rollover-title-link):not(.fusion-breadcrumb-link):before, .fusion-fullwidth.fusion-builder-row-1 a:not(.fusion-button):not(.fusion-builder-module-control):not(.fusion-social-network-icon):not(.fb-icon-element):not(.fusion-countdown-link):not(.fusion-rollover-link):not(.fusion-rollover-gallery):not(.fusion-button-bar):not(.add_to_cart_button):not(.show_details_button):not(.product_type_external):not(.fusion-quick-view):not(.fusion-rollover-title-link):not(.fusion-breadcrumb-link):after {color: #5453bf;}.fusion-fullwidth.fusion-builder-row-1 a:not(.fusion-button):not(.fusion-builder-module-control):not(.fusion-social-network-icon):not(.fb-icon-element):not(.fusion-countdown-link):not(.fusion-rollover-link):not(.fusion-rollover-gallery):not(.fusion-button-bar):not(.add_to_cart_button):not(.show_details_button):not(.product_type_external):not(.fusion-quick-view):not(.fusion-rollover-title-link):not(.fusion-breadcrumb-link):hover, .fusion-fullwidth.fusion-builder-row-1 a:not(.fusion-button):not(.fusion-builder-module-control):not(.fusion-social-network-icon):not(.fb-icon-element):not(.fusion-countdown-link):not(.fusion-rollover-link):not(.fusion-rollover-gallery):not(.fusion-button-bar):not(.add_to_cart_button):not(.show_details_button):not(.product_type_external):not(.fusion-quick-view):not(.fusion-rollover-title-link):not(.fusion-breadcrumb-link):hover:before, .fusion-fullwidth.fusion-builder-row-1 a:not(.fusion-button):not(.fusion-builder-module-control):not(.fusion-social-network-icon):not(.fb-icon-element):not(.fusion-countdown-link):not(.fusion-rollover-link):not(.fusion-rollover-gallery):not(.fusion-button-bar):not(.add_to_cart_button):not(.show_details_button):not(.product_type_external):not(.fusion-quick-view):not(.fusion-rollover-title-link):not(.fusion-breadcrumb-link):hover:after {color: #35baf2;}.fusion-fullwidth.fusion-builder-row-1 .pagination a.inactive:hover, .fusion-fullwidth.fusion-builder-row-1 .fusion-filters .fusion-filter.fusion-active a {border-color: #35baf2;}.fusion-fullwidth.fusion-builder-row-1 .pagination .current {border-color: #35baf2; background-color: #35baf2;}.fusion-fullwidth.fusion-builder-row-1 .fusion-filters .fusion-filter.fusion-active a, .fusion-fullwidth.fusion-builder-row-1 .fusion-date-and-formats .fusion-format-box, .fusion-fullwidth.fusion-builder-row-1 .fusion-popover, .fusion-fullwidth.fusion-builder-row-1 .tooltip-shortcode {color: #35baf2;}#main .fusion-fullwidth.fusion-builder-row-1 .post .blog-shortcode-post-title a:hover {color: #35baf2;}<\/style>","protected":false},"excerpt":{"rendered":"","protected":false},"author":14,"featured_media":0,"parent":0,"menu_order":0,"comment_status":"closed","ping_status":"closed","template":"","meta":[],"_links":{"self":[{"href":"https:\/\/florio-haemo.com\/es\/wp-json\/wp\/v2\/pages\/1033"}],"collection":[{"href":"https:\/\/florio-haemo.com\/es\/wp-json\/wp\/v2\/pages"}],"about":[{"href":"https:\/\/florio-haemo.com\/es\/wp-json\/wp\/v2\/types\/page"}],"author":[{"embeddable":true,"href":"https:\/\/florio-haemo.com\/es\/wp-json\/wp\/v2\/users\/14"}],"replies":[{"embeddable":true,"href":"https:\/\/florio-haemo.com\/es\/wp-json\/wp\/v2\/comments?post=1033"}],"version-history":[{"count":11,"href":"https:\/\/florio-haemo.com\/es\/wp-json\/wp\/v2\/pages\/1033\/revisions"}],"predecessor-version":[{"id":1381,"href":"https:\/\/florio-haemo.com\/es\/wp-json\/wp\/v2\/pages\/1033\/revisions\/1381"}],"wp:attachment":[{"href":"https:\/\/florio-haemo.com\/es\/wp-json\/wp\/v2\/media?parent=1033"}],"curies":[{"name":"wp","href":"https:\/\/api.w.org\/{rel}","templated":true}]}}