{"id":1236,"date":"2020-12-07T15:15:02","date_gmt":"2020-12-07T15:15:02","guid":{"rendered":"https:\/\/floriohaemo.wpengine.com\/?page_id=1236"},"modified":"2024-10-29T10:58:34","modified_gmt":"2024-10-29T10:58:34","slug":"disclaimer","status":"publish","type":"page","link":"https:\/\/florio-haemo.com\/de\/disclaimer\/","title":{"rendered":"Haftungsausschuss"},"content":{"rendered":"<div class=\"fusion-fullwidth fullwidth-box fusion-builder-row-1 nonhundred-percent-fullwidth non-hundred-percent-height-scrolling\"  style='background-color: rgba(255,255,255,0);background-position: center center;background-repeat: no-repeat;padding-top:0px;padding-right:0px;padding-bottom:0px;padding-left:0px;'><div class=\"fusion-builder-row fusion-row\"><div  class=\"fusion-layout-column fusion_builder_column fusion_builder_column_1_1 fusion-builder-column-0 fusion-one-full fusion-column-first fusion-column-last 1_1\"  style='margin-top:15px;margin-bottom:15px;'><div class=\"fusion-column-wrapper\" style=\"padding: 0px 0px 0px 0px;background-position:left top;background-repeat:no-repeat;-webkit-background-size:cover;-moz-background-size:cover;-o-background-size:cover;background-size:cover;\"   data-bg-url=\"\"><div class=\"fusion-text\"><h1>Haftungsausschuss<\/h1>\n<p><span data-contrast=\"auto\">Letzte Aktualisierung: Oktober 2024<\/span><span data-ccp-props=\"{\">\u00a0<\/span><\/p>\n<p><span data-ccp-props=\"{\">\u00a0<\/span><\/p>\n<p><b><span data-contrast=\"auto\">florio HAEMO-App\u00a0<\/span><\/b><span data-ccp-props=\"{\">\u00a0<\/span><\/p>\n<p>Die App ist nicht als Ersatz f\u00fcr eine Beratung durch deinen Arzt oder andere medizinische Fachkr\u00e4fte gedacht. Solltest du gesundheitliche Probleme haben, wende dich umgehend an deinen Arzt oder eine andere medizinische Fachkraft. Solltest du Fragen zu florio HAEMO haben, kontaktiere uns bitte unter help@florio.com.\n\nflorio HAEMO ist eine Software zur \u00dcberwachung der Behandlung von H\u00e4mophilie, einer seltenen Bluterkrankung, und ihrer Ergebnisse. Laien k\u00f6nnen h\u00e4mophiliebezogene Ereignisse erfassen und sich personalisierte Datentrends und -analysen anzeigen lassen, die ihnen bei der Bew\u00e4ltigung ihrer Erkrankung helfen. Diese personalisierten Datentrends und -analysen k\u00f6nnen von den behandelnden \u00c4rzten als Entscheidungshilfe f\u00fcr die Behandlung genutzt werden.\n\nDie vorgesehenen Benutzer sind Laien (florio HAEMO-App) und medizinische Fachkr\u00e4fte (florio HAEMO-Dashboard). florio HAEMO ist nicht f\u00fcr Benutzer mit einer anderen Krankheit als H\u00e4mophilie vorgesehen.<\/p>\n<p>florio HAEMO is a software intended to monitor treatment of haemophilia, a rare haematologic disorder, and its outcomes. Lay users can record haemophilia-related events and view personalised data trends and analyses that help them manage their condition. These personalised data trends and analyses can be used to support treatment decision-making by HCPs.<\/p>\n<p>The intended users are lay users (florio HAEMO App) and healthcare professionals (florio HAEMO Dashboard). florio HAEMO is not intended to be used by users with a disease other than haemophilia.<\/p>\n<p><span data-ccp-props=\"{\">\u00a0<\/span><\/p>\n<p><b><span data-contrast=\"auto\">florio HAEMO Dashboard<\/span><\/b><span data-ccp-props=\"{\">\u00a0<\/span><\/p>\n<p>florio HAEMO bietet keine medizinische Beratung. Die in florio HAEMO angezeigten Informationen sind nicht f\u00fcr diagnostische Zwecke bestimmt und sollen Ihre umfassende medizinische Ausbildung nicht ersetzen. Sie sollten sich bei der Diagnose und Behandlung Ihres Patienten ausschlie\u00dflich auf Ihr eigenes, unabh\u00e4ngiges Urteil verlassen. florio HAEMO ist eine Software zur \u00dcberwachung der Behandlung von H\u00e4mophilie, einer seltenen h\u00e4matologischen Erkrankung, und ihrer Ergebnisse. Laien k\u00f6nnen h\u00e4mophiliebezogene Ereignisse erfassen und sich personalisierte Datentrends und -analysen anzeigen lassen, die ihnen bei der Bew\u00e4ltigung ihrer Erkrankung helfen. Diese personalisierten Datentrends und -analysen k\u00f6nnen von den behandelnden \u00c4rzten als Entscheidungshilfe f\u00fcr die Behandlung genutzt werden. Die vorgesehenen Benutzer sind Laien (florio-HAEMO-App) und medizinische Fachkr\u00e4fte (florio-HAEMO-Dashboard). florio HAEMO ist nicht f\u00fcr Benutzer mit einer anderen Krankheit als H\u00e4mophilie vorgesehen. Der in florio HAEMO angegebene Faktorspiegel in % stellt nur eine Sch\u00e4tzung dar und ist keine tats\u00e4chliche Messung. M\u00f6glicherweise entspricht der gesch\u00e4tzte Faktorspiegel nicht dem tats\u00e4chlichen, derzeitigen Faktorspiegel Ihres Patienten. Er wird von einem Drittanbieter (McMaster PopPK-Plattform, McMaster University, Kanada) berechnet und bereitgestellt. florio HAEMO ruft den Faktorspiegel Ihres Patienten nach jeder gespeicherten Injektion des Patienten von der McMaster PopPK-Plattform ab. florio HAEMO hat keine Kontrolle \u00fcber die Sch\u00e4tzung und kann die Genauigkeit der von der McMaster PopPK-Plattform bereitgestellten Sch\u00e4tzung nicht garantieren. Die Details des Behandlungsplans werden ebenfalls \u00fcber die McMaster PopPK-Plattform gem\u00e4\u00df Ihren Angaben auf der McMaster PopPK-Plattform bereitgestellt. Es ist wichtig, dass Sie bei jeder \u00c4nderung des Behandlungsplans f\u00fcr einen bestimmten Patienten mit PK-Anleitung zur Prophylaxe die Angaben auf der McMaster-PopPK-Plattform entsprechend \u00e4ndern oder die Verwendung der App auf der McMaster-PopPK-Plattform oder dem florio-HAEMO-Dashboard deaktivieren. Aktivit\u00e4tsinformationen werden von Drittanbietern bereitgestellt (Health Connect und Apple HealthKit). florio HAEMO hat keine Kontrolle \u00fcber die Daten, die aus deren Tools abgeleitet werden. Die Genauigkeit dieser Daten kann nicht garantiert werden. Alle bereitgestellten Funktionen basieren auf der Genauigkeit der von Ihnen und Ihrem Patienten eingegebenen Informationen. Die Nutzung und Verwaltung unterliegt Ihrer Verantwortung und der Ihres Patienten. Fehler oder Ungenauigkeiten in den im florio HAEMO-Dashboard angezeigten Daten k\u00f6nnen nicht ausgeschlossen werden.<\/p>\n<\/div><div class=\"fusion-clearfix\"><\/div><\/div><\/div><\/div><\/div><style type=\"text\/css\">.fusion-fullwidth.fusion-builder-row-1 a:not(.fusion-button):not(.fusion-builder-module-control):not(.fusion-social-network-icon):not(.fb-icon-element):not(.fusion-countdown-link):not(.fusion-rollover-link):not(.fusion-rollover-gallery):not(.fusion-button-bar):not(.add_to_cart_button):not(.show_details_button):not(.product_type_external):not(.fusion-quick-view):not(.fusion-rollover-title-link):not(.fusion-breadcrumb-link) , .fusion-fullwidth.fusion-builder-row-1 a:not(.fusion-button):not(.fusion-builder-module-control):not(.fusion-social-network-icon):not(.fb-icon-element):not(.fusion-countdown-link):not(.fusion-rollover-link):not(.fusion-rollover-gallery):not(.fusion-button-bar):not(.add_to_cart_button):not(.show_details_button):not(.product_type_external):not(.fusion-quick-view):not(.fusion-rollover-title-link):not(.fusion-breadcrumb-link):before, .fusion-fullwidth.fusion-builder-row-1 a:not(.fusion-button):not(.fusion-builder-module-control):not(.fusion-social-network-icon):not(.fb-icon-element):not(.fusion-countdown-link):not(.fusion-rollover-link):not(.fusion-rollover-gallery):not(.fusion-button-bar):not(.add_to_cart_button):not(.show_details_button):not(.product_type_external):not(.fusion-quick-view):not(.fusion-rollover-title-link):not(.fusion-breadcrumb-link):after {color: #5453bf;}.fusion-fullwidth.fusion-builder-row-1 a:not(.fusion-button):not(.fusion-builder-module-control):not(.fusion-social-network-icon):not(.fb-icon-element):not(.fusion-countdown-link):not(.fusion-rollover-link):not(.fusion-rollover-gallery):not(.fusion-button-bar):not(.add_to_cart_button):not(.show_details_button):not(.product_type_external):not(.fusion-quick-view):not(.fusion-rollover-title-link):not(.fusion-breadcrumb-link):hover, .fusion-fullwidth.fusion-builder-row-1 a:not(.fusion-button):not(.fusion-builder-module-control):not(.fusion-social-network-icon):not(.fb-icon-element):not(.fusion-countdown-link):not(.fusion-rollover-link):not(.fusion-rollover-gallery):not(.fusion-button-bar):not(.add_to_cart_button):not(.show_details_button):not(.product_type_external):not(.fusion-quick-view):not(.fusion-rollover-title-link):not(.fusion-breadcrumb-link):hover:before, .fusion-fullwidth.fusion-builder-row-1 a:not(.fusion-button):not(.fusion-builder-module-control):not(.fusion-social-network-icon):not(.fb-icon-element):not(.fusion-countdown-link):not(.fusion-rollover-link):not(.fusion-rollover-gallery):not(.fusion-button-bar):not(.add_to_cart_button):not(.show_details_button):not(.product_type_external):not(.fusion-quick-view):not(.fusion-rollover-title-link):not(.fusion-breadcrumb-link):hover:after {color: #35baf2;}.fusion-fullwidth.fusion-builder-row-1 .pagination a.inactive:hover, .fusion-fullwidth.fusion-builder-row-1 .fusion-filters .fusion-filter.fusion-active a {border-color: #35baf2;}.fusion-fullwidth.fusion-builder-row-1 .pagination .current {border-color: #35baf2; background-color: #35baf2;}.fusion-fullwidth.fusion-builder-row-1 .fusion-filters .fusion-filter.fusion-active a, .fusion-fullwidth.fusion-builder-row-1 .fusion-date-and-formats .fusion-format-box, .fusion-fullwidth.fusion-builder-row-1 .fusion-popover, .fusion-fullwidth.fusion-builder-row-1 .tooltip-shortcode {color: #35baf2;}#main .fusion-fullwidth.fusion-builder-row-1 .post .blog-shortcode-post-title a:hover {color: #35baf2;}<\/style>","protected":false},"excerpt":{"rendered":"","protected":false},"author":14,"featured_media":0,"parent":0,"menu_order":0,"comment_status":"closed","ping_status":"closed","template":"","meta":[],"_links":{"self":[{"href":"https:\/\/florio-haemo.com\/de\/wp-json\/wp\/v2\/pages\/1236"}],"collection":[{"href":"https:\/\/florio-haemo.com\/de\/wp-json\/wp\/v2\/pages"}],"about":[{"href":"https:\/\/florio-haemo.com\/de\/wp-json\/wp\/v2\/types\/page"}],"author":[{"embeddable":true,"href":"https:\/\/florio-haemo.com\/de\/wp-json\/wp\/v2\/users\/14"}],"replies":[{"embeddable":true,"href":"https:\/\/florio-haemo.com\/de\/wp-json\/wp\/v2\/comments?post=1236"}],"version-history":[{"count":11,"href":"https:\/\/florio-haemo.com\/de\/wp-json\/wp\/v2\/pages\/1236\/revisions"}],"predecessor-version":[{"id":1421,"href":"https:\/\/florio-haemo.com\/de\/wp-json\/wp\/v2\/pages\/1236\/revisions\/1421"}],"wp:attachment":[{"href":"https:\/\/florio-haemo.com\/de\/wp-json\/wp\/v2\/media?parent=1236"}],"curies":[{"name":"wp","href":"https:\/\/api.w.org\/{rel}","templated":true}]}}