{"id":1033,"date":"2020-04-14T16:21:37","date_gmt":"2020-04-14T16:21:37","guid":{"rendered":"http:\/\/floriogmbh.wpengine.com\/?page_id=1033"},"modified":"2023-07-26T14:17:27","modified_gmt":"2023-07-26T14:17:27","slug":"data-policy","status":"publish","type":"page","link":"https:\/\/florio-haemo.com\/de\/data-policy\/","title":{"rendered":"Datenschutzerkl\u00e4rung"},"content":{"rendered":"<div class=\"fusion-fullwidth fullwidth-box fusion-builder-row-1 nonhundred-percent-fullwidth non-hundred-percent-height-scrolling\"  style='background-color: rgba(255,255,255,0);background-position: center center;background-repeat: no-repeat;padding-top:0px;padding-right:0px;padding-bottom:0px;padding-left:0px;'><div class=\"fusion-builder-row fusion-row\"><div  class=\"fusion-layout-column fusion_builder_column fusion_builder_column_1_1 fusion-builder-column-0 fusion-one-full fusion-column-first fusion-column-last 1_1\"  style='margin-top:15px;margin-bottom:15px;'><div class=\"fusion-column-wrapper\" style=\"padding: 0px 0px 0px 0px;background-position:left top;background-repeat:no-repeat;-webkit-background-size:cover;-moz-background-size:cover;-o-background-size:cover;background-size:cover;\"   data-bg-url=\"\"><div class=\"fusion-text\"><h2><h2>Datenschutzerkl\u00e4rung f\u00fcr die Florio Website<\/h2><\/h2>\n<p><strong><strong>\u00a7 1 Information \u00fcber die Erhebung personenbezogener Daten und Anbieterkennzeichnung<\/strong><\/strong><\/p>\n<p>(1) Datenschutz ist ein wichtiges Anliegen der Firma Florio GmbH. Daher erfolgt die Verarbeitung der Daten unserer Kunden ausschlie\u00dflich unter Beachtung der geltenden datenschutzrechtlichen Vorschriften (z.B. DSGVO, BDSG-neu).<\/p>\n<p>(2) Im Folgenden informieren wir \u00fcber die Erhebung personenbezogener Daten bei Nutzung dieser Website. Personenbezogene Daten sind alle Informationen, die sich auf eine identifizierbare oder identifizierte Person beziehen, also z.B. Name, Adressen, Telefonnummer, Nutzerverhalten.<\/p>\n<p>(3) Wir verarbeiten bei Nutzung der Website keine personenbezogenen Daten, bis auf solche, die technisch automatisch durch die Website erhoben werden (vgl. \u00a7 4).<\/p>\n<p>(4) Verantwortlicher gem\u00e4\u00df Art. 4 Abs. 7 DSGVO ist Florio GmbH, Wilhelm-Wagenfeld-Str. 22, 80807 Munich, Germany.<\/p>\n<p><strong><strong>\u00a7 2 Betroffenenrechte<\/strong><\/strong><\/p>\n<p>(1) Auf Anforderung teilen wir Ihnen schriftlich, entsprechend des geltenden Rechts mit, ob und welche personenbezogenen Daten wir in unserem Unternehmen speichern.<\/p>\n<p>(2) Sie haben auch das Recht, die Einschr\u00e4nkung der Verarbeitung personenbezogener Daten durch unser Unternehmen zu verlangen. Dar\u00fcber hinaus k\u00f6nnen Sie verlangen, dass Sie die Daten, die Sie unserem Unternehmen bereitgestellt haben, in einem strukturierten, g\u00e4ngigen und maschinenlesbaren Format erhalten. Sie k\u00f6nnen auch der Datenverarbeitung personenbezogener Daten durch unser Unternehmen widersprechen.<\/p>\n<p>(3) Sofern Sie in die Verarbeitung Ihrer personenbezogenen Daten eingewilligt haben, steht Ihnen jederzeit das Recht zu, mit Wirkung f\u00fcr die Zukunft, die Einwilligung zu widerrufen. Durch den Widerruf der Einwilligung wird die Datenverarbeitung f\u00fcr die Vergangenheit nicht unrechtm\u00e4\u00dfig.<\/p>\n<p>(4) Sie haben ferner das Recht, die L\u00f6schung Ihrer personenbezogenen Daten zu verlangen, sofern gesetzliche Aufbewahrungsfristen nicht entgegenstehen. Wir l\u00f6schen die Daten, wenn wir sie f\u00fcr den Zweck, f\u00fcr den wir diese erhoben und verarbeitet haben, nicht mehr ben\u00f6tigen, bzw. wenn Sie Ihre erteilte Einwilligung widerrufen und es besteht keine anderweitige Rechtsgrundlage f\u00fcr die weitere Verarbeitung Ihrer Daten. Dar\u00fcber hinaus l\u00f6schen wir diese Daten, wenn die Verarbeitung aus uns unbekannten Gr\u00fcnden unrechtm\u00e4\u00dfig gewesen ist bzw. Sie gegen die Verarbeitung Widerspruch einlegt haben und es bestehen keine vorrangigen berechtigten Interessen f\u00fcr die Verarbeitung. Eine L\u00f6schung Ihrer Daten erfolgt auch dann, wenn wir gesetzlich hierzu verpflichtet sind. Unser Unternehmen hat auch technische Ma\u00dfnahmen implementiert, um alle Empf\u00e4nger Ihrer Daten \u00fcber Ihr L\u00f6sch- bzw. Berichtigungsverlangen in Kenntnis zu setzen. Dies gilt nur f\u00fcr den Fall, dass wir diese Daten offengelegt bzw. \u00f6ffentlich gemacht haben. Gel\u00f6scht werden sollen alle Links, Kopien und Replikationen Ihrer personenbezogenen Daten.<\/p>\n<p>(5) Die Kontaktdaten des Datenschutzbeauftragten unseres Unternehmens sind:<\/p>\n\n<p>&nbsp;<br \/>\nFlorio GmbH<br \/>\nWilhelm-Wagenfeld-Str. 22<br \/>\n80807 M\u00fcnchen <a href=\"mailto:katherine@mirkwoodevansvincent.com\">&nbsp;<\/a><br \/>\nDeutschland<\/p>\n<p>(6) Sie haben auch das Recht, sich bei der zust\u00e4ndigen Aufsichtsbeh\u00f6rde \u00fcber die Datenverarbeitung durch unser Unternehmen zu beschweren.<\/p>\n<p>Die f\u00fcr unser Unternehmen zust\u00e4ndige Datenschutzbeh\u00f6rde ist:<\/p>\n<p>Landesamt f\u00fcr Datenschutzaufsicht  Promenade 27 (Schloss)  91522 Ansbach, Germany Web: http:\/\/www.lda.bayern.de<\/p>\n<p>(7) Alle Informationsw\u00fcnsche, Auskunftsanfragen, L\u00f6schverlangen oder Widerspr\u00fcche zur Datenverarbeitung richten Sie bitte per E-Mail an privacy@florio.app oder an die unter \u00a7 1 Abs. 3 genannte Adresse.<\/p>\n<p><strong><strong>\u00a7 3 Datensicherheit<\/strong><\/strong><\/p>\n<p>Wir unterhalten aktuelle technische Ma\u00dfnahmen zur Gew\u00e4hrleistung der Datensicherheit, insbesondere zum Schutz Ihrer personenbezogenen Daten vor Gefahren bei Daten\u00fcbertragungen sowie vor Kenntniserlangung durch Dritte. Diese werden dem aktuellen Stand der Technik entsprechend jeweils angepasst.<\/p>\n<p><strong><strong>\u00a7 4 Protokolldaten<\/strong><\/strong><\/p>\n<p>(1) Bei Nutzung der Website erheben wir keine personenbezogenen Daten, mit Ausnahme der Daten, die Ihr Browser aus technischen Gr\u00fcnden automatisch (im Folgenden \u201eProtokolldaten\u201c) an den Webserver unseres Unternehmens \u00fcbermittelt und die unser Unternehmen in Logfiles erfasst, um Ihnen den Besuch der Website zu erm\u00f6glichen.<\/p>\n<p>Diese sind:<\/p>\n<p>\u2022 IP address;<\/p>\n<p>\u2022 URL of the referring website;<\/p>\n<p>\u2022 Date and time of access;<\/p>\n<p>\u2022 File accessed;<\/p>\n<p>\u2022 Domain name of the Internet Access Provider;<\/p>\n<p>\u2022 Content of the request (concrete page);<\/p>\n<p>\u2022 Access status\/HTTP status code;<\/p>\n<p>\u2022 Amount of data transferred in each case;<\/p>\n<p>\u2022 Website sending the request;<\/p>\n<p>\u2022 Browser type and version;<\/p>\n<p>\u2022 Operating system and its interface;<\/p>\n<p>\u2022 Language and version of the browser software.<\/p>\n<p>(2) Hierbei handelt es sich ausschlie\u00dflich um Informationen, welche keine R\u00fcckschl\u00fcsse auf die nat\u00fcrliche Person zulassen. Diese Informationen sind technisch notwendig, um von Ihnen angeforderte Webseite-Inhalte korrekt anzuzeigen und fallen bei Nutzung von Internet-Angeboten zwingend an. Die Protokolldaten werden rein zu statistischen Zwecken ausgewertet, um den Internetauftritt unseres Unternehmens und die dahinter stehende Technik zu optimieren und werden im Anschluss gel\u00f6scht.<\/p>\n<p>(3) Die Protokolldaten werden getrennt von anderen Daten gespeichert, die im Rahmen der Nutzung von unserem Unternehmen erhoben werden.<\/p>\n<p><strong><strong>\u00a7 5 Cookies<\/strong><\/strong><\/p>\n<p>(1) Wie viele andere Webseiten verwendet unser Unternehmen auch so genannte \u201eCookies\u201c. Cookies sind kleine Textdateien, die von einem Webseitenserver auf Ihre Festplatte \u00fcbertragen werden. Hierdurch erh\u00e4lt unser Unternehmen automatisch bestimmte Daten wie z. B. IP-Adresse, verwendeter Browser, Betriebssystem \u00fcber Ihren Computer sowie Ihre Verbindung zum Internet.<\/p>\n<p>(2) Die Website unseres Unternehmens kann grunds\u00e4tzlich auch ohne Cookies besucht werden. Internet-Browser sind regelm\u00e4\u00dfig so eingestellt, dass sie Cookies akzeptieren. Sie k\u00f6nnen die Verwendung von Cookies jederzeit \u00fcber die Einstellungen Ihres Browsers deaktivieren. Bei Deaktivierung der Cookies k\u00f6nnen m\u00f6glicherweise einzelne Funktionen der Website unseres Unternehmens nicht mehr funktionieren.<\/p>\n<p><strong><strong>\u00a7 6 Zweck der Datenverarbeitung<\/strong><\/strong><\/p>\n<p>(1) Die oben genannten personenbezogenen Daten (s. \u00a7 1 Abs. 2) werden von uns, sofern Sie diese zur Verf\u00fcgung stellen, f\u00fcr folgende Zwecke verarbeitet:<\/p>\n<p>\u2022 To improve our level of service<\/p>\n<p>\u2022 To comply with local laws, for example to establish, exercise or defend legal claims<\/p>\n<p>\u2022 For our own administrative and quality assurance purposes<\/p>\n<p>\u2022 For other purposes that may be detailed on the website or mobile application or otherwise agreed between us<\/p>\n<p>(2) Die Verarbeitung der personenbezogenen Daten ist ausschlie\u00dflich zur Erreichung der oben genannten Zwecke erforderlich. Wir werden Ihre personenbezogenen Daten nicht f\u00fcr Marketingzwecke verwenden.  Rechtsgrundlage f\u00fcr die Datenverarbeitung ist \u2013 soweit nicht ausdr\u00fccklich abweichend angegeben \u2013 Artikel 6 (1) (b) und (f) der Datenschutzgrundverordnung oder die Ihre ausdr\u00fccklich erteilte Einwilligung gem. Artikel 6 (1) (a) der Datenschutzgrundverordnung.<\/p>\n<p>(3) Soweit die obigen Daten zu einem anderen als dem urspr\u00fcnglichen Erhebungszweck weiterverarbeitet werden sollen, werden Sie hier\u00fcber vor der Weiterverarbeitung informiert. Auf diesem Wege haben Sie die M\u00f6glichkeit, der Verarbeitung Ihrer Daten zu einem anderen Zweck zu widersprechen.<\/p>\n<p><strong><strong>\u00a7 7 Weitergabe von Daten<\/strong><\/strong><\/p>\n<p>(1) Alle Daten, die Sie uns \u00fcbermitteln, werden vertraulich behandelt. Ihre personenbezogenen Daten werden wir weder an Dritte verkaufen noch anderweitig vermarkten.<\/p>\n<p>(2) Ihre Daten werden grunds\u00e4tzlich nicht Dritten zur Nutzung zur Verf\u00fcgung gestellt, es sei denn, Sie haben hierzu Ihr Einverst\u00e4ndnis erkl\u00e4rt bzw. wir sind zur Weitergabe dieser Daten gesetzlich berechtigt und\/oder verpflichtet.<\/p>\n<p>(3) Wir \u00fcbermitteln, soweit dies rechtlich zul\u00e4ssig und erforderlich ist, um geltendes Recht einzuhalten oder Rechtsanspr\u00fcche geltend zu machen, auszu\u00fcben oder zu verteidigen personenbezogene Daten an Gerichte, Steuerbeh\u00f6rden, Aufsichtsbeh\u00f6rden. Wir ergreifen alle Ma\u00dfnahmen, um geeignete und angemessene Garantien zum Schutz Ihrer personenbezogenen Daten sicherzustellen.<\/p>\n<p><strong><strong>\u00a7 8 Speicherdauer<\/strong><\/strong><\/p>\n<p>Soweit bei der Erhebung (z.B. im Rahmen einer Einwilligungserkl\u00e4rung) keine ausdr\u00fcckliche Speicherdauer angegeben wird, werden die personenbezogenen Daten gel\u00f6scht, soweit diese nicht mehr zur Erf\u00fcllung des Zweckes der Speicherung erforderlich sind, es sei denn gesetzliche Aufbewahrungspflichten (z.B. handels- und steuerrechtliche Aufbewahrungspflichten) stehen einer L\u00f6schung entgegen.<\/p>\n<p><strong><strong>\u00a7 9 Einsatz von Google-Analytics<\/strong><\/strong><\/p>\n<p>(1) Unsere Website benutzt Google Analytics. Sie m\u00fcssen hierzu Ihre Einwilligung mittels Opt-in erteilen und sich mit der Nutzung von Google Analytics einverstanden erkl\u00e4ren. Der Datenerhebung und -speicherung durch Google Analytics kann jederzeit mit Wirkung f\u00fcr die Zukunft widersprochen werden. Der Widerruf ist an privacy@florio.app zu richten.<\/p>\n<p>(2) Zur Erfassung der Nutzungsdaten und zur Erstellung der Nutzungsprofile bedient sich unser Unternehmen des Dienstes Google Analytics. Die Informationen \u00fcber die Benutzung der Website unseres Unternehmens werden an Server von Google Inc. 1600 Amphitheatre Parkway, Mountain View, CA 94043, in den USA \u00fcbertragen, ausgewertet und ausschlie\u00dflich als kumulierte Daten an unser Unternehmen weitergegeben, die Trends in der allgemeinen Website-Nutzung ausdr\u00fccken. Google wird diese Informationen benutzen, um Ihre Nutzung der Website auszuwerten, um Reports \u00fcber die Websiteaktivit\u00e4ten f\u00fcr die Websitebetreiber zusammenzustellen und um weitere mit der Websitenutzung und der Internetnutzung verbundene Dienstleistungen zu erbringen.<\/p>\n<p>(3) Auch wird Google diese Informationen gegebenenfalls an Dritte \u00fcbertragen, sofern dies gesetzlich vorgeschrieben oder soweit Dritte diese Daten im Auftrag von Google verarbeiten. Google wird in keinem Fall Ihre IP-Adresse mit anderen Daten von Google in Verbindung bringen. Sie k\u00f6nnen die Installation der Cookies durch eine entsprechende Einstellung Ihrer Browser Software verhindern; wir weisen Sie jedoch darauf hin, dass Sie in diesem Fall gegebenenfalls nicht s\u00e4mtliche Funktionen dieser Website vollumf\u00e4nglich nutzen k\u00f6nnen.<\/p>\n<p>(4) N\u00e4here Informationen zu Google Analytics und Datenschutz finden sie hier: http:\/\/tools.google.com\/dlpage\/gaoptout?hl=de.<\/p>\n<\/div><div class=\"fusion-clearfix\"><\/div><\/div><\/div><\/div><\/div><style type=\"text\/css\">.fusion-fullwidth.fusion-builder-row-1 a:not(.fusion-button):not(.fusion-builder-module-control):not(.fusion-social-network-icon):not(.fb-icon-element):not(.fusion-countdown-link):not(.fusion-rollover-link):not(.fusion-rollover-gallery):not(.fusion-button-bar):not(.add_to_cart_button):not(.show_details_button):not(.product_type_external):not(.fusion-quick-view):not(.fusion-rollover-title-link):not(.fusion-breadcrumb-link) , .fusion-fullwidth.fusion-builder-row-1 a:not(.fusion-button):not(.fusion-builder-module-control):not(.fusion-social-network-icon):not(.fb-icon-element):not(.fusion-countdown-link):not(.fusion-rollover-link):not(.fusion-rollover-gallery):not(.fusion-button-bar):not(.add_to_cart_button):not(.show_details_button):not(.product_type_external):not(.fusion-quick-view):not(.fusion-rollover-title-link):not(.fusion-breadcrumb-link):before, .fusion-fullwidth.fusion-builder-row-1 a:not(.fusion-button):not(.fusion-builder-module-control):not(.fusion-social-network-icon):not(.fb-icon-element):not(.fusion-countdown-link):not(.fusion-rollover-link):not(.fusion-rollover-gallery):not(.fusion-button-bar):not(.add_to_cart_button):not(.show_details_button):not(.product_type_external):not(.fusion-quick-view):not(.fusion-rollover-title-link):not(.fusion-breadcrumb-link):after {color: #5453bf;}.fusion-fullwidth.fusion-builder-row-1 a:not(.fusion-button):not(.fusion-builder-module-control):not(.fusion-social-network-icon):not(.fb-icon-element):not(.fusion-countdown-link):not(.fusion-rollover-link):not(.fusion-rollover-gallery):not(.fusion-button-bar):not(.add_to_cart_button):not(.show_details_button):not(.product_type_external):not(.fusion-quick-view):not(.fusion-rollover-title-link):not(.fusion-breadcrumb-link):hover, .fusion-fullwidth.fusion-builder-row-1 a:not(.fusion-button):not(.fusion-builder-module-control):not(.fusion-social-network-icon):not(.fb-icon-element):not(.fusion-countdown-link):not(.fusion-rollover-link):not(.fusion-rollover-gallery):not(.fusion-button-bar):not(.add_to_cart_button):not(.show_details_button):not(.product_type_external):not(.fusion-quick-view):not(.fusion-rollover-title-link):not(.fusion-breadcrumb-link):hover:before, .fusion-fullwidth.fusion-builder-row-1 a:not(.fusion-button):not(.fusion-builder-module-control):not(.fusion-social-network-icon):not(.fb-icon-element):not(.fusion-countdown-link):not(.fusion-rollover-link):not(.fusion-rollover-gallery):not(.fusion-button-bar):not(.add_to_cart_button):not(.show_details_button):not(.product_type_external):not(.fusion-quick-view):not(.fusion-rollover-title-link):not(.fusion-breadcrumb-link):hover:after {color: #35baf2;}.fusion-fullwidth.fusion-builder-row-1 .pagination a.inactive:hover, .fusion-fullwidth.fusion-builder-row-1 .fusion-filters .fusion-filter.fusion-active a {border-color: #35baf2;}.fusion-fullwidth.fusion-builder-row-1 .pagination .current {border-color: #35baf2; background-color: #35baf2;}.fusion-fullwidth.fusion-builder-row-1 .fusion-filters .fusion-filter.fusion-active a, .fusion-fullwidth.fusion-builder-row-1 .fusion-date-and-formats .fusion-format-box, .fusion-fullwidth.fusion-builder-row-1 .fusion-popover, .fusion-fullwidth.fusion-builder-row-1 .tooltip-shortcode {color: #35baf2;}#main .fusion-fullwidth.fusion-builder-row-1 .post .blog-shortcode-post-title a:hover {color: #35baf2;}<\/style>","protected":false},"excerpt":{"rendered":"","protected":false},"author":14,"featured_media":0,"parent":0,"menu_order":0,"comment_status":"closed","ping_status":"closed","template":"","meta":[],"_links":{"self":[{"href":"https:\/\/florio-haemo.com\/de\/wp-json\/wp\/v2\/pages\/1033"}],"collection":[{"href":"https:\/\/florio-haemo.com\/de\/wp-json\/wp\/v2\/pages"}],"about":[{"href":"https:\/\/florio-haemo.com\/de\/wp-json\/wp\/v2\/types\/page"}],"author":[{"embeddable":true,"href":"https:\/\/florio-haemo.com\/de\/wp-json\/wp\/v2\/users\/14"}],"replies":[{"embeddable":true,"href":"https:\/\/florio-haemo.com\/de\/wp-json\/wp\/v2\/comments?post=1033"}],"version-history":[{"count":11,"href":"https:\/\/florio-haemo.com\/de\/wp-json\/wp\/v2\/pages\/1033\/revisions"}],"predecessor-version":[{"id":1381,"href":"https:\/\/florio-haemo.com\/de\/wp-json\/wp\/v2\/pages\/1033\/revisions\/1381"}],"wp:attachment":[{"href":"https:\/\/florio-haemo.com\/de\/wp-json\/wp\/v2\/media?parent=1033"}],"curies":[{"name":"wp","href":"https:\/\/api.w.org\/{rel}","templated":true}]}}