{"id":1033,"date":"2020-04-14T16:21:37","date_gmt":"2020-04-14T16:21:37","guid":{"rendered":"http:\/\/floriogmbh.wpengine.com\/?page_id=1033"},"modified":"2023-07-26T14:17:27","modified_gmt":"2023-07-26T14:17:27","slug":"data-policy","status":"publish","type":"page","link":"https:\/\/florio-haemo.com\/cz\/data-policy\/","title":{"rendered":"Data Policy"},"content":{"rendered":"<div class=\"fusion-fullwidth fullwidth-box fusion-builder-row-1 nonhundred-percent-fullwidth non-hundred-percent-height-scrolling\"  style='background-color: rgba(255,255,255,0);background-position: center center;background-repeat: no-repeat;padding-top:0px;padding-right:0px;padding-bottom:0px;padding-left:0px;'><div class=\"fusion-builder-row fusion-row\"><div  class=\"fusion-layout-column fusion_builder_column fusion_builder_column_1_1 fusion-builder-column-0 fusion-one-full fusion-column-first fusion-column-last 1_1\"  style='margin-top:15px;margin-bottom:15px;'><div class=\"fusion-column-wrapper\" style=\"padding: 0px 0px 0px 0px;background-position:left top;background-repeat:no-repeat;-webkit-background-size:cover;-moz-background-size:cover;-o-background-size:cover;background-size:cover;\"   data-bg-url=\"\"><div class=\"fusion-text\"><h2><h2>Z\u00e1sady ochrany osobn\u00edch \u00fadaj\u016f pro webov\u00e9 str\u00e1nky Florio<\/h2><\/h2>\n<p><strong><strong>\u00a7 1 Informace o shroma\u017e\u010fov\u00e1n\u00ed a zpracov\u00e1n\u00ed osobn\u00edch \u00fadaj\u016f a identifikaci poskytovatele<\/strong><\/strong><\/p>\n<p>(1) Ochrana osobn\u00edch \u00fadaj\u016f je d\u016fle\u017eit\u00fdm z\u00e1jmem spole\u010dnosti Florio GmbH. Zpracov\u00e1n\u00ed osobn\u00edch \u00fadaj\u016f na\u0161ich z\u00e1kazn\u00edk\u016f proto prob\u00edh\u00e1 v\u00fdhradn\u011b v souladu s platn\u00fdmi p\u0159edpisy o ochran\u011b osobn\u00edch \u00fadaj\u016f (nap\u0159. GDPR, BDSG v nov\u00e9m zn\u011bn\u00ed).<\/p>\n<p>(2) V n\u00e1sleduj\u00edc\u00edm textu informujeme o shroma\u017e\u010fov\u00e1n\u00ed osobn\u00edch \u00fadaj\u016f p\u0159i pou\u017e\u00edv\u00e1n\u00ed t\u011bchto webov\u00fdch str\u00e1nek. Osobn\u00ed \u00fadaje jsou v\u0161echny informace vztahuj\u00edc\u00ed se k identifikovateln\u00e9 nebo identifikovan\u00e9 osob\u011b \u2013 nap\u0159\u00edklad jm\u00e9no, adresa, telefonn\u00ed \u010d\u00edslo, chov\u00e1n\u00ed u\u017eivatele.<\/p>\n<p>(3) P\u0159i pou\u017e\u00edv\u00e1n\u00ed webov\u00fdch str\u00e1nek nezpracov\u00e1v\u00e1me \u017e\u00e1dn\u00e9 osobn\u00ed \u00fadaje s v\u00fdjimkou t\u011bch, kter\u00e9 jsou technicky automaticky shroma\u017e\u010fov\u00e1ny webov\u00fdmi str\u00e1nkami (viz \u00a7 4).<\/p>\n<p>(4) Podle \u010dl\u00e1nku 4 \u00a7 7 GDPR za ochranu osobn\u00edch \u00fadaj\u016f odpov\u00edd\u00e1 spole\u010dnost Florio GmbH, Wilhelm-Wagenfeld-Str. 22, 80807 Mnichov, N\u011bmecko.<\/p>\n<p><strong><strong>\u00a7 2 Va\u0161e pr\u00e1va a jejich uplat\u0148ov\u00e1n\u00ed<\/strong><\/strong><\/p>\n<p>(1) V souladu s platn\u00fdmi pr\u00e1vn\u00edmi p\u0159edpisy v\u00e1s na po\u017e\u00e1d\u00e1n\u00ed budeme informovat o tom, zda a jak\u00e9 osobn\u00ed \u00fadaje uchov\u00e1v\u00e1me. M\u00e1te pr\u00e1vo na opravu nespr\u00e1vn\u00fdch \u00fadaj\u016f a s ohledem na \u00fa\u010dely zpracov\u00e1n\u00ed m\u00e1te pr\u00e1vo na dopln\u011bn\u00ed ne\u00fapln\u00fdch osobn\u00edch \u00fadaj\u016f.<\/p>\n<p>(2) Jsou-li spln\u011bny z\u00e1konn\u00e9 p\u0159edpoklady, m\u00e1te tak\u00e9 pr\u00e1vo po\u017eadovat omezen\u00ed zpracov\u00e1n\u00ed sv\u00fdch \u00fadaj\u016f. Krom\u011b toho m\u00e1te pr\u00e1vo obdr\u017eet v\u00e1mi poskytnut\u00e9 \u00fadaje ve strukturovan\u00e9m, b\u011b\u017en\u011b pou\u017e\u00edvan\u00e9m a strojov\u011b \u010diteln\u00e9m form\u00e1tu. M\u016f\u017eete tak\u00e9 vzn\u00e9st n\u00e1mitku proti jak\u00e9mukoli zpracov\u00e1n\u00ed sv\u00fdch osobn\u00edch \u00fadaj\u016f.<\/p>\n<p>(3) Je-li zpracov\u00e1n\u00ed va\u0161ich osobn\u00edch \u00fadaj\u016f zalo\u017eeno na va\u0161em d\u0159\u00edve ud\u011blen\u00e9m souhlasu, m\u00e1te pr\u00e1vo sv\u016fj souhlas kdykoli odvolat. Odvol\u00e1n\u00ed va\u0161eho souhlasu nijak neovlivn\u00ed z\u00e1konnost zpracov\u00e1n\u00ed va\u0161ich \u00fadaj\u016f na z\u00e1klad\u011b va\u0161eho souhlasu p\u0159ed jeho odvol\u00e1n\u00edm.<\/p>\n<p>(4) Krom\u011b toho m\u00e1te v souladu se z\u00e1konn\u00fdmi ustanoven\u00edmi v p\u0159\u00edpad\u011b opr\u00e1vn\u011bn\u00fdch d\u016fvod\u016f pr\u00e1vo po\u017e\u00e1dat o v\u00fdmaz sv\u00fdch \u00fadaj\u016f. Va\u0161e \u00fadaje budeme uchov\u00e1vat pouze po dobu nezbytnou k napln\u011bn\u00ed \u00fa\u010del\u016f uveden\u00fdch v t\u011bchto Z\u00e1sad\u00e1ch ochrany osobn\u00edch \u00fadaj\u016f nebo po dobu, ke kter\u00e9 jste dali samostatn\u00fd souhlas. Po uplynut\u00ed p\u0159\u00edslu\u0161n\u00e9 doby uchov\u00e1v\u00e1n\u00ed a zejm\u00e9na po ukon\u010den\u00ed vztahu s v\u00e1mi vyma\u017eeme va\u0161e \u00fadaje v souladu s na\u0161imi obecn\u00fdmi postupy v\u00fdmazu, pokud tomu nebr\u00e1n\u00ed z\u00e1konn\u00e9 povinnosti uchov\u00e1v\u00e1n\u00ed (zejm\u00e9na z d\u016fvodu obchodn\u00edch a da\u0148ov\u00fdch p\u0159edpis\u016f) nebo pokud nen\u00ed v konkr\u00e9tn\u00edm jednotliv\u00e9m p\u0159\u00edpad\u011b nutn\u00e9 del\u0161\u00ed uchov\u00e1v\u00e1n\u00ed k \u00fa\u010del\u016fm na\u0161ich opr\u00e1vn\u011bn\u00fdch z\u00e1jm\u016f (z\u00e1jem na pln\u011bn\u00ed na\u0161ich pr\u00e1vn\u00edch povinnost\u00ed a nutnost zpracov\u00e1n\u00ed \u00fadaj\u016f za \u00fa\u010delem ur\u010den\u00ed, v\u00fdkonu nebo obhajoby pr\u00e1vn\u00edch n\u00e1rok\u016f). Tyto \u00fadaje d\u00e1le vyma\u017eeme, pokud bylo zpracov\u00e1n\u00ed nez\u00e1konn\u00e9 z n\u00e1m nezn\u00e1m\u00fdch d\u016fvod\u016f nebo pokud jste vznesli n\u00e1mitku proti zpracov\u00e1n\u00ed a pro zpracov\u00e1n\u00ed neexistuj\u00ed \u017e\u00e1dn\u00e9 p\u0159eva\u017euj\u00edc\u00ed opr\u00e1vn\u011bn\u00e9 z\u00e1jmy. Va\u0161e osobn\u00ed \u00fadaje budou rovn\u011b\u017e vymaz\u00e1ny, pokud k tomu budeme m\u00edt z\u00e1konnou povinnost. Na\u0161e spole\u010dnost rovn\u011b\u017e zavedla technick\u00e1 opat\u0159en\u00ed, aby v\u0161echny p\u0159\u00edjemce va\u0161ich \u00fadaj\u016f informovala o va\u0161\u00ed \u017e\u00e1dosti o vymaz\u00e1n\u00ed nebo opravu. To plat\u00ed pouze v p\u0159\u00edpad\u011b, \u017ee jsme tyto \u00fadaje zp\u0159\u00edstupnili jin\u00e9 stran\u011b. V\u0161echny odkazy, kopie a replikace va\u0161ich osobn\u00edch \u00fadaj\u016f budou vymaz\u00e1ny.<\/p>\n<p>(5) Pov\u011b\u0159ence pro ochranu osobn\u00edch \u00fadaj\u016f m\u016f\u017eete kdykoli kontaktovat prost\u0159ednictv\u00edm n\u00ed\u017ee uveden\u00fdch kontaktn\u00edch \u00fadaj\u016f:<\/p>\n\n<p>Data Protection Officer (Pov\u011b\u0159enec pro ochranu osobn\u00edch \u00fadaj\u016f)<br \/>\nFlorio GmbH<br \/>\nWilhelm-Wagenfeld-Str. 22<br \/>\n80807 M\u00fcnchen <a href=\"mailto:katherine@mirkwoodevansvincent.com\">&nbsp;<\/a><br \/>\nN\u011bmecko<\/p>\n<p>(6) Bez ohledu na jin\u00e9 opravn\u00e9 prost\u0159edky m\u00e1te tak\u00e9 pr\u00e1vo kdykoli podat st\u00ed\u017enost u dozorov\u00e9ho \u00fa\u0159adu nap\u0159\u00edklad v zemi sv\u00e9ho p\u016fvodu.<\/p>\n<p>Dozorov\u00fdm org\u00e1nem odpov\u011bdn\u00fdm za na\u0161i spole\u010dnost je:<\/p>\n<p>Landesamt f\u00fcr Datenschutzaufsicht, Promenade 27 (Schloss), 91522 Ansbach, N\u011bmecko; Web: http:\/\/www.lda.bayern.de<\/p>\n<p>(7) V\u0161echny \u017e\u00e1dosti o informace, \u017e\u00e1dosti o zp\u0159\u00edstupn\u011bn\u00ed, \u017e\u00e1dosti o v\u00fdmaz nebo n\u00e1mitky proti zpracov\u00e1n\u00ed \u00fadaj\u016f mus\u00ed b\u00fdt zasl\u00e1ny e-mailem na adresu privacy@florio.app nebo na adresu uvedenou v \u00a7 1 odst. 3.<\/p>\n<p><strong><strong>\u00a7 3 Zabezpe\u010den\u00ed dat<\/strong><\/strong><\/p>\n<p>Na ochranu va\u0161ich \u00fadaj\u016f p\u0159ed ztr\u00e1tou, zneu\u017eit\u00edm, neopr\u00e1vn\u011bn\u00fdm p\u0159\u00edstupem, zve\u0159ejn\u011bn\u00edm, pozm\u011bn\u011bn\u00edm nebo zni\u010den\u00edm p\u0159ij\u00edm\u00e1me p\u0159im\u011b\u0159en\u00e1 opat\u0159en\u00ed, a to prost\u0159ednictv\u00edm bezpe\u010dnostn\u00edch opat\u0159en\u00ed, kter\u00e1 zaji\u0161\u0165uj\u00ed ochranu odpov\u00eddaj\u00edc\u00ed pr\u016fmyslov\u00fdm standard\u016fm.<\/p>\n<p><strong><strong>\u00a7 4 \u00dadaje z protokolu<\/strong><\/strong><\/p>\n<p>(1) P\u0159i pou\u017e\u00edv\u00e1n\u00ed webov\u00fdch str\u00e1nek neshroma\u017e\u010fujeme \u017e\u00e1dn\u00e9 osobn\u00ed \u00fadaje s v\u00fdjimkou \u00fadaj\u016f, kter\u00e9 v\u00e1\u0161 prohl\u00ed\u017ee\u010d z technick\u00fdch d\u016fvod\u016f automaticky p\u0159ed\u00e1v\u00e1 webov\u00e9mu serveru na\u0161\u00ed spole\u010dnosti (d\u00e1le jen \u201e\u00fadaje protokolu\u201c) a kter\u00e9 na\u0161e spole\u010dnost zaznamen\u00e1v\u00e1 do soubor\u016f protokolu, aby v\u00e1m umo\u017enila n\u00e1v\u0161t\u011bvu webov\u00fdch str\u00e1nek.<\/p>\n<p>Jedn\u00e1 se o tyto \u00fadaje:<\/p>\n<p>\u2022 IP adresa;<\/p>\n<p>\u2022 Adresa URL odkazuj\u00edc\u00ed webov\u00e9 str\u00e1nky;<\/p>\n<p>\u2022 Datum a \u010das p\u0159\u00edstupu;<\/p>\n<p>\u2022 P\u0159\u00edstup k souboru;<\/p>\n<p>\u2022 N\u00e1zev dom\u00e9ny poskytovatele p\u0159\u00edstupu k internetu;<\/p>\n<p>\u2022 Obsah \u017e\u00e1dosti (konkr\u00e9tn\u00ed str\u00e1nka);<\/p>\n<p>\u2022 Stav p\u0159\u00edstupu\/stavov\u00fd k\u00f3d HTTP;<\/p>\n<p>\u2022 Mno\u017estv\u00ed p\u0159enesen\u00fdch dat v ka\u017ed\u00e9m p\u0159\u00edpad\u011b;<\/p>\n<p>\u2022 Webov\u00e9 str\u00e1nky odes\u00edlaj\u00edc\u00ed \u017e\u00e1dost;<\/p>\n<p>\u2022 Typ a verze prohl\u00ed\u017ee\u010de;<\/p>\n<p>\u2022 Opera\u010dn\u00ed syst\u00e9m a jeho rozhran\u00ed;<\/p>\n<p>\u2022 Jazyk a verze softwaru prohl\u00ed\u017ee\u010de.<\/p>\n<p>(2) Jedn\u00e1 se v\u00fdhradn\u011b o informace, z nich\u017e nelze vyvozovat \u017e\u00e1dn\u00e9 z\u00e1v\u011bry o fyzick\u00e9 osob\u011b. \u00dadaje protokolu jsou technicky nezbytn\u00e9 ke spr\u00e1vn\u00e9mu zobrazen\u00ed v\u00e1mi po\u017eadovan\u00e9ho obsahu webov\u00fdch str\u00e1nek a jsou povinn\u00e9 p\u0159i pou\u017e\u00edv\u00e1n\u00ed internetov\u00fdch nab\u00eddek. \u00dadaje z protokol\u016f jsou vyhodnocov\u00e1ny v\u00fdhradn\u011b ke statistick\u00fdm \u00fa\u010del\u016fm s c\u00edlem optimalizovat internetovou prezentaci na\u0161\u00ed spole\u010dnosti a technologie, kter\u00e9 za n\u00ed stoj\u00ed, a n\u00e1sledn\u011b jsou vymaz\u00e1ny.<\/p>\n<p>(3) \u00dadaje protokolu jsou ulo\u017eeny odd\u011blen\u011b od ostatn\u00edch \u00fadaj\u016f, kter\u00e9 na\u0161e spole\u010dnost shroma\u017e\u010fuje v pr\u016fb\u011bhu pou\u017e\u00edv\u00e1n\u00ed.<\/p>\n<p><strong><strong>\u00a7 5 Soubory cookies<\/strong><\/strong><\/p>\n<p>(1) Stejn\u011b jako mnoho jin\u00fdch webov\u00fdch str\u00e1nek i na\u0161e spole\u010dnost pou\u017e\u00edv\u00e1 tzv. soubory \u201ecookies\u201c. Soubory cookies jsou mal\u00e9 textov\u00e9 soubory, kter\u00e9 se p\u0159en\u00e1\u0161ej\u00ed na v\u00e1\u0161 pevn\u00fd disk ze serveru webov\u00e9 str\u00e1nky. Na\u0161e spole\u010dnost tak automaticky z\u00edsk\u00e1v\u00e1 ur\u010dit\u00e9 \u00fadaje, jako je IP adresa, pou\u017e\u00edvan\u00fd prohl\u00ed\u017ee\u010d, opera\u010dn\u00ed syst\u00e9m va\u0161eho po\u010d\u00edta\u010de a va\u0161e p\u0159ipojen\u00ed k internetu. Dal\u0161\u00ed informace o pou\u017e\u00edv\u00e1n\u00ed soubor\u016f cookies jsou uvedeny v na\u0161ich Z\u00e1sad\u00e1ch pou\u017e\u00edv\u00e1n\u00ed soubor\u016f cookies.<\/p>\n<p>(2) Webov\u00e9 str\u00e1nky na\u0161\u00ed spole\u010dnosti lze nav\u0161t\u00edvit i bez soubor\u016f cookies. Internetov\u00e9 prohl\u00ed\u017ee\u010de jsou obvykle nastaveny tak, aby soubory cookies p\u0159ij\u00edmaly. v nastaven\u00ed sv\u00e9ho prohl\u00ed\u017ee\u010de m\u016f\u017eete pou\u017e\u00edv\u00e1n\u00ed soubor\u016f cookies kdykoli deaktivovat. Pokud dojde k deaktivaci soubor\u016f cookies, je mo\u017en\u00e9, \u017ee n\u011bkter\u00e9 funkce webov\u00fdch str\u00e1nek na\u0161\u00ed spole\u010dnosti nebudou fungovat.<\/p>\n<p><strong><strong>\u00a7 6 \u00da\u010del zpracov\u00e1n\u00ed \u00fadaj\u016f<\/strong><\/strong><\/p>\n<p>(1) Pokud n\u00e1m je poskytnete, budeme v\u00fd\u0161e uveden\u00e9 osobn\u00ed \u00fadaje (viz \u00a7 1 odst. 3) zpracov\u00e1vat k n\u00e1sleduj\u00edc\u00edm \u00fa\u010del\u016fm:<\/p>\n<p>\u2022 Zlep\u0161en\u00ed \u00farovn\u011b na\u0161ich slu\u017eeb;<\/p>\n<p>\u2022 Dodr\u017eov\u00e1n\u00ed m\u00edstn\u00edch z\u00e1kon\u016f nap\u0159\u00edklad za \u00fa\u010delem zji\u0161t\u011bn\u00ed, uplatn\u011bn\u00ed nebo obhajoby pr\u00e1vn\u00edch n\u00e1rok\u016f;<\/p>\n<p>\u2022 K na\u0161im vlastn\u00edm administrativn\u00edm \u00fa\u010del\u016fm a \u00fa\u010del\u016fm zaji\u0161t\u011bn\u00ed kvality;<\/p>\n<p>\u2022 K dal\u0161\u00edm \u00fa\u010del\u016fm, kter\u00e9 mohou b\u00fdt podrobn\u011b pops\u00e1ny na webov\u00fdch str\u00e1nk\u00e1ch nebo v mobiln\u00ed aplikaci nebo jinak dohodnuty mezi n\u00e1mi.<\/p>\n<p>(2) Zpracov\u00e1n\u00ed osobn\u00edch \u00fadaj\u016f je nezbytn\u00e9 pouze k dosa\u017een\u00ed v\u00fd\u0161e uveden\u00fdch \u00fa\u010del\u016f. Pokud jste s t\u00edm v\u00fdslovn\u011b nesouhlasili, nebudeme va\u0161e osobn\u00ed \u00fadaje pou\u017e\u00edvat k marketingov\u00fdm \u00fa\u010del\u016fm. Pr\u00e1vn\u00edm z\u00e1kladem zpracov\u00e1n\u00ed \u00fadaj\u016f je \u2013 nen\u00ed-li v\u00fdslovn\u011b uvedeno jinak \u2013 \u010dl. 6 odst. 1 p\u00edsm. b) a f) z\u00e1kladn\u00edho na\u0159\u00edzen\u00ed o ochran\u011b osobn\u00edch \u00fadaj\u016f GDPR (Datenschutzgrundverordnung, DSGVO) nebo v\u00e1\u0161 v\u00fdslovn\u011b ud\u011blen\u00fd souhlas podle \u010dl. 6 odst. 1 p\u00edsm. a) z\u00e1kladn\u00edho na\u0159\u00edzen\u00ed o ochran\u011b osobn\u00edch \u00fadaj\u016f.<\/p>\n<p>(3) Maj\u00ed-li b\u00fdt v\u00fd\u0161e uveden\u00e9 \u00fadaje zpracov\u00e1v\u00e1ny za jin\u00fdm \u00fa\u010delem, ne\u017e byl p\u016fvodn\u00ed \u00fa\u010del jejich shroma\u017e\u010fov\u00e1n\u00ed, budete o tom p\u0159ed dal\u0161\u00edm zpracov\u00e1n\u00edm informov\u00e1ni. D\u00edky tomu m\u00e1te mo\u017enost vzn\u00e9st n\u00e1mitku proti zpracov\u00e1n\u00ed va\u0161ich \u00fadaj\u016f k jin\u00fdm \u00fa\u010del\u016fm.<\/p>\n<p><strong><strong>\u00a7 7 Sd\u00edlen\u00ed \u00fadaj\u016f<\/strong><\/strong><\/p>\n<p>(1) V\u0161echny \u00fadaje, kter\u00e9 n\u00e1m za\u0161lete, budou pova\u017eov\u00e1ny za d\u016fv\u011brn\u00e9. Va\u0161e osobn\u00ed \u00fadaje nebudeme prod\u00e1vat \u017e\u00e1dn\u00fdm dal\u0161\u00edm stran\u00e1m ani je nebudeme \u017e\u00e1dn\u00fdm jin\u00fdm zp\u016fsobem uv\u00e1d\u011bt na trh.<\/p>\n<p>(2) Pokud jste k tomu nedali souhlas nebo pokud nejsme ze z\u00e1kona opr\u00e1vn\u011bni a\/nebo povinni tyto \u00fadaje p\u0159edat, nebudou va\u0161e \u00fadaje z\u00e1sadn\u011b poskytov\u00e1ny \u017e\u00e1dn\u00fdm jin\u00fdm stran\u00e1m k pou\u017eit\u00ed.<\/p>\n<p>(3) Je-li to pr\u00e1vn\u011b p\u0159\u00edpustn\u00e9 a nezbytn\u00e9 k dodr\u017een\u00ed platn\u00fdch pr\u00e1vn\u00edch p\u0159edpis\u016f nebo k ur\u010den\u00ed, v\u00fdkonu nebo obhajob\u011b pr\u00e1vn\u00edch n\u00e1rok\u016f, p\u0159ed\u00e1v\u00e1me osobn\u00ed \u00fadaje soud\u016fm, da\u0148ov\u00fdm \u00fa\u0159ad\u016fm a org\u00e1n\u016fm dohledu. Na ochranu va\u0161ich osobn\u00edch \u00fadaj\u016f p\u0159ijmeme ve\u0161ker\u00e1 opat\u0159en\u00ed k zaji\u0161t\u011bn\u00ed vhodn\u00fdch a p\u0159im\u011b\u0159en\u00fdch z\u00e1ruk.<\/p>\n<p><strong><strong>\u00a7 8 Doba archivace<\/strong><\/strong><\/p>\n<p>Pokud p\u0159i shroma\u017e\u010fov\u00e1n\u00ed nen\u00ed v\u00fdslovn\u011b uvedena doba archivace (nap\u0159. v r\u00e1mci prohl\u00e1\u0161en\u00ed o souhlasu), budou osobn\u00ed \u00fadaje vymaz\u00e1ny, jakmile ji\u017e nebudou pot\u0159ebn\u00e9 ke spln\u011bn\u00ed \u00fa\u010delu uchov\u00e1v\u00e1n\u00ed, pokud vymaz\u00e1n\u00ed nebr\u00e1n\u00ed z\u00e1konn\u00e9 povinnosti uchov\u00e1v\u00e1n\u00ed (nap\u0159. povinnosti uchov\u00e1v\u00e1n\u00ed podle obchodn\u00edho a da\u0148ov\u00e9ho pr\u00e1va).<\/p>\n<p><strong><strong>\u00a7 9 Pou\u017e\u00edv\u00e1n\u00ed slu\u017eby Google Analytics<\/strong><\/strong><\/p>\n<p>(1) Na\u0161e webov\u00e9 str\u00e1nky pou\u017e\u00edvaj\u00ed slu\u017ebu Google Analytics. S pou\u017e\u00edv\u00e1n\u00edm slu\u017eby Google Analytics mus\u00edte ud\u011blit sv\u016fj souhlas prost\u0159ednictv\u00edm opt-in a mus\u00edte souhlasit. Proti shroma\u017e\u010fov\u00e1n\u00ed a ukl\u00e1d\u00e1n\u00ed \u00fadaj\u016f slu\u017ebou Google Analytics m\u016f\u017eete kdykoli vzn\u00e9st n\u00e1mitku s platnost\u00ed do budoucna. Odvol\u00e1n\u00ed mus\u00ed b\u00fdt zasl\u00e1no na adresu privacy@florio.app.<\/p>\n<p>(2) Na\u0161e spole\u010dnost pou\u017e\u00edv\u00e1 slu\u017ebu Google Analytics ke shroma\u017e\u010fov\u00e1n\u00ed \u00fadaj\u016f o pou\u017e\u00edv\u00e1n\u00ed a k vytv\u00e1\u0159en\u00ed profil\u016f pou\u017e\u00edv\u00e1n\u00ed. Informace o pou\u017e\u00edv\u00e1n\u00ed webov\u00fdch str\u00e1nek na\u0161\u00ed spole\u010dnosti jsou p\u0159en\u00e1\u0161eny na servery spole\u010dnosti Google Inc., 1600 Amphitheatre Parkway, Mountain View, CA 94043, v USA, vyhodnoceny a v\u00fdhradn\u011b p\u0159ed\u00e1ny na\u0161\u00ed spole\u010dnosti jako souhrnn\u00e9 \u00fadaje vyjad\u0159uj\u00edc\u00ed trendy v obecn\u00e9m pou\u017e\u00edv\u00e1n\u00ed webov\u00fdch str\u00e1nek. Spole\u010dnost Google bude tyto informace pou\u017e\u00edvat za \u00fa\u010delem vyhodnocov\u00e1n\u00ed va\u0161eho pou\u017e\u00edv\u00e1n\u00ed webov\u00fdch str\u00e1nek, sestavov\u00e1n\u00ed zpr\u00e1v o aktivit\u011b na webov\u00fdch str\u00e1nk\u00e1ch pro provozovatele webov\u00fdch str\u00e1nek a poskytov\u00e1n\u00ed dal\u0161\u00edch slu\u017eeb souvisej\u00edc\u00edch s aktivitou na webov\u00fdch str\u00e1nk\u00e1ch a pou\u017e\u00edv\u00e1n\u00edm internetu.<\/p>\n<p>(3) Spole\u010dnost Google m\u016f\u017ee tyto informace p\u0159edat t\u0159et\u00edm stran\u00e1m, pokud to vy\u017eaduje z\u00e1kon nebo pokud tyto t\u0159et\u00ed strany zpracov\u00e1vaj\u00ed informace jm\u00e9nem spole\u010dnosti Google. Spole\u010dnost Google nebude spojovat va\u0161i IP adresu s \u017e\u00e1dn\u00fdmi jin\u00fdmi \u00fadaji, kter\u00e9 m\u00e1 k dispozici. Pou\u017e\u00edv\u00e1n\u00ed soubor\u016f cookies m\u016f\u017eete odm\u00edtnout v\u00fdb\u011brem p\u0159\u00edslu\u0161n\u00e9ho nastaven\u00ed ve sv\u00e9m prohl\u00ed\u017ee\u010di, av\u0161ak upozor\u0148ujeme, \u017ee v takov\u00e9m p\u0159\u00edpad\u011b nebudete moci vyu\u017e\u00edvat n\u011bkter\u00e9 funkce t\u011bchto webov\u00fdch str\u00e1nek.<\/p>\n<p>(4) Dal\u0161\u00ed informace o slu\u017eb\u011b Google Analytics a ochran\u011b osobn\u00edch \u00fadaj\u016f naleznete zde: http:\/\/tools.google.com\/dlpage\/gaoptout?hl=de.<\/p>\n<\/div><div class=\"fusion-clearfix\"><\/div><\/div><\/div><\/div><\/div><style type=\"text\/css\">.fusion-fullwidth.fusion-builder-row-1 a:not(.fusion-button):not(.fusion-builder-module-control):not(.fusion-social-network-icon):not(.fb-icon-element):not(.fusion-countdown-link):not(.fusion-rollover-link):not(.fusion-rollover-gallery):not(.fusion-button-bar):not(.add_to_cart_button):not(.show_details_button):not(.product_type_external):not(.fusion-quick-view):not(.fusion-rollover-title-link):not(.fusion-breadcrumb-link) , .fusion-fullwidth.fusion-builder-row-1 a:not(.fusion-button):not(.fusion-builder-module-control):not(.fusion-social-network-icon):not(.fb-icon-element):not(.fusion-countdown-link):not(.fusion-rollover-link):not(.fusion-rollover-gallery):not(.fusion-button-bar):not(.add_to_cart_button):not(.show_details_button):not(.product_type_external):not(.fusion-quick-view):not(.fusion-rollover-title-link):not(.fusion-breadcrumb-link):before, .fusion-fullwidth.fusion-builder-row-1 a:not(.fusion-button):not(.fusion-builder-module-control):not(.fusion-social-network-icon):not(.fb-icon-element):not(.fusion-countdown-link):not(.fusion-rollover-link):not(.fusion-rollover-gallery):not(.fusion-button-bar):not(.add_to_cart_button):not(.show_details_button):not(.product_type_external):not(.fusion-quick-view):not(.fusion-rollover-title-link):not(.fusion-breadcrumb-link):after {color: #5453bf;}.fusion-fullwidth.fusion-builder-row-1 a:not(.fusion-button):not(.fusion-builder-module-control):not(.fusion-social-network-icon):not(.fb-icon-element):not(.fusion-countdown-link):not(.fusion-rollover-link):not(.fusion-rollover-gallery):not(.fusion-button-bar):not(.add_to_cart_button):not(.show_details_button):not(.product_type_external):not(.fusion-quick-view):not(.fusion-rollover-title-link):not(.fusion-breadcrumb-link):hover, .fusion-fullwidth.fusion-builder-row-1 a:not(.fusion-button):not(.fusion-builder-module-control):not(.fusion-social-network-icon):not(.fb-icon-element):not(.fusion-countdown-link):not(.fusion-rollover-link):not(.fusion-rollover-gallery):not(.fusion-button-bar):not(.add_to_cart_button):not(.show_details_button):not(.product_type_external):not(.fusion-quick-view):not(.fusion-rollover-title-link):not(.fusion-breadcrumb-link):hover:before, .fusion-fullwidth.fusion-builder-row-1 a:not(.fusion-button):not(.fusion-builder-module-control):not(.fusion-social-network-icon):not(.fb-icon-element):not(.fusion-countdown-link):not(.fusion-rollover-link):not(.fusion-rollover-gallery):not(.fusion-button-bar):not(.add_to_cart_button):not(.show_details_button):not(.product_type_external):not(.fusion-quick-view):not(.fusion-rollover-title-link):not(.fusion-breadcrumb-link):hover:after {color: #35baf2;}.fusion-fullwidth.fusion-builder-row-1 .pagination a.inactive:hover, .fusion-fullwidth.fusion-builder-row-1 .fusion-filters .fusion-filter.fusion-active a {border-color: #35baf2;}.fusion-fullwidth.fusion-builder-row-1 .pagination .current {border-color: #35baf2; background-color: #35baf2;}.fusion-fullwidth.fusion-builder-row-1 .fusion-filters .fusion-filter.fusion-active a, .fusion-fullwidth.fusion-builder-row-1 .fusion-date-and-formats .fusion-format-box, .fusion-fullwidth.fusion-builder-row-1 .fusion-popover, .fusion-fullwidth.fusion-builder-row-1 .tooltip-shortcode {color: #35baf2;}#main .fusion-fullwidth.fusion-builder-row-1 .post .blog-shortcode-post-title a:hover {color: #35baf2;}<\/style>","protected":false},"excerpt":{"rendered":"","protected":false},"author":14,"featured_media":0,"parent":0,"menu_order":0,"comment_status":"closed","ping_status":"closed","template":"","meta":[],"_links":{"self":[{"href":"https:\/\/florio-haemo.com\/cz\/wp-json\/wp\/v2\/pages\/1033"}],"collection":[{"href":"https:\/\/florio-haemo.com\/cz\/wp-json\/wp\/v2\/pages"}],"about":[{"href":"https:\/\/florio-haemo.com\/cz\/wp-json\/wp\/v2\/types\/page"}],"author":[{"embeddable":true,"href":"https:\/\/florio-haemo.com\/cz\/wp-json\/wp\/v2\/users\/14"}],"replies":[{"embeddable":true,"href":"https:\/\/florio-haemo.com\/cz\/wp-json\/wp\/v2\/comments?post=1033"}],"version-history":[{"count":11,"href":"https:\/\/florio-haemo.com\/cz\/wp-json\/wp\/v2\/pages\/1033\/revisions"}],"predecessor-version":[{"id":1381,"href":"https:\/\/florio-haemo.com\/cz\/wp-json\/wp\/v2\/pages\/1033\/revisions\/1381"}],"wp:attachment":[{"href":"https:\/\/florio-haemo.com\/cz\/wp-json\/wp\/v2\/media?parent=1033"}],"curies":[{"name":"wp","href":"https:\/\/api.w.org\/{rel}","templated":true}]}}